{"id":2128,"date":"2018-07-11T09:52:10","date_gmt":"2018-07-11T07:52:10","guid":{"rendered":"https:\/\/www.packit.nl\/cookie-erklarung\/"},"modified":"2020-06-24T11:12:26","modified_gmt":"2020-06-24T09:12:26","slug":"cookie-erklarung","status":"publish","type":"page","link":"https:\/\/www.foragroup.eu\/de\/cookie-erklarung\/","title":{"rendered":"Cookie-Erkl\u00e4rung"},"content":{"rendered":"[vc_row][vc_column][vc_column_text css=&#8220;.vc_custom_1592989885391{margin-bottom: 0px !important;}&#8220;]\n<h1>Cookie-Erkl\u00e4rung<\/h1>\n[\/vc_column_text][vc_column_text css=&#8220;.vc_custom_1592989777921{margin-bottom: 0px !important;}&#8220;]\n<h3>Was ist ein Cookie?<\/h3>\n<p>Ein Cookie ist eine kleine Textdatei, die von Ihrem Browser (z.B. Internet Explorer oder Safari) auf Ihrem Ger\u00e4t (z.B. auf Ihrem Computer oder Telefon) gespeichert wird. Sie erm\u00f6glichen es Websites, Benutzerinformationen wie Einstellungen und Einstellungen zu speichern. Grunds\u00e4tzlich erm\u00f6glichen Cookies es Webseiten, sich die Benutzer und ihre bevorzugten Einstellungen f\u00fcr die jeweilige Webseite zu merken, so dass die Webseite entsprechend reagieren kann und Einsichten \u00fcber die regelm\u00e4\u00dfigen Besucher der Webseite gewonnen werden k\u00f6nnen.<\/p>\n<h3>Wie nutzt FORA Handelsgesellschaft mbH Cookies?<\/h3>\n<p>Die durch die Cookies bereitgestellten Informationen k\u00f6nnen uns helfen, das Profil unserer Besucher zu analysieren und Ihnen ein besseres Nutzererlebnis zu bieten. Bestimmte Bereiche der Website von FORA Handelsgesellschaft mbH verwenden Cookies aus bestimmten Gr\u00fcnden (z.B. f\u00fcr den korrekten Betrieb einer Bildanzeigefunktion auf Ihrem Ger\u00e4t).<\/p>\n<h3>Welche Cookies gibt es?<\/h3>\n<p>Wir unterscheiden verschiedene Arten von Cookies:<\/p>\n<ul>\n<li><strong>Funktionalit\u00e4ts-Cookies:<\/strong>\u00a0Diese sind f\u00fcr das reibungslose Funktionieren der Website notwendig. Sie sorgen beispielsweise daf\u00fcr, dass die von Ihnen gew\u00fcnschten Informationen bei jedem Besuch unserer Website schnell und korrekt angezeigt werden. F\u00fcr das Setzen von funktionalen Cookies muss keine Erlaubnis eingeholt werden.<\/li>\n<li><strong>Analytische Cookies:<\/strong>\u00a0Wir verwenden diese, um zu analysieren, wie unsere Website genutzt wird, z.B. wie oft unsere Website besucht wird, auf welcher Seite Sie auf unsere Website gelangen und welche Seiten am h\u00e4ufigsten angeklickt werden. F\u00fcr diese Cookies muss keine Zustimmung eingeholt werden, da sie Ihre Privatsph\u00e4re nicht beeintr\u00e4chtigen.<\/li>\n<li><strong>Tracking Cookies:<\/strong>\u00a0Dies sind Cookies, die Ihr Browserverhalten nachvollziehen k\u00f6nnen. Auf diese Weise k\u00f6nnen wir und Werbetreibende personalisierte Online-Anzeigen und ma\u00dfgeschneiderte Inhalte basierend auf Ihrem Surfverhalten schalten. Wir bitten um Ihre Erlaubnis, diese Cookies zu platzieren.<\/li>\n<li><strong>Social Media Plug-in Cookies:<\/strong>\u00a0 Plug-in Cookies f\u00fcr soziale Medien werden genutzt um auf unserer Website den Inhalt sozialer Medien zu zeigen. F\u00fcr das setzen dieser Cookies bitten wir um Ihre Erlaubnis.<\/li>\n<\/ul>\n<p>Wir verwenden sowohl Session-Cookies (die beim Schlie\u00dfen des Webbrowsers ablaufen) als auch dauerhafte Cookies (die auf Ihrem Ger\u00e4t verbleiben, wenn sie nicht gel\u00f6scht werden). Nachfolgend finden Sie eine \u00dcbersicht der von uns verwendeten Cookies.<\/p>\n<h3>FORA Handelsgesellschaft mbH setzt die folgenden Cookies:<br \/>\nanalytische Cookies:<\/h3>\n<table>\n<tbody>\n<tr>\n<td><strong>Welche Partei setzte den Cookie? <\/strong><\/td>\n<td><strong>Name des Cookies<\/strong><\/td>\n<td><strong>Ziel <\/strong><\/td>\n<td><strong>Bitten wir daf\u00fcr um Erlaubnis? <\/strong><\/td>\n<td><strong>Wie lange wird der Cookie gespeichert?<\/strong><\/td>\n<\/tr>\n<tr>\n<td width=\"142\">Google<\/td>\n<td width=\"142\">_gid<\/td>\n<td width=\"379\">Verwendet um Nutzer zu unterscheiden<\/td>\n<td width=\"141\">Nein, au\u00dfer es hat Folgen f\u00fcr den Datenschutz<\/td>\n<td width=\"141\">24 Stunden<\/td>\n<\/tr>\n<tr>\n<td width=\"142\">Google<\/td>\n<td width=\"142\">_ga<\/td>\n<td width=\"379\">Verwendet um Nutzer zu unterscheiden<\/td>\n<td width=\"141\">Nein, au\u00dfer es hat Folgen f\u00fcr den Datenschutz<\/td>\n<td width=\"141\">2 Jahre<\/td>\n<\/tr>\n<\/tbody>\n<\/table>\n<h3>Cookies von Dritten<\/h3>\n<p>Es ist m\u00f6glich, dass w\u00e4hrend Ihres Besuchs auf der Website von FORA Handelsgesellschaft mbH eine Reihe von Cookies aktiv sind, die nichts mit FORA Handelsgesellschaft mbH oder seinen Lieferanten zu tun haben. Wenn Sie eine Seite mit eingebetteten Inhalten von YouTube oder Flickr besuchen, werden Ihnen m\u00f6glicherweise Cookies von diesen Websites angeboten. FORA Handelsgesellschaft mbH hat keine Kontrolle \u00fcber diese Cookies. Weitere Informationen zu diesen Cookies finden Sie auf den entsprechenden Websites dieser Drittanbieter.<\/p>\n<h3>Cookies L\u00f6schen<\/h3>\n<p>FORA Handelsgesellschaft mbH verwendet niemals Cookies, um Informationen \u00fcber Sie zu sammeln, die Sie pers\u00f6nlich identifizieren. Wenn Sie jedoch die von der Website von FORA Handelsgesellschaft mbH oder anderen Websites gesetzten Cookies einschr\u00e4nken oder blockieren m\u00f6chten, k\u00f6nnen Sie dies \u00fcber Ihre Browsereinstellungen tun. Die Hilfefunktion Ihres Browsers kann Ihnen dabei helfen, oder Sie k\u00f6nnen einen der folgenden Links verwenden:<\/p>\n<p><a href=\"https:\/\/support.microsoft.com\/nl-nl\/kb\/278835\">Cookie-Einstellungen f\u00fcr Internet Explorer<\/a><\/p>\n<ul>\n<li><a href=\"http:\/\/support.mozilla.org\/en-US\/kb\/cookies-information-websites-store-on-your-computer?redirectlocale=en-US&amp;redirectslug=Cookies\">Cookie-Einstellungen f\u00fcr Firefox<\/a><\/li>\n<li><a href=\"http:\/\/support.google.com\/chrome\/bin\/answer.py?hl=en&amp;answer=95647\">Cookie-Einstellungen f\u00fcr Chrome<\/a><\/li>\n<li><a href=\"http:\/\/support.apple.com\/kb\/HT1677\">Cookie-Einstellungen f\u00fcr Safari mobile auf iOS<\/a><\/li>\n<\/ul>\n<p>Das Einschr\u00e4nken der Cookies kann die Funktionalit\u00e4t der Website von FORA Handelsgesellschaft mbH beeinflussen.<\/p>\n<h3>N\u00fctzliche Links<\/h3>\n<p>F\u00fcr weitere Informationen \u00fcber Cookies k\u00f6nnen Sie au\u00dferdem die folgenden Links nutzen:<\/p>\n<ul>\n<li><a href=\"http:\/\/www.microsoft.com\/info\/cookies.mspx\">Microsoft Cookies guide<\/a><\/li>\n<li><a href=\"http:\/\/www.allaboutcookies.org\/\">All About Cookies<\/a><\/li>\n<\/ul>\n<p>F\u00fcr weitere juristische Informationen \u00fcber Datenschutz k\u00f6nnen Sie die folgenden Links nutzen:<\/p>\n<ul>\n<li><a href=\"http:\/\/www.legislation.gov.uk\/ukpga\/1998\/29\/contents\">EU Legislation on Cookies<\/a><\/li>\n<li><a href=\"https:\/\/ico.org.uk\/\">The Information Commissioner&#8217;s Office<\/a><\/li>\n<\/ul>\n<p>FORA Handelsgesellschaft mbH ist nicht verantwortlich f\u00fcr den Inhalt externer Websites.<\/p>\n<p>Dieses Cookie-Statement wurde am 23.06.2020 publiziert.<br \/>\nWir arbeiten kontinuierlich daran, dieses zu verbessern und zu erg\u00e4nzen.<br \/>\nWir raten Ihnen daher, dieses Statement regelm\u00e4\u00dfig zu lesen um stets auf dem aktuellsten Stand eventueller \u00c4nderungen zu sein.[\/vc_column_text][\/vc_column][\/vc_row]\n","protected":false},"excerpt":{"rendered":"<p>[vc_row][vc_column][vc_column_text css=&#8220;.vc_custom_1592989885391{margin-bottom: 0px !important;}&#8220;] Cookie-Erkl\u00e4rung [\/vc_column_text][vc_column_text css=&#8220;.vc_custom_1592989777921{margin-bottom: 0px !important;}&#8220;] Was ist ein Cookie? Ein Cookie ist eine kleine Textdatei, die von Ihrem Browser (z.B. Internet Explorer oder Safari) auf Ihrem Ger\u00e4t (z.B. auf Ihrem Computer oder Telefon) gespeichert wird. Sie erm\u00f6glichen es Websites, Benutzerinformationen wie Einstellungen und Einstellungen zu speichern. Grunds\u00e4tzlich erm\u00f6glichen Cookies es Webseiten, [&hellip;]<\/p>\n","protected":false},"author":4,"featured_media":0,"parent":0,"menu_order":0,"comment_status":"closed","ping_status":"closed","template":"","meta":{"inline_featured_image":false,"footnotes":""},"yoast_head":"<!-- This site is optimized with the Yoast SEO plugin v21.8 - https:\/\/yoast.com\/wordpress\/plugins\/seo\/ -->\n<title>Cookie-Erkl\u00e4rung - FORA<\/title>\n<meta name=\"robots\" content=\"index, follow, max-snippet:-1, max-image-preview:large, max-video-preview:-1\" \/>\n<link rel=\"canonical\" href=\"https:\/\/www.foragroup.eu\/de\/cookie-erklarung\/\" \/>\n<meta property=\"og:locale\" content=\"de_DE\" \/>\n<meta property=\"og:type\" content=\"article\" \/>\n<meta property=\"og:title\" content=\"Cookie-Erkl\u00e4rung - FORA\" \/>\n<meta property=\"og:description\" content=\"[vc_row][vc_column][vc_column_text css=&#8220;.vc_custom_1592989885391{margin-bottom: 0px !important;}&#8220;] Cookie-Erkl\u00e4rung [\/vc_column_text][vc_column_text css=&#8220;.vc_custom_1592989777921{margin-bottom: 0px !important;}&#8220;] Was ist ein Cookie? Ein Cookie ist eine kleine Textdatei, die von Ihrem Browser (z.B. Internet Explorer oder Safari) auf Ihrem Ger\u00e4t (z.B. auf Ihrem Computer oder Telefon) gespeichert wird. Sie erm\u00f6glichen es Websites, Benutzerinformationen wie Einstellungen und Einstellungen zu speichern. Grunds\u00e4tzlich erm\u00f6glichen Cookies es Webseiten, [&hellip;]\" \/>\n<meta property=\"og:url\" content=\"https:\/\/www.foragroup.eu\/de\/cookie-erklarung\/\" \/>\n<meta property=\"og:site_name\" content=\"FORA\" \/>\n<meta property=\"article:modified_time\" content=\"2020-06-24T09:12:26+00:00\" \/>\n<meta name=\"twitter:label1\" content=\"Gesch\u00e4tzte Lesezeit\" \/>\n\t<meta name=\"twitter:data1\" content=\"4\u00a0Minuten\" \/>\n<script type=\"application\/ld+json\" class=\"yoast-schema-graph\">{\"@context\":\"https:\/\/schema.org\",\"@graph\":[{\"@type\":\"WebPage\",\"@id\":\"https:\/\/www.foragroup.eu\/de\/cookie-erklarung\/\",\"url\":\"https:\/\/www.foragroup.eu\/de\/cookie-erklarung\/\",\"name\":\"Cookie-Erkl\u00e4rung - FORA\",\"isPartOf\":{\"@id\":\"https:\/\/www.foragroup.eu\/de\/#website\"},\"datePublished\":\"2018-07-11T07:52:10+00:00\",\"dateModified\":\"2020-06-24T09:12:26+00:00\",\"breadcrumb\":{\"@id\":\"https:\/\/www.foragroup.eu\/de\/cookie-erklarung\/#breadcrumb\"},\"inLanguage\":\"de\",\"potentialAction\":[{\"@type\":\"ReadAction\",\"target\":[\"https:\/\/www.foragroup.eu\/de\/cookie-erklarung\/\"]}]},{\"@type\":\"BreadcrumbList\",\"@id\":\"https:\/\/www.foragroup.eu\/de\/cookie-erklarung\/#breadcrumb\",\"itemListElement\":[{\"@type\":\"ListItem\",\"position\":1,\"name\":\"Home\",\"item\":\"https:\/\/www.foragroup.eu\/de\/\"},{\"@type\":\"ListItem\",\"position\":2,\"name\":\"Cookie-Erkl\u00e4rung\"}]},{\"@type\":\"WebSite\",\"@id\":\"https:\/\/www.foragroup.eu\/de\/#website\",\"url\":\"https:\/\/www.foragroup.eu\/de\/\",\"name\":\"FORA\",\"description\":\"Hoogwaardige verpakkingen en disposables\",\"potentialAction\":[{\"@type\":\"SearchAction\",\"target\":{\"@type\":\"EntryPoint\",\"urlTemplate\":\"https:\/\/www.foragroup.eu\/de\/?s={search_term_string}\"},\"query-input\":\"required name=search_term_string\"}],\"inLanguage\":\"de\"}]}<\/script>\n<!-- \/ Yoast SEO plugin. -->","yoast_head_json":{"title":"Cookie-Erkl\u00e4rung - FORA","robots":{"index":"index","follow":"follow","max-snippet":"max-snippet:-1","max-image-preview":"max-image-preview:large","max-video-preview":"max-video-preview:-1"},"canonical":"https:\/\/www.foragroup.eu\/de\/cookie-erklarung\/","og_locale":"de_DE","og_type":"article","og_title":"Cookie-Erkl\u00e4rung - FORA","og_description":"[vc_row][vc_column][vc_column_text css=&#8220;.vc_custom_1592989885391{margin-bottom: 0px !important;}&#8220;] Cookie-Erkl\u00e4rung [\/vc_column_text][vc_column_text css=&#8220;.vc_custom_1592989777921{margin-bottom: 0px !important;}&#8220;] Was ist ein Cookie? Ein Cookie ist eine kleine Textdatei, die von Ihrem Browser (z.B. Internet Explorer oder Safari) auf Ihrem Ger\u00e4t (z.B. auf Ihrem Computer oder Telefon) gespeichert wird. Sie erm\u00f6glichen es Websites, Benutzerinformationen wie Einstellungen und Einstellungen zu speichern. Grunds\u00e4tzlich erm\u00f6glichen Cookies es Webseiten, [&hellip;]","og_url":"https:\/\/www.foragroup.eu\/de\/cookie-erklarung\/","og_site_name":"FORA","article_modified_time":"2020-06-24T09:12:26+00:00","twitter_misc":{"Gesch\u00e4tzte Lesezeit":"4\u00a0Minuten"},"schema":{"@context":"https:\/\/schema.org","@graph":[{"@type":"WebPage","@id":"https:\/\/www.foragroup.eu\/de\/cookie-erklarung\/","url":"https:\/\/www.foragroup.eu\/de\/cookie-erklarung\/","name":"Cookie-Erkl\u00e4rung - FORA","isPartOf":{"@id":"https:\/\/www.foragroup.eu\/de\/#website"},"datePublished":"2018-07-11T07:52:10+00:00","dateModified":"2020-06-24T09:12:26+00:00","breadcrumb":{"@id":"https:\/\/www.foragroup.eu\/de\/cookie-erklarung\/#breadcrumb"},"inLanguage":"de","potentialAction":[{"@type":"ReadAction","target":["https:\/\/www.foragroup.eu\/de\/cookie-erklarung\/"]}]},{"@type":"BreadcrumbList","@id":"https:\/\/www.foragroup.eu\/de\/cookie-erklarung\/#breadcrumb","itemListElement":[{"@type":"ListItem","position":1,"name":"Home","item":"https:\/\/www.foragroup.eu\/de\/"},{"@type":"ListItem","position":2,"name":"Cookie-Erkl\u00e4rung"}]},{"@type":"WebSite","@id":"https:\/\/www.foragroup.eu\/de\/#website","url":"https:\/\/www.foragroup.eu\/de\/","name":"FORA","description":"Hoogwaardige verpakkingen en disposables","potentialAction":[{"@type":"SearchAction","target":{"@type":"EntryPoint","urlTemplate":"https:\/\/www.foragroup.eu\/de\/?s={search_term_string}"},"query-input":"required name=search_term_string"}],"inLanguage":"de"}]}},"_links":{"self":[{"href":"https:\/\/www.foragroup.eu\/de\/wp-json\/wp\/v2\/pages\/2128"}],"collection":[{"href":"https:\/\/www.foragroup.eu\/de\/wp-json\/wp\/v2\/pages"}],"about":[{"href":"https:\/\/www.foragroup.eu\/de\/wp-json\/wp\/v2\/types\/page"}],"author":[{"embeddable":true,"href":"https:\/\/www.foragroup.eu\/de\/wp-json\/wp\/v2\/users\/4"}],"replies":[{"embeddable":true,"href":"https:\/\/www.foragroup.eu\/de\/wp-json\/wp\/v2\/comments?post=2128"}],"version-history":[{"count":4,"href":"https:\/\/www.foragroup.eu\/de\/wp-json\/wp\/v2\/pages\/2128\/revisions"}],"predecessor-version":[{"id":3867,"href":"https:\/\/www.foragroup.eu\/de\/wp-json\/wp\/v2\/pages\/2128\/revisions\/3867"}],"wp:attachment":[{"href":"https:\/\/www.foragroup.eu\/de\/wp-json\/wp\/v2\/media?parent=2128"}],"curies":[{"name":"wp","href":"https:\/\/api.w.org\/{rel}","templated":true}]}}