{"id":3877,"date":"2020-06-24T11:48:06","date_gmt":"2020-06-24T09:48:06","guid":{"rendered":"https:\/\/www.foragroup.eu\/fora\/"},"modified":"2023-09-11T12:35:08","modified_gmt":"2023-09-11T10:35:08","slug":"fora","status":"publish","type":"page","link":"https:\/\/www.foragroup.eu\/de\/fora\/","title":{"rendered":"FORA"},"content":{"rendered":"[vc_row fullwidth=&#8220;true&#8220; equal_columns=&#8220;true&#8220; attached=&#8220;true&#8220; id=&#8220;about-fora&#8220;][vc_column width=&#8220;1\/2&#8243; el_class=&#8220;midden-verticaal&#8220;][mk_padding_divider size=&#8220;60&#8243;][mk_padding_divider size=&#8220;120&#8243; visibility=&#8220;visible-tl&#8220;][vc_video link=&#8220;https:\/\/youtu.be\/dRCdAlhIL4s&#8220;][mk_padding_divider size=&#8220;120&#8243; visibility=&#8220;visible-tl&#8220;][\/vc_column][vc_column width=&#8220;1\/2&#8243;][mk_custom_box padding_vertical=&#8220;40&#8243; padding_horizental=&#8220;80&#8243; margin_bottom=&#8220;0&#8243; min_height=&#8220;700&#8243; bg_stretch=&#8220;false&#8220;][mk_fancy_title tag_name=&#8220;h3&#8243; color=&#8220;#2c2c2c&#8220; size=&#8220;44&#8243; force_font_size=&#8220;true&#8220; size_tablet=&#8220;25&#8243; size_phone=&#8220;25&#8243; font_weight=&#8220;300&#8243; txt_transform=&#8220;capitalize&#8220; letter_spacing=&#8220;1&#8243; margin_top=&#8220;100&#8243; margin_bottom=&#8220;5&#8243; font_family=&#8220;none&#8220; animation=&#8220;bottom-to-top&#8220;]\u00dcber FORA[\/mk_fancy_title][mk_title_box color=&#8220;#553178&#8243; size=&#8220;22&#8243; line_height=&#8220;40&#8243; font_family=&#8220;none&#8220;]Seit \u00fcber 40 Jahren beliefern wir unsere Kunden mit einem gro\u00dfen Sortiment an Haushaltsprodukten aus den Bereichen Haushaltsfolien, Beuteln f\u00fcr Lebensmittel, M\u00fcllbeuteln und Einwegartikeln. Heute sind wir einer der Marktf\u00fchrer im Einzel- und Gro\u00dfhandel mit unseren Marken Dumil, Julia, Smile, sowie Private Label.[\/mk_title_box][vc_column_text css=&#8220;.vc_custom_1694428358112{margin-bottom: 0px !important;}&#8220;]Unserer besonderer Augenmerk liegt auf den Interessen der Konsumenten, der Marktentwicklung und der M\u00f6glichkeit das gesamte Sortiment zu produzieren und\/oder zu beschaffen. Dies bringt uns in eine einmalige Position auf dem gesamten Markt. Wir achten auf alle Schritte der Wertsch\u00f6pfungskette und \u00fcbernehmen unseren Teil der Verantwortung gegen\u00fcber der Gesellschaft und der Umwelt.<\/p>\n<p>Die gelungene Mischung aus eigenen Produktionsm\u00f6glichkeiten und weltweit strategisch optimal platzierten Zulieferern erm\u00f6glicht uns eine schnelle Reaktion auf ver\u00e4nderte Marktsituationen. Unsere Produktions-, Marketing- und Vertriebsspezialisten helfen Ihnen und uns das Ziel zu erreichen und als zuverl\u00e4ssiger Gesch\u00e4ftspartner auf dem europ\u00e4ischen Markt zu agieren.[\/vc_column_text][\/mk_custom_box][\/vc_column][\/vc_row][mk_page_section bg_color=&#8220;rgba(162,201,98,0.08)&#8220; bg_repeat=&#8220;no-repeat&#8220; bg_stretch=&#8220;true&#8220; padding_top=&#8220;55&#8243; padding_bottom=&#8220;55&#8243; top_shape_color=&#8220;#ffffff&#8220; bottom_shape_color=&#8220;#ffffff&#8220; section_id=&#8220;our-assets&#8220; sidebar=&#8220;sidebar-1&#8243;][vc_column][mk_padding_divider][mk_fancy_title tag_name=&#8220;h3&#8243; color=&#8220;#a2c962&#8243; size=&#8220;36&#8243; force_font_size=&#8220;true&#8220; size_tablet=&#8220;25&#8243; size_phone=&#8220;25&#8243; font_weight=&#8220;400&#8243; letter_spacing=&#8220;1&#8243; margin_top=&#8220;11&#8243; margin_bottom=&#8220;11&#8243; font_family=&#8220;none&#8220; align=&#8220;center&#8220; animation=&#8220;bottom-to-top&#8220;]Unsere St\u00e4rken[\/mk_fancy_title][mk_padding_divider][vc_row_inner attached=&#8220;true&#8220; column_padding=&#8220;2&#8243;][vc_column_inner width=&#8220;1\/4&#8243;][mk_image src=&#8220;http:\/\/www.foragroup.eu\/wp-content\/uploads\/2020\/02\/300.png&#8220; image_size=&#8220;full&#8220; align=&#8220;center&#8220;][mk_fancy_title tag_name=&#8220;h4&#8243; color=&#8220;#000000&#8243; size=&#8220;22&#8243; font_weight=&#8220;400&#8243; txt_transform=&#8220;none&#8220; letter_spacing=&#8220;1&#8243; margin_top=&#8220;20&#8243; margin_bottom=&#8220;0&#8243; font_family=&#8220;none&#8220; align=&#8220;center&#8220;]\n<p style=\"text-align: center;\">\u00dcber \u20ac300 Millionen j\u00e4hrlicher Verbraucherwert<\/p>\n[\/mk_fancy_title][\/vc_column_inner][vc_column_inner width=&#8220;1\/4&#8243;][mk_image src=&#8220;http:\/\/www.foragroup.eu\/wp-content\/uploads\/2020\/02\/20-european-countries.png&#8220; image_size=&#8220;full&#8220; align=&#8220;center&#8220;][mk_fancy_title tag_name=&#8220;h4&#8243; color=&#8220;#000000&#8243; size=&#8220;22&#8243; font_weight=&#8220;400&#8243; txt_transform=&#8220;none&#8220; letter_spacing=&#8220;1&#8243; margin_top=&#8220;20&#8243; margin_bottom=&#8220;0&#8243; font_family=&#8220;none&#8220; align=&#8220;center&#8220;]\n<p style=\"text-align: center;\">Vertreten in \u00fcber 20 europ\u00e4ischen L\u00e4ndern<\/p>\n[\/mk_fancy_title][\/vc_column_inner][vc_column_inner width=&#8220;1\/4&#8243;][mk_image src=&#8220;http:\/\/www.foragroup.eu\/wp-content\/uploads\/2020\/02\/marketing-intelligence.png&#8220; image_size=&#8220;full&#8220; align=&#8220;center&#8220;][mk_fancy_title tag_name=&#8220;h4&#8243; color=&#8220;#000000&#8243; size=&#8220;22&#8243; font_weight=&#8220;400&#8243; txt_transform=&#8220;none&#8220; letter_spacing=&#8220;1&#8243; margin_top=&#8220;20&#8243; margin_bottom=&#8220;0&#8243; font_family=&#8220;none&#8220; align=&#8220;center&#8220;]\n<p style=\"text-align: center;\">Marktkenntnisse im Einzelhandel und foodservice<\/p>\n[\/mk_fancy_title][\/vc_column_inner][vc_column_inner width=&#8220;1\/4&#8243;][mk_image src=&#8220;http:\/\/www.foragroup.eu\/wp-content\/uploads\/2020\/05\/portfolio-brands.png&#8220; image_size=&#8220;full&#8220; align=&#8220;center&#8220;][mk_fancy_title tag_name=&#8220;h4&#8243; color=&#8220;#000000&#8243; size=&#8220;22&#8243; font_weight=&#8220;400&#8243; txt_transform=&#8220;none&#8220; letter_spacing=&#8220;1&#8243; margin_top=&#8220;20&#8243; margin_bottom=&#8220;0&#8243; font_family=&#8220;none&#8220; align=&#8220;center&#8220;]\n<p style=\"text-align: center;\">Produktpalette an Eigenmarken<\/p>\n[\/mk_fancy_title][\/vc_column_inner][\/vc_row_inner][mk_padding_divider size=&#8220;70&#8243;][vc_row_inner][vc_column_inner width=&#8220;1\/4&#8243;][mk_image src=&#8220;http:\/\/www.foragroup.eu\/wp-content\/uploads\/2020\/05\/bakkery3.png&#8220; image_size=&#8220;full&#8220; align=&#8220;center&#8220;][mk_fancy_title tag_name=&#8220;h4&#8243; color=&#8220;#000000&#8243; size=&#8220;22&#8243; font_weight=&#8220;400&#8243; txt_transform=&#8220;none&#8220; letter_spacing=&#8220;1&#8243; margin_top=&#8220;20&#8243; margin_bottom=&#8220;0&#8243; font_family=&#8220;none&#8220; align=&#8220;center&#8220;]\n<p style=\"text-align: center;\">Eigene Produktion in Folien und Backpapier<\/p>\n[\/mk_fancy_title][\/vc_column_inner][vc_column_inner width=&#8220;1\/4&#8243;][mk_image src=&#8220;http:\/\/www.foragroup.eu\/wp-content\/uploads\/2020\/02\/50.png&#8220; image_size=&#8220;full&#8220; align=&#8220;center&#8220;][mk_fancy_title tag_name=&#8220;h4&#8243; color=&#8220;#000000&#8243; size=&#8220;22&#8243; font_weight=&#8220;400&#8243; txt_transform=&#8220;none&#8220; letter_spacing=&#8220;1&#8243; margin_top=&#8220;20&#8243; margin_bottom=&#8220;0&#8243; font_family=&#8220;none&#8220; align=&#8220;center&#8220;]\n<p style=\"text-align: center;\">\u00dcber 50 Zulieferbetriebe weltweit<\/p>\n[\/mk_fancy_title][\/vc_column_inner][vc_column_inner width=&#8220;1\/4&#8243;][mk_image src=&#8220;http:\/\/www.foragroup.eu\/wp-content\/uploads\/2020\/02\/testing.png&#8220; image_size=&#8220;full&#8220; align=&#8220;center&#8220;][mk_fancy_title tag_name=&#8220;h4&#8243; color=&#8220;#000000&#8243; size=&#8220;22&#8243; font_weight=&#8220;400&#8243; txt_transform=&#8220;none&#8220; letter_spacing=&#8220;1&#8243; margin_top=&#8220;20&#8243; margin_bottom=&#8220;0&#8243; font_family=&#8220;none&#8220; align=&#8220;center&#8220;]\n<p style=\"text-align: center;\">Dauerhafte Qualit\u00e4tskontrolle im eigenen Labor<\/p>\n[\/mk_fancy_title][\/vc_column_inner][vc_column_inner width=&#8220;1\/4&#8243;][mk_image src=&#8220;http:\/\/www.foragroup.eu\/wp-content\/uploads\/2020\/02\/strategic-warehousing.png&#8220; image_size=&#8220;full&#8220; align=&#8220;center&#8220;][mk_fancy_title tag_name=&#8220;h4&#8243; color=&#8220;#000000&#8243; size=&#8220;22&#8243; font_weight=&#8220;400&#8243; txt_transform=&#8220;none&#8220; letter_spacing=&#8220;1&#8243; margin_top=&#8220;20&#8243; margin_bottom=&#8220;0&#8243; font_family=&#8220;none&#8220; align=&#8220;center&#8220;]\n<p style=\"text-align: center;\">Strategische Lagerung &amp; Vertriebspartner<\/p>\n[\/mk_fancy_title][\/vc_column_inner][\/vc_row_inner][mk_padding_divider][\/vc_column][\/mk_page_section][vc_row id=&#8220;our-values&#8220;][vc_column][mk_padding_divider][mk_fancy_title tag_name=&#8220;h3&#8243; color=&#8220;#a2c962&#8243; size=&#8220;36&#8243; force_font_size=&#8220;true&#8220; size_tablet=&#8220;25&#8243; size_phone=&#8220;25&#8243; font_weight=&#8220;400&#8243; letter_spacing=&#8220;1&#8243; margin_top=&#8220;11&#8243; margin_bottom=&#8220;11&#8243; font_family=&#8220;none&#8220; align=&#8220;center&#8220; animation=&#8220;bottom-to-top&#8220;]Unser Leitbild[\/mk_fancy_title][mk_padding_divider][vc_row_inner][vc_column_inner width=&#8220;1\/12&#8243; css=&#8220;.vc_custom_1581419861281{padding-top: 60px !important;}&#8220;][\/vc_column_inner][vc_column_inner width=&#8220;6\/12&#8243;][mk_image src=&#8220;http:\/\/www.foragroup.eu\/wp-content\/uploads\/2020\/01\/our-values.png&#8220; image_size=&#8220;large&#8220; align=&#8220;center&#8220; margin_bottom=&#8220;0&#8243;][\/vc_column_inner][vc_column_inner width=&#8220;4\/12&#8243;][mk_title_box line_height=&#8220;30&#8243; font_family=&#8220;none&#8220;]<strong>Category Profit<\/strong><\/p>\n<p>Wir entwickeln profitable und nachhaltige Sparten f\u00fcr unsere Kunden in dem wir die wichtigsten Kundenw\u00fcnsche aufnehmen und umsetzen[\/mk_title_box][mk_title_box line_height=&#8220;30&#8243; font_family=&#8220;none&#8220;]<strong>Consumer Delight<\/strong><\/p>\n<p>Dadurch das wir die Bed\u00fcrfnisse der Endverbraucher in den Mittelpunkt stellen schaffen wir eine optimale Kundenzufriedenheit[\/mk_title_box][mk_title_box line_height=&#8220;30&#8243; font_family=&#8220;none&#8220;]<strong>Convenient Operation<\/strong><\/p>\n<p>Wir unterst\u00fctzen die Zuliefer- und Wertsch\u00f6pfungskette von und mit unseren Partnern um einen bequemen und reibungslosen Ablauf f\u00fcr unsere Kunden zu gew\u00e4hrleisten[\/mk_title_box][\/vc_column_inner][vc_column_inner width=&#8220;1\/12&#8243;][\/vc_column_inner][\/vc_row_inner][mk_padding_divider][\/vc_column][\/vc_row][vc_row fullwidth=&#8220;true&#8220; id=&#8220;our-markets&#8220;][vc_column][mk_padding_divider size=&#8220;60&#8243;][mk_fancy_title tag_name=&#8220;h3&#8243; color=&#8220;#a2c962&#8243; size=&#8220;36&#8243; force_font_size=&#8220;true&#8220; size_tablet=&#8220;25&#8243; size_phone=&#8220;25&#8243; font_weight=&#8220;400&#8243; letter_spacing=&#8220;1&#8243; margin_top=&#8220;11&#8243; margin_bottom=&#8220;11&#8243; font_family=&#8220;none&#8220; align=&#8220;center&#8220; animation=&#8220;bottom-to-top&#8220;]Unsere Abnehmer[\/mk_fancy_title][\/vc_column][\/vc_row][vc_row][vc_column width=&#8220;1\/3&#8243;][mk_image_switch src_first=&#8220;http:\/\/www.foragroup.eu\/wp-content\/uploads\/2020\/05\/markets.jpg&#8220; src_second=&#8220;http:\/\/www.foragroup.eu\/wp-content\/uploads\/2020\/05\/markets2.jpg&#8220; hover_animation=&#8220;fading&#8220; image_width=&#8220;300&#8243; image_height=&#8220;300&#8243; crop=&#8220;false&#8220; align=&#8220;center&#8220;][\/vc_column][vc_column width=&#8220;1\/3&#8243;][mk_image_switch src_first=&#8220;http:\/\/www.foragroup.eu\/wp-content\/uploads\/2020\/05\/markets3.jpg&#8220; src_second=&#8220;http:\/\/www.foragroup.eu\/wp-content\/uploads\/2020\/05\/markets4.jpg&#8220; hover_animation=&#8220;fading&#8220; image_width=&#8220;300&#8243; image_height=&#8220;300&#8243; crop=&#8220;false&#8220; align=&#8220;center&#8220;][\/vc_column][vc_column width=&#8220;1\/3&#8243;][mk_image_switch src_first=&#8220;http:\/\/www.foragroup.eu\/wp-content\/uploads\/2020\/05\/markets5.jpg&#8220; src_second=&#8220;http:\/\/www.foragroup.eu\/wp-content\/uploads\/2020\/05\/markets6.jpg&#8220; hover_animation=&#8220;fading&#8220; image_width=&#8220;300&#8243; image_height=&#8220;300&#8243; crop=&#8220;false&#8220; align=&#8220;center&#8220;][\/vc_column][\/vc_row][vc_row][vc_column][mk_padding_divider size=&#8220;100&#8243;][\/vc_column][\/vc_row][mk_page_section bg_color=&#8220;rgba(162,201,98,0.08)&#8220; bg_repeat=&#8220;no-repeat&#8220; bg_stretch=&#8220;true&#8220; padding_top=&#8220;55&#8243; padding_bottom=&#8220;55&#8243; top_shape_color=&#8220;#ffffff&#8220; bottom_shape_color=&#8220;#ffffff&#8220; section_id=&#8220;our-assets&#8220; sidebar=&#8220;sidebar-1&#8243;][vc_column][mk_padding_divider][mk_fancy_title tag_name=&#8220;h3&#8243; color=&#8220;#a2c962&#8243; size=&#8220;36&#8243; force_font_size=&#8220;true&#8220; size_tablet=&#8220;25&#8243; size_phone=&#8220;25&#8243; font_weight=&#8220;400&#8243; letter_spacing=&#8220;1&#8243; margin_top=&#8220;11&#8243; margin_bottom=&#8220;11&#8243; font_family=&#8220;none&#8220; align=&#8220;center&#8220; animation=&#8220;bottom-to-top&#8220;]Unsere Gruppe[\/mk_fancy_title][vc_column_text css=&#8220;.vc_custom_1594631115592{margin-bottom: 0px !important;}&#8220;]\n<p style=\"text-align: center;\">Die Pack-It B.V., die FORA Folienfabrik GmbH und die FORA Handelsgesellschaft mbH sind Teil einer Gruppe eng zusammenarbeitender Unternehmen. Die Zusammenarbeit zwischen unseren Organisationen erm\u00f6glicht es uns, unsere Produktions-, Marketing- und Einkaufsinformationen innerhalb der Gruppe zu teilen und unsere Kunden sowohl auf nationaler als auch auf internationaler Ebene noch effektiefer und professioneller zu bedienen.<\/p>\n[\/vc_column_text][mk_padding_divider][vc_single_image image=&#8220;4173&#8243; img_size=&#8220;full&#8220; alignment=&#8220;center&#8220;][mk_padding_divider size=&#8220;30&#8243;][\/vc_column][\/mk_page_section]\n","protected":false},"excerpt":{"rendered":"<p>[vc_row fullwidth=&#8220;true&#8220; equal_columns=&#8220;true&#8220; attached=&#8220;true&#8220; id=&#8220;about-fora&#8220;][vc_column width=&#8220;1\/2&#8243; el_class=&#8220;midden-verticaal&#8220;][mk_padding_divider size=&#8220;60&#8243;][mk_padding_divider size=&#8220;120&#8243; visibility=&#8220;visible-tl&#8220;][vc_video link=&#8220;https:\/\/youtu.be\/dRCdAlhIL4s&#8220;][mk_padding_divider size=&#8220;120&#8243; visibility=&#8220;visible-tl&#8220;][\/vc_column][vc_column width=&#8220;1\/2&#8243;][mk_custom_box padding_vertical=&#8220;40&#8243; padding_horizental=&#8220;80&#8243; margin_bottom=&#8220;0&#8243; min_height=&#8220;700&#8243; bg_stretch=&#8220;false&#8220;][mk_fancy_title tag_name=&#8220;h3&#8243; color=&#8220;#2c2c2c&#8220; size=&#8220;44&#8243; force_font_size=&#8220;true&#8220; size_tablet=&#8220;25&#8243; size_phone=&#8220;25&#8243; font_weight=&#8220;300&#8243; txt_transform=&#8220;capitalize&#8220; letter_spacing=&#8220;1&#8243; margin_top=&#8220;100&#8243; margin_bottom=&#8220;5&#8243; font_family=&#8220;none&#8220; animation=&#8220;bottom-to-top&#8220;]\u00dcber FORA[\/mk_fancy_title][mk_title_box color=&#8220;#553178&#8243; size=&#8220;22&#8243; line_height=&#8220;40&#8243; font_family=&#8220;none&#8220;]Seit \u00fcber 40 Jahren beliefern wir unsere Kunden mit einem gro\u00dfen Sortiment an Haushaltsprodukten aus den Bereichen Haushaltsfolien, Beuteln [&hellip;]<\/p>\n","protected":false},"author":3,"featured_media":0,"parent":0,"menu_order":32,"comment_status":"closed","ping_status":"closed","template":"","meta":{"inline_featured_image":false,"footnotes":""},"yoast_head":"<!-- This site is optimized with the Yoast SEO plugin v21.8 - https:\/\/yoast.com\/wordpress\/plugins\/seo\/ -->\n<title>FORA - FORA<\/title>\n<meta name=\"robots\" content=\"index, follow, max-snippet:-1, max-image-preview:large, max-video-preview:-1\" \/>\n<link rel=\"canonical\" href=\"https:\/\/www.foragroup.eu\/de\/fora\/\" \/>\n<meta property=\"og:locale\" content=\"de_DE\" \/>\n<meta property=\"og:type\" content=\"article\" \/>\n<meta property=\"og:title\" content=\"FORA - FORA\" \/>\n<meta property=\"og:description\" content=\"[vc_row fullwidth=&#8220;true&#8220; equal_columns=&#8220;true&#8220; attached=&#8220;true&#8220; id=&#8220;about-fora&#8220;][vc_column width=&#8220;1\/2&#8243; el_class=&#8220;midden-verticaal&#8220;][mk_padding_divider size=&#8220;60&#8243;][mk_padding_divider size=&#8220;120&#8243; visibility=&#8220;visible-tl&#8220;][vc_video link=&#8220;https:\/\/youtu.be\/dRCdAlhIL4s&#8220;][mk_padding_divider size=&#8220;120&#8243; visibility=&#8220;visible-tl&#8220;][\/vc_column][vc_column width=&#8220;1\/2&#8243;][mk_custom_box padding_vertical=&#8220;40&#8243; padding_horizental=&#8220;80&#8243; margin_bottom=&#8220;0&#8243; min_height=&#8220;700&#8243; bg_stretch=&#8220;false&#8220;][mk_fancy_title tag_name=&#8220;h3&#8243; color=&#8220;#2c2c2c&#8220; size=&#8220;44&#8243; force_font_size=&#8220;true&#8220; size_tablet=&#8220;25&#8243; size_phone=&#8220;25&#8243; font_weight=&#8220;300&#8243; txt_transform=&#8220;capitalize&#8220; letter_spacing=&#8220;1&#8243; margin_top=&#8220;100&#8243; margin_bottom=&#8220;5&#8243; font_family=&#8220;none&#8220; animation=&#8220;bottom-to-top&#8220;]\u00dcber FORA[\/mk_fancy_title][mk_title_box color=&#8220;#553178&#8243; size=&#8220;22&#8243; line_height=&#8220;40&#8243; font_family=&#8220;none&#8220;]Seit \u00fcber 40 Jahren beliefern wir unsere Kunden mit einem gro\u00dfen Sortiment an Haushaltsprodukten aus den Bereichen Haushaltsfolien, Beuteln [&hellip;]\" \/>\n<meta property=\"og:url\" content=\"https:\/\/www.foragroup.eu\/de\/fora\/\" \/>\n<meta property=\"og:site_name\" content=\"FORA\" \/>\n<meta property=\"article:modified_time\" content=\"2023-09-11T10:35:08+00:00\" \/>\n<meta name=\"twitter:label1\" content=\"Gesch\u00e4tzte Lesezeit\" \/>\n\t<meta name=\"twitter:data1\" content=\"3\u00a0Minuten\" \/>\n<script type=\"application\/ld+json\" class=\"yoast-schema-graph\">{\"@context\":\"https:\/\/schema.org\",\"@graph\":[{\"@type\":\"WebPage\",\"@id\":\"https:\/\/www.foragroup.eu\/de\/fora\/\",\"url\":\"https:\/\/www.foragroup.eu\/de\/fora\/\",\"name\":\"FORA - FORA\",\"isPartOf\":{\"@id\":\"https:\/\/www.foragroup.eu\/de\/#website\"},\"datePublished\":\"2020-06-24T09:48:06+00:00\",\"dateModified\":\"2023-09-11T10:35:08+00:00\",\"breadcrumb\":{\"@id\":\"https:\/\/www.foragroup.eu\/de\/fora\/#breadcrumb\"},\"inLanguage\":\"de\",\"potentialAction\":[{\"@type\":\"ReadAction\",\"target\":[\"https:\/\/www.foragroup.eu\/de\/fora\/\"]}]},{\"@type\":\"BreadcrumbList\",\"@id\":\"https:\/\/www.foragroup.eu\/de\/fora\/#breadcrumb\",\"itemListElement\":[{\"@type\":\"ListItem\",\"position\":1,\"name\":\"Home\",\"item\":\"https:\/\/www.foragroup.eu\/de\/\"},{\"@type\":\"ListItem\",\"position\":2,\"name\":\"FORA\"}]},{\"@type\":\"WebSite\",\"@id\":\"https:\/\/www.foragroup.eu\/de\/#website\",\"url\":\"https:\/\/www.foragroup.eu\/de\/\",\"name\":\"FORA\",\"description\":\"Hoogwaardige verpakkingen en disposables\",\"potentialAction\":[{\"@type\":\"SearchAction\",\"target\":{\"@type\":\"EntryPoint\",\"urlTemplate\":\"https:\/\/www.foragroup.eu\/de\/?s={search_term_string}\"},\"query-input\":\"required name=search_term_string\"}],\"inLanguage\":\"de\"}]}<\/script>\n<!-- \/ Yoast SEO plugin. -->","yoast_head_json":{"title":"FORA - FORA","robots":{"index":"index","follow":"follow","max-snippet":"max-snippet:-1","max-image-preview":"max-image-preview:large","max-video-preview":"max-video-preview:-1"},"canonical":"https:\/\/www.foragroup.eu\/de\/fora\/","og_locale":"de_DE","og_type":"article","og_title":"FORA - FORA","og_description":"[vc_row fullwidth=&#8220;true&#8220; equal_columns=&#8220;true&#8220; attached=&#8220;true&#8220; id=&#8220;about-fora&#8220;][vc_column width=&#8220;1\/2&#8243; el_class=&#8220;midden-verticaal&#8220;][mk_padding_divider size=&#8220;60&#8243;][mk_padding_divider size=&#8220;120&#8243; visibility=&#8220;visible-tl&#8220;][vc_video link=&#8220;https:\/\/youtu.be\/dRCdAlhIL4s&#8220;][mk_padding_divider size=&#8220;120&#8243; visibility=&#8220;visible-tl&#8220;][\/vc_column][vc_column width=&#8220;1\/2&#8243;][mk_custom_box padding_vertical=&#8220;40&#8243; padding_horizental=&#8220;80&#8243; margin_bottom=&#8220;0&#8243; min_height=&#8220;700&#8243; bg_stretch=&#8220;false&#8220;][mk_fancy_title tag_name=&#8220;h3&#8243; color=&#8220;#2c2c2c&#8220; size=&#8220;44&#8243; force_font_size=&#8220;true&#8220; size_tablet=&#8220;25&#8243; size_phone=&#8220;25&#8243; font_weight=&#8220;300&#8243; txt_transform=&#8220;capitalize&#8220; letter_spacing=&#8220;1&#8243; margin_top=&#8220;100&#8243; margin_bottom=&#8220;5&#8243; font_family=&#8220;none&#8220; animation=&#8220;bottom-to-top&#8220;]\u00dcber FORA[\/mk_fancy_title][mk_title_box color=&#8220;#553178&#8243; size=&#8220;22&#8243; line_height=&#8220;40&#8243; font_family=&#8220;none&#8220;]Seit \u00fcber 40 Jahren beliefern wir unsere Kunden mit einem gro\u00dfen Sortiment an Haushaltsprodukten aus den Bereichen Haushaltsfolien, Beuteln [&hellip;]","og_url":"https:\/\/www.foragroup.eu\/de\/fora\/","og_site_name":"FORA","article_modified_time":"2023-09-11T10:35:08+00:00","twitter_misc":{"Gesch\u00e4tzte Lesezeit":"3\u00a0Minuten"},"schema":{"@context":"https:\/\/schema.org","@graph":[{"@type":"WebPage","@id":"https:\/\/www.foragroup.eu\/de\/fora\/","url":"https:\/\/www.foragroup.eu\/de\/fora\/","name":"FORA - FORA","isPartOf":{"@id":"https:\/\/www.foragroup.eu\/de\/#website"},"datePublished":"2020-06-24T09:48:06+00:00","dateModified":"2023-09-11T10:35:08+00:00","breadcrumb":{"@id":"https:\/\/www.foragroup.eu\/de\/fora\/#breadcrumb"},"inLanguage":"de","potentialAction":[{"@type":"ReadAction","target":["https:\/\/www.foragroup.eu\/de\/fora\/"]}]},{"@type":"BreadcrumbList","@id":"https:\/\/www.foragroup.eu\/de\/fora\/#breadcrumb","itemListElement":[{"@type":"ListItem","position":1,"name":"Home","item":"https:\/\/www.foragroup.eu\/de\/"},{"@type":"ListItem","position":2,"name":"FORA"}]},{"@type":"WebSite","@id":"https:\/\/www.foragroup.eu\/de\/#website","url":"https:\/\/www.foragroup.eu\/de\/","name":"FORA","description":"Hoogwaardige verpakkingen en disposables","potentialAction":[{"@type":"SearchAction","target":{"@type":"EntryPoint","urlTemplate":"https:\/\/www.foragroup.eu\/de\/?s={search_term_string}"},"query-input":"required name=search_term_string"}],"inLanguage":"de"}]}},"_links":{"self":[{"href":"https:\/\/www.foragroup.eu\/de\/wp-json\/wp\/v2\/pages\/3877"}],"collection":[{"href":"https:\/\/www.foragroup.eu\/de\/wp-json\/wp\/v2\/pages"}],"about":[{"href":"https:\/\/www.foragroup.eu\/de\/wp-json\/wp\/v2\/types\/page"}],"author":[{"embeddable":true,"href":"https:\/\/www.foragroup.eu\/de\/wp-json\/wp\/v2\/users\/3"}],"replies":[{"embeddable":true,"href":"https:\/\/www.foragroup.eu\/de\/wp-json\/wp\/v2\/comments?post=3877"}],"version-history":[{"count":18,"href":"https:\/\/www.foragroup.eu\/de\/wp-json\/wp\/v2\/pages\/3877\/revisions"}],"predecessor-version":[{"id":5931,"href":"https:\/\/www.foragroup.eu\/de\/wp-json\/wp\/v2\/pages\/3877\/revisions\/5931"}],"wp:attachment":[{"href":"https:\/\/www.foragroup.eu\/de\/wp-json\/wp\/v2\/media?parent=3877"}],"curies":[{"name":"wp","href":"https:\/\/api.w.org\/{rel}","templated":true}]}}