{"id":3887,"date":"2020-06-24T12:12:53","date_gmt":"2020-06-24T10:12:53","guid":{"rendered":"https:\/\/www.foragroup.eu\/home\/"},"modified":"2023-09-11T12:09:00","modified_gmt":"2023-09-11T10:09:00","slug":"home","status":"publish","type":"page","link":"https:\/\/www.foragroup.eu\/de\/","title":{"rendered":"Home"},"content":{"rendered":"[vc_row][vc_column][layerslider_vc id=&#8220;20&#8243;][\/vc_column][\/vc_row][vc_row fullwidth=&#8220;true&#8220; equal_columns=&#8220;true&#8220;][vc_column width=&#8220;1\/12&#8243;][\/vc_column][vc_column width=&#8220;5\/12&#8243; el_class=&#8220;midden-verticaal&#8220;][mk_fancy_title tag_name=&#8220;h3&#8243; color=&#8220;#1e1735&#8243; size=&#8220;44&#8243; force_font_size=&#8220;true&#8220; size_tablet=&#8220;25&#8243; size_phone=&#8220;25&#8243; font_weight=&#8220;300&#8243; letter_spacing=&#8220;1&#8243; margin_top=&#8220;10&#8243; margin_bottom=&#8220;0&#8243; font_family=&#8220;none&#8220;]Von Haushaltsfolien bis zu M\u00fcllbeuteln[\/mk_fancy_title][vc_column_text css=&#8220;.vc_custom_1694426934321{margin-bottom: 0px !important;}&#8220;]Wir beliefern unsere Kunden des Einzel- und Gro\u00dfhandels, sowie der Gastronomie mit einer gro\u00dfen Auswahl an Haushaltsartikeln wie Haushaltsfolien, Fr\u00fchst\u00fccksbeuteln, M\u00fcllbeuteln, Einwegartikeln und vieles mehr. Wir bieten allen unseren Partnern vorteilhafte Produkte, einen ausgezeichneten Service. Dadurch werden Ihre Endkunden begeistert sein. Ob Sie auf der Suche nach einer Handelsmarke, einem Markenprodukt oder einem Produkt aus dem Niedrigpreissegment sind \u2013 wir finden oder produzieren, was Sie ben\u00f6tigen! Ob aus unserem eigenen Werk oder von einem unserer Partner, wir bieten Ihnen ein optimales Preis-Leistungs-Verh\u00e4ltnis, maximale Flexibilit\u00e4t und maximalen Ertrag.[\/vc_column_text][mk_button dimension=&#8220;flat&#8220; corner_style=&#8220;rounded&#8220; size=&#8220;large&#8220; url=&#8220;http:\/\/www.foragroup.eu\/de\/fora&#8220; btn_hover_bg=&#8220;#06b4cf&#8220; btn_hover_txt_color=&#8220;#1e1735&#8243;]\u00dcber FORA \u00bb[\/mk_button][\/vc_column][vc_column width=&#8220;6\/12&#8243; el_class=&#8220;midden-verticaal&#8220;][mk_image src=&#8220;http:\/\/www.foragroup.eu\/wp-content\/uploads\/2020\/05\/products-total.png&#8220; image_size=&#8220;full&#8220; align=&#8220;right&#8220;][\/vc_column][\/vc_row][vc_row fullwidth=&#8220;true&#8220; css=&#8220;.vc_custom_1495438118855{background-color: #1e1735 !important;}&#8220;][vc_column][mk_animated_columns column_height=&#8220;600&#8243; column_number=&#8220;7&#8243; order=&#8220;ASC&#8220; orderby=&#8220;menu_order&#8220; title_size=&#8220;26&#8243; bg_hover_color=&#8220;#a2c962&#8243; icon_size=&#8220;64&#8243; icon_color=&#8220;#a2c962&#8243; icon_hover_color=&#8220;#ffffff&#8220; txt_color=&#8220;#ffffff&#8220; btn_color=&#8220;#ffffff&#8220; btn_hover_color=&#8220;#06b4cf&#8220; btn_hover_txt_color=&#8220;#1e1735&#8243;][\/vc_column][\/vc_row][mk_page_section bg_position=&#8220;center center&#8220; bg_repeat=&#8220;no-repeat&#8220; bg_stretch=&#8220;true&#8220; adaptive_height=&#8220;true&#8220; padding_top=&#8220;55&#8243; padding_bottom=&#8220;55&#8243; top_shape_color=&#8220;#ffffff&#8220; bottom_shape_color=&#8220;#ffffff&#8220; sidebar=&#8220;sidebar-1&#8243;][vc_column css=&#8220;.vc_custom_1579699551780{background-position: center !important;background-repeat: no-repeat !important;background-size: cover !important;}&#8220;]<!-- Accordion Slider -->\n<div id=\"example1942669fd41cf136e5fe3badfa55a751\" class=\"accordion-slider\" style=\"margin-top: 50px;\">\n    <div class=\"as-panels\">\n\n                    <div class=\"as-panel\">\n                <a href=\"https:\/\/www.foragroup.eu\/de\/unsere-marken\/#privatelabel\" target=\"_blank\">\n                    <img class=\"as-background\" src=\"https:\/\/www.foragroup.eu\/wp-content\/plugins\/fora-vc-custom\/views\/css\/images\/blank.gif\" data-src=\"https:\/\/www.foragroup.eu\/wp-content\/uploads\/2020\/04\/slider-fora-home.jpg\"\/>\n                <\/a>\n\n                <div\n                    class=\"as-layer as-closed as-white as-vertical panel-counter\"\n                    data-position=\"bottomLeft\" data-horizontal=\"8\" data-vertical=\"8\"\n                    style=\"padding: 10px\"\n                >\n                    Private Label                <\/div>\n\n                <p class=\"as-layer as-opened as-black as-padding\"\n                   data-position=\"bottomLeft\"\n                   data-show-transition=\"up\" data-hide-transition=\"down\"\n                >\n                    Private Label                <\/p>\n            <\/div>\n                    <div class=\"as-panel\">\n                <a href=\"https:\/\/www.foragroup.eu\/de\/unsere-marken\/#Dumil\" target=\"_blank\">\n                    <img class=\"as-background\" src=\"https:\/\/www.foragroup.eu\/wp-content\/plugins\/fora-vc-custom\/views\/css\/images\/blank.gif\" data-src=\"https:\/\/www.foragroup.eu\/wp-content\/uploads\/2020\/04\/slider-fora-home-dumil.jpg\"\/>\n                <\/a>\n\n                <div\n                    class=\"as-layer as-closed as-white as-vertical panel-counter\"\n                    data-position=\"bottomLeft\" data-horizontal=\"8\" data-vertical=\"8\"\n                    style=\"padding: 10px\"\n                >\n                    Dumil                <\/div>\n\n                <p class=\"as-layer as-opened as-black as-padding\"\n                   data-position=\"bottomLeft\"\n                   data-show-transition=\"up\" data-hide-transition=\"down\"\n                >\n                    Dumil                <\/p>\n            <\/div>\n                    <div class=\"as-panel\">\n                <a href=\"https:\/\/www.foragroup.eu\/de\/unsere-marken\/#julia\" target=\"_blank\">\n                    <img class=\"as-background\" src=\"https:\/\/www.foragroup.eu\/wp-content\/plugins\/fora-vc-custom\/views\/css\/images\/blank.gif\" data-src=\"https:\/\/www.foragroup.eu\/wp-content\/uploads\/2020\/04\/slider-fora-home3.jpg\"\/>\n                <\/a>\n\n                <div\n                    class=\"as-layer as-closed as-white as-vertical panel-counter\"\n                    data-position=\"bottomLeft\" data-horizontal=\"8\" data-vertical=\"8\"\n                    style=\"padding: 10px\"\n                >\n                    Julia                <\/div>\n\n                <p class=\"as-layer as-opened as-black as-padding\"\n                   data-position=\"bottomLeft\"\n                   data-show-transition=\"up\" data-hide-transition=\"down\"\n                >\n                    Julia                <\/p>\n            <\/div>\n                    <div class=\"as-panel\">\n                <a href=\"https:\/\/www.foragroup.eu\/de\/unsere-marken\/#smile\" target=\"_blank\">\n                    <img class=\"as-background\" src=\"https:\/\/www.foragroup.eu\/wp-content\/plugins\/fora-vc-custom\/views\/css\/images\/blank.gif\" data-src=\"https:\/\/www.foragroup.eu\/wp-content\/uploads\/2020\/04\/slider-fora-home4.jpg\"\/>\n                <\/a>\n\n                <div\n                    class=\"as-layer as-closed as-white as-vertical panel-counter\"\n                    data-position=\"bottomLeft\" data-horizontal=\"8\" data-vertical=\"8\"\n                    style=\"padding: 10px\"\n                >\n                    Smile                <\/div>\n\n                <p class=\"as-layer as-opened as-black as-padding\"\n                   data-position=\"bottomLeft\"\n                   data-show-transition=\"up\" data-hide-transition=\"down\"\n                >\n                    Smile                <\/p>\n            <\/div>\n            <\/div>\n<\/div>\n\n<!-- End of Accordion Slider -->\n\n<script type=\"text\/javascript\">\n  jQuery(document).ready(function($) {\n    \/\/ instantiate the accordion\n    jQuery('#example1942669fd41cf136e5fe3badfa55a751').accordionSlider({\n      width: 1200,\n      height: 400,\n      responsiveMode: 'auto',\n      visiblePanels: 4,\n      closePanelsOnMouseOut: false,\n      autoplay: true\n    });\n  });\n<\/script>\n\n<style>\n    .as-panel.as-opened {\n        width: 80%; !important;\n    }\n\n    .as-panel.as-opened .as-background {\n        max-width: 100% !important;\n    }\n<\/style>\n[mk_padding_divider size=&#8220;22&#8243;][mk_button dimension=&#8220;flat&#8220; corner_style=&#8220;rounded&#8220; size=&#8220;large&#8220; url=&#8220;https:\/\/www.foragroup.eu\/de\/unsere-marken\/&#8220; align=&#8220;center&#8220; margin_top=&#8220;-&#8220; margin_bottom=&#8220;-&#8220; margin_right=&#8220;-&#8220; bg_color=&#8220;#a2c962&#8243; btn_hover_bg=&#8220;#06b4cf&#8220; btn_hover_txt_color=&#8220;#1e1735&#8243;]Unsere Marken \u00bb[\/mk_button][\/vc_column][\/mk_page_section][vc_row][vc_column][mk_padding_divider size=&#8220;120&#8243;][mk_fancy_title tag_name=&#8220;h3&#8243; size=&#8220;22&#8243; font_family=&#8220;none&#8220; align=&#8220;center&#8220;]Zertifikate in unserer Wertsch\u00f6pfungskette[\/mk_fancy_title][vc_column_text]\n\t\t<style>\n\t\t\t#wpls-logo-showcase-slider-1 .wpls-fix-box,\n\t\t\t#wpls-logo-showcase-slider-1 .wpls-fix-box img.wp-post-image{max-height:250px; }\n\t\t<\/style>\n\n\t\t<div class=\"wpls-wrap wpls-logo-showcase-slider-wrp wpls-logo-clearfix wpls-design-1 \" data-conf=\"{&quot;slides_column&quot;:&quot;4&quot;,&quot;slides_scroll&quot;:1,&quot;dots&quot;:&quot;true&quot;,&quot;arrows&quot;:&quot;true&quot;,&quot;autoplay&quot;:&quot;true&quot;,&quot;autoplay_interval&quot;:3000,&quot;loop&quot;:&quot;true&quot;,&quot;rtl&quot;:&quot;false&quot;,&quot;speed&quot;:800,&quot;center_mode&quot;:&quot;false&quot;,&quot;lazyload&quot;:&quot;&quot;}\">\n\t\t\t<div class=\"wpls-logo-showcase logo_showcase wpls-logo-slider  sliderimage_hide_border \" id=\"wpls-logo-showcase-slider-1\" >\n\t\t\t\t<div class=\"wpls-logo-cnt\">\n\t<div class=\"wpls-fix-box\">\n\t\t\t\t<img class=\"wp-post-image\"  src=\"https:\/\/www.foragroup.eu\/wp-content\/uploads\/2020\/02\/amfori-blauw.png\" alt=\"\" \/>\n\t\t\t<\/div>\n\t<\/div><div class=\"wpls-logo-cnt\">\n\t<div class=\"wpls-fix-box\">\n\t\t\t\t<img class=\"wp-post-image\"  src=\"https:\/\/www.foragroup.eu\/wp-content\/uploads\/2020\/04\/seedling-7p2225-blauw.png\" alt=\"\" \/>\n\t\t\t<\/div>\n\t<\/div><div class=\"wpls-logo-cnt\">\n\t<div class=\"wpls-fix-box\">\n\t\t\t\t<img class=\"wp-post-image\"  src=\"https:\/\/www.foragroup.eu\/wp-content\/uploads\/2020\/04\/seedling-7p0488-blauw.png\" alt=\"\" \/>\n\t\t\t<\/div>\n\t<\/div><div class=\"wpls-logo-cnt\">\n\t<div class=\"wpls-fix-box\">\n\t\t\t\t<img class=\"wp-post-image\"  src=\"https:\/\/www.foragroup.eu\/wp-content\/uploads\/2020\/04\/fsc-c159798-blauw.png\" alt=\"\" \/>\n\t\t\t<\/div>\n\t<\/div><div class=\"wpls-logo-cnt\">\n\t<div class=\"wpls-fix-box\">\n\t\t\t\t<img class=\"wp-post-image\"  src=\"https:\/\/www.foragroup.eu\/wp-content\/uploads\/2020\/04\/ifs-hcp-blauw2.png\" alt=\"\" \/>\n\t\t\t<\/div>\n\t<\/div><div class=\"wpls-logo-cnt\">\n\t<div class=\"wpls-fix-box\">\n\t\t\t\t<img class=\"wp-post-image\"  src=\"https:\/\/www.foragroup.eu\/wp-content\/uploads\/2020\/04\/iso-9001-blauw-new.png\" alt=\"\" \/>\n\t\t\t<\/div>\n\t<\/div><div class=\"wpls-logo-cnt\">\n\t<div class=\"wpls-fix-box\">\n\t\t\t\t<img class=\"wp-post-image\"  src=\"https:\/\/www.foragroup.eu\/wp-content\/uploads\/2020\/04\/ok-compost-home-0902-blauw.png\" alt=\"\" \/>\n\t\t\t<\/div>\n\t<\/div><div class=\"wpls-logo-cnt\">\n\t<div class=\"wpls-fix-box\">\n\t\t\t\t<img class=\"wp-post-image\"  src=\"https:\/\/www.foragroup.eu\/wp-content\/uploads\/2020\/04\/ok-compost-industrial-0902-blauw.png\" alt=\"\" \/>\n\t\t\t<\/div>\n\t<\/div>\t\t\t<\/div>\n\t\t<\/div>\n\n\t\t[\/vc_column_text][mk_padding_divider size=&#8220;120&#8243;][\/vc_column][\/vc_row]\n","protected":false},"excerpt":{"rendered":"<p>[vc_row][vc_column][layerslider_vc id=&#8220;20&#8243;][\/vc_column][\/vc_row][vc_row fullwidth=&#8220;true&#8220; equal_columns=&#8220;true&#8220;][vc_column width=&#8220;1\/12&#8243;][\/vc_column][vc_column width=&#8220;5\/12&#8243; el_class=&#8220;midden-verticaal&#8220;][mk_fancy_title tag_name=&#8220;h3&#8243; color=&#8220;#1e1735&#8243; size=&#8220;44&#8243; force_font_size=&#8220;true&#8220; size_tablet=&#8220;25&#8243; size_phone=&#8220;25&#8243; font_weight=&#8220;300&#8243; letter_spacing=&#8220;1&#8243; margin_top=&#8220;10&#8243; margin_bottom=&#8220;0&#8243; font_family=&#8220;none&#8220;]Von Haushaltsfolien bis zu M\u00fcllbeuteln[\/mk_fancy_title][vc_column_text css=&#8220;.vc_custom_1694426934321{margin-bottom: 0px !important;}&#8220;]Wir beliefern unsere Kunden des Einzel- und Gro\u00dfhandels, sowie der Gastronomie mit einer gro\u00dfen Auswahl an Haushaltsartikeln wie Haushaltsfolien, Fr\u00fchst\u00fccksbeuteln, M\u00fcllbeuteln, Einwegartikeln und vieles mehr. Wir bieten allen unseren Partnern vorteilhafte [&hellip;]<\/p>\n","protected":false},"author":3,"featured_media":0,"parent":0,"menu_order":37,"comment_status":"closed","ping_status":"closed","template":"","meta":{"inline_featured_image":false,"footnotes":""},"yoast_head":"<!-- This site is optimized with the Yoast SEO plugin v21.8 - https:\/\/yoast.com\/wordpress\/plugins\/seo\/ -->\n<title>Home - FORA<\/title>\n<meta name=\"robots\" content=\"index, follow, max-snippet:-1, max-image-preview:large, max-video-preview:-1\" \/>\n<link rel=\"canonical\" href=\"https:\/\/www.foragroup.eu\/de\/\" \/>\n<meta property=\"og:locale\" content=\"de_DE\" \/>\n<meta property=\"og:type\" content=\"article\" \/>\n<meta property=\"og:title\" content=\"Home - FORA\" \/>\n<meta property=\"og:description\" content=\"[vc_row][vc_column][layerslider_vc id=&#8220;20&#8243;][\/vc_column][\/vc_row][vc_row fullwidth=&#8220;true&#8220; equal_columns=&#8220;true&#8220;][vc_column width=&#8220;1\/12&#8243;][\/vc_column][vc_column width=&#8220;5\/12&#8243; el_class=&#8220;midden-verticaal&#8220;][mk_fancy_title tag_name=&#8220;h3&#8243; color=&#8220;#1e1735&#8243; size=&#8220;44&#8243; force_font_size=&#8220;true&#8220; size_tablet=&#8220;25&#8243; size_phone=&#8220;25&#8243; font_weight=&#8220;300&#8243; letter_spacing=&#8220;1&#8243; margin_top=&#8220;10&#8243; margin_bottom=&#8220;0&#8243; font_family=&#8220;none&#8220;]Von Haushaltsfolien bis zu M\u00fcllbeuteln[\/mk_fancy_title][vc_column_text css=&#8220;.vc_custom_1694426934321{margin-bottom: 0px !important;}&#8220;]Wir beliefern unsere Kunden des Einzel- und Gro\u00dfhandels, sowie der Gastronomie mit einer gro\u00dfen Auswahl an Haushaltsartikeln wie Haushaltsfolien, Fr\u00fchst\u00fccksbeuteln, M\u00fcllbeuteln, Einwegartikeln und vieles mehr. Wir bieten allen unseren Partnern vorteilhafte [&hellip;]\" \/>\n<meta property=\"og:url\" content=\"https:\/\/www.foragroup.eu\/de\/\" \/>\n<meta property=\"og:site_name\" content=\"FORA\" \/>\n<meta property=\"article:modified_time\" content=\"2023-09-11T10:09:00+00:00\" \/>\n<meta name=\"twitter:label1\" content=\"Gesch\u00e4tzte Lesezeit\" \/>\n\t<meta name=\"twitter:data1\" content=\"1\u00a0Minute\" \/>\n<script type=\"application\/ld+json\" class=\"yoast-schema-graph\">{\"@context\":\"https:\/\/schema.org\",\"@graph\":[{\"@type\":\"WebPage\",\"@id\":\"https:\/\/www.foragroup.eu\/de\/\",\"url\":\"https:\/\/www.foragroup.eu\/de\/\",\"name\":\"Home - FORA\",\"isPartOf\":{\"@id\":\"https:\/\/www.foragroup.eu\/de\/#website\"},\"datePublished\":\"2020-06-24T10:12:53+00:00\",\"dateModified\":\"2023-09-11T10:09:00+00:00\",\"breadcrumb\":{\"@id\":\"https:\/\/www.foragroup.eu\/de\/#breadcrumb\"},\"inLanguage\":\"de\",\"potentialAction\":[{\"@type\":\"ReadAction\",\"target\":[\"https:\/\/www.foragroup.eu\/de\/\"]}]},{\"@type\":\"BreadcrumbList\",\"@id\":\"https:\/\/www.foragroup.eu\/de\/#breadcrumb\",\"itemListElement\":[{\"@type\":\"ListItem\",\"position\":1,\"name\":\"Home\",\"item\":\"https:\/\/www.foragroup.eu\/de\/\"},{\"@type\":\"ListItem\",\"position\":2,\"name\":\"Home\"}]},{\"@type\":\"WebSite\",\"@id\":\"https:\/\/www.foragroup.eu\/de\/#website\",\"url\":\"https:\/\/www.foragroup.eu\/de\/\",\"name\":\"FORA\",\"description\":\"Hoogwaardige verpakkingen en disposables\",\"potentialAction\":[{\"@type\":\"SearchAction\",\"target\":{\"@type\":\"EntryPoint\",\"urlTemplate\":\"https:\/\/www.foragroup.eu\/de\/?s={search_term_string}\"},\"query-input\":\"required name=search_term_string\"}],\"inLanguage\":\"de\"}]}<\/script>\n<!-- \/ Yoast SEO plugin. -->","yoast_head_json":{"title":"Home - FORA","robots":{"index":"index","follow":"follow","max-snippet":"max-snippet:-1","max-image-preview":"max-image-preview:large","max-video-preview":"max-video-preview:-1"},"canonical":"https:\/\/www.foragroup.eu\/de\/","og_locale":"de_DE","og_type":"article","og_title":"Home - FORA","og_description":"[vc_row][vc_column][layerslider_vc id=&#8220;20&#8243;][\/vc_column][\/vc_row][vc_row fullwidth=&#8220;true&#8220; equal_columns=&#8220;true&#8220;][vc_column width=&#8220;1\/12&#8243;][\/vc_column][vc_column width=&#8220;5\/12&#8243; el_class=&#8220;midden-verticaal&#8220;][mk_fancy_title tag_name=&#8220;h3&#8243; color=&#8220;#1e1735&#8243; size=&#8220;44&#8243; force_font_size=&#8220;true&#8220; size_tablet=&#8220;25&#8243; size_phone=&#8220;25&#8243; font_weight=&#8220;300&#8243; letter_spacing=&#8220;1&#8243; margin_top=&#8220;10&#8243; margin_bottom=&#8220;0&#8243; font_family=&#8220;none&#8220;]Von Haushaltsfolien bis zu M\u00fcllbeuteln[\/mk_fancy_title][vc_column_text css=&#8220;.vc_custom_1694426934321{margin-bottom: 0px !important;}&#8220;]Wir beliefern unsere Kunden des Einzel- und Gro\u00dfhandels, sowie der Gastronomie mit einer gro\u00dfen Auswahl an Haushaltsartikeln wie Haushaltsfolien, Fr\u00fchst\u00fccksbeuteln, M\u00fcllbeuteln, Einwegartikeln und vieles mehr. Wir bieten allen unseren Partnern vorteilhafte [&hellip;]","og_url":"https:\/\/www.foragroup.eu\/de\/","og_site_name":"FORA","article_modified_time":"2023-09-11T10:09:00+00:00","twitter_misc":{"Gesch\u00e4tzte Lesezeit":"1\u00a0Minute"},"schema":{"@context":"https:\/\/schema.org","@graph":[{"@type":"WebPage","@id":"https:\/\/www.foragroup.eu\/de\/","url":"https:\/\/www.foragroup.eu\/de\/","name":"Home - FORA","isPartOf":{"@id":"https:\/\/www.foragroup.eu\/de\/#website"},"datePublished":"2020-06-24T10:12:53+00:00","dateModified":"2023-09-11T10:09:00+00:00","breadcrumb":{"@id":"https:\/\/www.foragroup.eu\/de\/#breadcrumb"},"inLanguage":"de","potentialAction":[{"@type":"ReadAction","target":["https:\/\/www.foragroup.eu\/de\/"]}]},{"@type":"BreadcrumbList","@id":"https:\/\/www.foragroup.eu\/de\/#breadcrumb","itemListElement":[{"@type":"ListItem","position":1,"name":"Home","item":"https:\/\/www.foragroup.eu\/de\/"},{"@type":"ListItem","position":2,"name":"Home"}]},{"@type":"WebSite","@id":"https:\/\/www.foragroup.eu\/de\/#website","url":"https:\/\/www.foragroup.eu\/de\/","name":"FORA","description":"Hoogwaardige verpakkingen en disposables","potentialAction":[{"@type":"SearchAction","target":{"@type":"EntryPoint","urlTemplate":"https:\/\/www.foragroup.eu\/de\/?s={search_term_string}"},"query-input":"required name=search_term_string"}],"inLanguage":"de"}]}},"_links":{"self":[{"href":"https:\/\/www.foragroup.eu\/de\/wp-json\/wp\/v2\/pages\/3887"}],"collection":[{"href":"https:\/\/www.foragroup.eu\/de\/wp-json\/wp\/v2\/pages"}],"about":[{"href":"https:\/\/www.foragroup.eu\/de\/wp-json\/wp\/v2\/types\/page"}],"author":[{"embeddable":true,"href":"https:\/\/www.foragroup.eu\/de\/wp-json\/wp\/v2\/users\/3"}],"replies":[{"embeddable":true,"href":"https:\/\/www.foragroup.eu\/de\/wp-json\/wp\/v2\/comments?post=3887"}],"version-history":[{"count":12,"href":"https:\/\/www.foragroup.eu\/de\/wp-json\/wp\/v2\/pages\/3887\/revisions"}],"predecessor-version":[{"id":5923,"href":"https:\/\/www.foragroup.eu\/de\/wp-json\/wp\/v2\/pages\/3887\/revisions\/5923"}],"wp:attachment":[{"href":"https:\/\/www.foragroup.eu\/de\/wp-json\/wp\/v2\/media?parent=3887"}],"curies":[{"name":"wp","href":"https:\/\/api.w.org\/{rel}","templated":true}]}}