{"id":3921,"date":"2017-06-26T10:10:17","date_gmt":"2017-06-26T08:10:17","guid":{"rendered":"https:\/\/www.foragroup.eu\/categories\/"},"modified":"2023-09-11T13:55:13","modified_gmt":"2023-09-11T11:55:13","slug":"categories","status":"publish","type":"page","link":"https:\/\/www.foragroup.eu\/de\/categories\/","title":{"rendered":"Produkte"},"content":{"rendered":"[vc_row fullwidth=&#8220;true&#8220; equal_columns=&#8220;true&#8220; attached=&#8220;true&#8220; css=&#8220;.vc_custom_1588236471956{margin-top: -100px !important;background-color: #e8e8ea !important;}&#8220; id=&#8220;kitchen-foils&#8220;][vc_column width=&#8220;1\/2&#8243;][mk_padding_divider size=&#8220;75&#8243;][mk_image src=&#8220;http:\/\/www.foragroup.eu\/wp-content\/uploads\/2020\/06\/category-foils2-1.png&#8220; image_size=&#8220;full&#8220;][\/vc_column][vc_column width=&#8220;1\/2&#8243;][mk_custom_box padding_vertical=&#8220;80&#8243; padding_horizental=&#8220;80&#8243; margin_bottom=&#8220;0&#8243; min_height=&#8220;700&#8243; bg_color=&#8220;#e8e8ea&#8220; bg_stretch=&#8220;true&#8220;][vc_column_text]\u00a0<a name=\"waste\"><\/a>[\/vc_column_text][mk_fancy_title color=&#8220;#1e1735&#8243; size=&#8220;44&#8243; force_font_size=&#8220;true&#8220; size_tablet=&#8220;30&#8243; size_phone=&#8220;25&#8243; font_weight=&#8220;300&#8243; txt_transform=&#8220;none&#8220; letter_spacing=&#8220;1&#8243; margin_top=&#8220;40&#8243; margin_bottom=&#8220;11&#8243; font_family=&#8220;none&#8220; animation=&#8220;bottom-to-top&#8220;]Haushaltsfolien[\/mk_fancy_title][mk_title_box color=&#8220;#553178&#8243; size=&#8220;22&#8243; line_height=&#8220;44&#8243; font_family=&#8220;none&#8220;]Unverzichtbar in jeder K\u00fcche: widerstandsf\u00e4hige Folien f\u00fcr die Zubereitung und Aufbewahrung von Lebensmitteln. Wir bieten eine gro\u00dfe Auswahl an Folien &#8211; unter anderem Frischhaltefolien, Aluminiumfolien und Backpapier in verschiedenen Ausf\u00fchrungen, Abmessungen und St\u00e4rken. Die Folien werden in unserer eigenen Produktion in Deutschland hergestellt.[\/mk_title_box][vc_column_text][\/vc_column_text][mk_button dimension=&#8220;flat&#8220; corner_style=&#8220;rounded&#8220; size=&#8220;medium&#8220; url=&#8220;https:\/\/www.foragroup.eu\/de\/information-request\/&#8220; bg_color=&#8220;#a2c962&#8243; btn_hover_bg=&#8220;#06b4cf&#8220;]Weitere Informationen \u00bb[\/mk_button][\/mk_custom_box][\/vc_column][\/vc_row][vc_row fullwidth=&#8220;true&#8220; equal_columns=&#8220;true&#8220; attached=&#8220;true&#8220; id=&#8220;food-bags&#8220;][vc_column width=&#8220;1\/2&#8243;][mk_custom_box padding_vertical=&#8220;40&#8243; padding_horizental=&#8220;80&#8243; margin_bottom=&#8220;0&#8243; min_height=&#8220;700&#8243; bg_stretch=&#8220;false&#8220;][vc_column_text]\u00a0<a name=\"bio-bags\"><\/a>[\/vc_column_text][mk_fancy_title tag_name=&#8220;h3&#8243; color=&#8220;#1e1735&#8243; size=&#8220;44&#8243; force_font_size=&#8220;true&#8220; size_tablet=&#8220;25&#8243; size_phone=&#8220;25&#8243; font_weight=&#8220;300&#8243; txt_transform=&#8220;none&#8220; letter_spacing=&#8220;1&#8243; margin_top=&#8220;100&#8243; font_family=&#8220;none&#8220; animation=&#8220;bottom-to-top&#8220;]Lebensmittelbeutel[\/mk_fancy_title][mk_title_box color=&#8220;#553178&#8243; size=&#8220;22&#8243; line_height=&#8220;44&#8243; font_family=&#8220;none&#8220;]Wir bieten viele unterschiedliche Sorten solcher Beutel an, zum Beispiel Gefrierbeutel mit verschiedenen Verschlussarten, Fr\u00fchst\u00fccksbeutel und wiederverschlie\u00dfbare Beutel zur Aufbewahrung. Sie sind der Schl\u00fcssel zur Vermeidung von Lebensmittelabf\u00e4llen.[\/mk_title_box][mk_button dimension=&#8220;flat&#8220; corner_style=&#8220;rounded&#8220; size=&#8220;medium&#8220; url=&#8220;https:\/\/www.foragroup.eu\/de\/information-request\/&#8220; bg_color=&#8220;#a2c962&#8243; btn_hover_bg=&#8220;#06b4cf&#8220;]Weitere Informationen \u00bb[\/mk_button][\/mk_custom_box][\/vc_column][vc_column width=&#8220;1\/2&#8243; el_class=&#8220;midden-verticaal&#8220;][mk_image src=&#8220;http:\/\/www.foragroup.eu\/wp-content\/uploads\/2020\/05\/category-food-bags.png&#8220; image_size=&#8220;full&#8220; align=&#8220;right&#8220;][\/vc_column][\/vc_row][vc_row fullwidth=&#8220;true&#8220; equal_columns=&#8220;true&#8220; attached=&#8220;true&#8220; css=&#8220;.vc_custom_1588236902306{background-color: #e8e8ea !important;}&#8220; id=&#8220;waste-bags&#8220;][vc_column width=&#8220;1\/2&#8243; el_class=&#8220;midden-verticaal&#8220;][mk_image src=&#8220;http:\/\/www.foragroup.eu\/wp-content\/uploads\/2020\/05\/category-waste-bags.png&#8220; image_size=&#8220;full&#8220;][\/vc_column][vc_column width=&#8220;1\/2&#8243;][vc_column_text]<a name=\"bereiden-bewaren\"><\/a>[\/vc_column_text][mk_custom_box padding_vertical=&#8220;40&#8243; padding_horizental=&#8220;80&#8243; margin_bottom=&#8220;0&#8243; min_height=&#8220;700&#8243; bg_stretch=&#8220;false&#8220;][vc_column_text]<a name=\"preparation-storage\"><\/a>[\/vc_column_text][mk_fancy_title tag_name=&#8220;h3&#8243; color=&#8220;#1e1735&#8243; size=&#8220;44&#8243; force_font_size=&#8220;true&#8220; size_tablet=&#8220;25&#8243; size_phone=&#8220;25&#8243; font_weight=&#8220;300&#8243; txt_transform=&#8220;none&#8220; letter_spacing=&#8220;1&#8243; margin_top=&#8220;100&#8243; font_family=&#8220;none&#8220; animation=&#8220;bottom-to-top&#8220;]M\u00fcllbeutel[\/mk_fancy_title][mk_title_box color=&#8220;#553178&#8243; size=&#8220;22&#8243; line_height=&#8220;44&#8243; font_family=&#8220;none&#8220;]Der Verbraucher wird europaweit mehr und mehr in M\u00fclltrennung einbezogen. Daher steigt auch der Bedarf unterschiedlichster Arten und Gr\u00f6\u00dfen von M\u00fcllbeuteln. F\u00fcr jede Art von M\u00fcll und jeden M\u00fclleimer finden wir den passenden Beutel. Kosmetikeimerbeutel, Biofolienbeutel, Zugband, oder M\u00fcllbeutel mit Griff etc.[\/mk_title_box][mk_button dimension=&#8220;flat&#8220; corner_style=&#8220;rounded&#8220; size=&#8220;medium&#8220; url=&#8220;https:\/\/www.foragroup.eu\/de\/information-request\/&#8220; bg_color=&#8220;#a2c962&#8243; btn_hover_bg=&#8220;#06b4cf&#8220;]Weitere Informationen \u00bb[\/mk_button][\/mk_custom_box][\/vc_column][\/vc_row][vc_row fullwidth=&#8220;true&#8220; equal_columns=&#8220;true&#8220; attached=&#8220;true&#8220; id=&#8220;carrier-bags&#8220;][vc_column width=&#8220;1\/2&#8243;][mk_custom_box padding_vertical=&#8220;80&#8243; padding_horizental=&#8220;80&#8243; min_height=&#8220;300&#8243; bg_stretch=&#8220;true&#8220;][vc_column_text]<a name=\"diygardening\"><\/a>[\/vc_column_text][mk_fancy_title tag_name=&#8220;h3&#8243; color=&#8220;#1e1735&#8243; size=&#8220;44&#8243; force_font_size=&#8220;true&#8220; size_tablet=&#8220;30&#8243; size_phone=&#8220;25&#8243; font_weight=&#8220;300&#8243; txt_transform=&#8220;capitalize&#8220; letter_spacing=&#8220;1&#8243; margin_top=&#8220;40&#8243; font_family=&#8220;none&#8220; animation=&#8220;bottom-to-top&#8220;]Tragetaschen[\/mk_fancy_title][mk_title_box color=&#8220;#553178&#8243; size=&#8220;22&#8243; line_height=&#8220;44&#8243; font_family=&#8220;none&#8220;]Tragetaschen bieten wir Ihnen in allen Formen, Gr\u00f6\u00dfen und Ausf\u00fchrungen an. Von faltbaren Taschen bis zu verst\u00e4rkten oder einfachen Shoppern, bedruckt mit Ihrem Firmenlogo. Eine gro\u00dfe Auswahl erwartet Sie.[\/mk_title_box][vc_column_text][\/vc_column_text][mk_button dimension=&#8220;flat&#8220; corner_style=&#8220;rounded&#8220; size=&#8220;medium&#8220; url=&#8220;https:\/\/www.foragroup.eu\/de\/information-request\/&#8220; bg_color=&#8220;#a2c962&#8243; btn_hover_bg=&#8220;#06b4cf&#8220;]Weitere Informationen\u00bb[\/mk_button][\/mk_custom_box][\/vc_column][vc_column width=&#8220;1\/2&#8243;][mk_image src=&#8220;http:\/\/www.foragroup.eu\/wp-content\/uploads\/2020\/05\/category-carrier-bags.png&#8220; image_size=&#8220;full&#8220; align=&#8220;right&#8220;][\/vc_column][\/vc_row][vc_row fullwidth=&#8220;true&#8220; equal_columns=&#8220;true&#8220; attached=&#8220;true&#8220; css=&#8220;.vc_custom_1593510030091{background-color: #e8e8ea !important;}&#8220; id=&#8220;disposables&#8220;][vc_column width=&#8220;1\/2&#8243;][mk_image src=&#8220;http:\/\/www.foragroup.eu\/wp-content\/uploads\/2020\/05\/category-disposables.png&#8220; image_size=&#8220;full&#8220;][\/vc_column][vc_column width=&#8220;1\/2&#8243;][mk_custom_box padding_vertical=&#8220;40&#8243; padding_horizental=&#8220;80&#8243; margin_bottom=&#8220;0&#8243; min_height=&#8220;700&#8243; bg_stretch=&#8220;false&#8220;][vc_column_text]<a name=\"carrierbags\"><\/a>[\/vc_column_text][mk_fancy_title tag_name=&#8220;h3&#8243; color=&#8220;#1e1735&#8243; size=&#8220;44&#8243; force_font_size=&#8220;true&#8220; size_tablet=&#8220;30&#8243; size_phone=&#8220;25&#8243; font_weight=&#8220;300&#8243; txt_transform=&#8220;capitalize&#8220; letter_spacing=&#8220;1&#8243; margin_top=&#8220;40&#8243; font_family=&#8220;none&#8220; animation=&#8220;bottom-to-top&#8220;]Einwegartikel[\/mk_fancy_title][mk_title_box color=&#8220;#553178&#8243; size=&#8220;22&#8243; line_height=&#8220;44&#8243; font_family=&#8220;none&#8220;]Praktisch f\u00fcr unterwegs, zum grillen oder f\u00fcr zuhause. Wir bieten Einweggeschirr f\u00fcr jede Gelegenheit. Lassen Sie sich von der gro\u00dfen Auswahl an Produkten aus Aluminium, Bagasse, Papier und CPLA \u00fcberraschen.[\/mk_title_box][vc_column_text][\/vc_column_text][mk_button dimension=&#8220;flat&#8220; corner_style=&#8220;rounded&#8220; size=&#8220;medium&#8220; url=&#8220;https:\/\/www.foragroup.eu\/de\/information-request\/&#8220; bg_color=&#8220;#a2c962&#8243; btn_hover_bg=&#8220;#06b4cf&#8220;]Weitere Informationen \u00bb[\/mk_button][\/mk_custom_box][\/vc_column][\/vc_row][vc_row fullwidth=&#8220;true&#8220; equal_columns=&#8220;true&#8220; attached=&#8220;true&#8220; id=&#8220;other&#8220;][vc_column width=&#8220;1\/2&#8243; el_class=&#8220;midden-verticaal&#8220;][mk_image src=&#8220;https:\/\/www.foragroup.eu\/wp-content\/uploads\/2022\/06\/hygiene-cleaning-lr.png&#8220; image_size=&#8220;full&#8220;][\/vc_column][vc_column width=&#8220;1\/2&#8243;][mk_custom_box padding_vertical=&#8220;40&#8243; padding_horizental=&#8220;80&#8243; margin_bottom=&#8220;0&#8243; min_height=&#8220;700&#8243; bg_stretch=&#8220;false&#8220;][vc_column_text]<a name=\"carrierbags\"><\/a>[\/vc_column_text][mk_fancy_title tag_name=&#8220;h3&#8243; color=&#8220;#1e1735&#8243; size=&#8220;44&#8243; force_font_size=&#8220;true&#8220; size_tablet=&#8220;25&#8243; size_phone=&#8220;25&#8243; font_weight=&#8220;300&#8243; txt_transform=&#8220;capitalize&#8220; letter_spacing=&#8220;1&#8243; margin_top=&#8220;100&#8243; font_family=&#8220;none&#8220; animation=&#8220;bottom-to-top&#8220;]Hygiene &amp; Putzen[\/mk_fancy_title][mk_title_box color=&#8220;#553178&#8243; size=&#8220;22&#8243; line_height=&#8220;44&#8243; font_family=&#8220;none&#8220;]Wir arbeiten kontinuierlich an verschiedenen, neuen Produkten die aus unterschiedlichen Bereichen stammen. Von Windel- und Hundekotbeuteln zu Glasreinigert\u00fcchern und Allzweckreinigern. Produkte, die in verschiedenen Kategorien wie PET, Baby und Reinigung zu finden sind.[\/mk_title_box][vc_column_text][\/vc_column_text][mk_button dimension=&#8220;flat&#8220; corner_style=&#8220;rounded&#8220; size=&#8220;medium&#8220; url=&#8220;https:\/\/www.foragroup.eu\/de\/information-request\/&#8220; bg_color=&#8220;#a2c962&#8243; btn_hover_bg=&#8220;#06b4cf&#8220;]Weitere Informationen \u00bb[\/mk_button][\/mk_custom_box][\/vc_column][\/vc_row][vc_row fullwidth=&#8220;true&#8220; equal_columns=&#8220;true&#8220; attached=&#8220;true&#8220; id=&#8220;DIY-Products&#8220; css=&#8220;.vc_custom_1655891823381{background-color: #e8e8ea !important;}&#8220;][vc_column width=&#8220;1\/2&#8243; el_class=&#8220;midden-verticaal&#8220;][mk_custom_box padding_vertical=&#8220;80&#8243; padding_horizental=&#8220;80&#8243; min_height=&#8220;700&#8243; bg_stretch=&#8220;true&#8220;][vc_column_text]<a name=\"others\"><\/a>[\/vc_column_text][mk_fancy_title tag_name=&#8220;h3&#8243; color=&#8220;#1e1735&#8243; size=&#8220;44&#8243; force_font_size=&#8220;true&#8220; size_tablet=&#8220;25&#8243; size_phone=&#8220;25&#8243; font_weight=&#8220;300&#8243; txt_transform=&#8220;capitalize&#8220; letter_spacing=&#8220;1&#8243; margin_top=&#8220;150&#8243; font_family=&#8220;none&#8220; animation=&#8220;bottom-to-top&#8220;]DIY-Artikel[\/mk_fancy_title][mk_title_box color=&#8220;#553178&#8243; size=&#8220;22&#8243; line_height=&#8220;44&#8243; font_family=&#8220;none&#8220;]Bei Heim- und Gartenarbeiten fallen immer Abf\u00e4lle an. Wir bieten eine gro\u00dfe Auswahl an praktischen Produkten, die Ihnen die Arbeit erleichtern: von verst\u00e4rkten M\u00fcll- und Schutts\u00e4cken, \u00fcber Abdeckplanen und strapazierf\u00e4higen Papiertuchrollen.[\/mk_title_box][mk_button dimension=&#8220;flat&#8220; corner_style=&#8220;rounded&#8220; size=&#8220;medium&#8220; url=&#8220;https:\/\/www.foragroup.eu\/de\/information-request\/&#8220; bg_color=&#8220;#a2c962&#8243; btn_hover_bg=&#8220;#06b4cf&#8220;]Weitere Informationen \u00bb[\/mk_button][\/mk_custom_box][\/vc_column][vc_column width=&#8220;1\/2&#8243; el_class=&#8220;midden-verticaal&#8220;][mk_image src=&#8220;http:\/\/www.foragroup.eu\/wp-content\/uploads\/2020\/05\/diy-products.png&#8220; image_size=&#8220;full&#8220; align=&#8220;right&#8220; margin_bottom=&#8220;0&#8243;][\/vc_column][\/vc_row]\n","protected":false},"excerpt":{"rendered":"<p>[vc_row fullwidth=&#8220;true&#8220; equal_columns=&#8220;true&#8220; attached=&#8220;true&#8220; css=&#8220;.vc_custom_1588236471956{margin-top: -100px !important;background-color: #e8e8ea !important;}&#8220; id=&#8220;kitchen-foils&#8220;][vc_column width=&#8220;1\/2&#8243;][mk_padding_divider size=&#8220;75&#8243;][mk_image src=&#8220;http:\/\/www.foragroup.eu\/wp-content\/uploads\/2020\/06\/category-foils2-1.png&#8220; image_size=&#8220;full&#8220;][\/vc_column][vc_column width=&#8220;1\/2&#8243;][mk_custom_box padding_vertical=&#8220;80&#8243; padding_horizental=&#8220;80&#8243; margin_bottom=&#8220;0&#8243; min_height=&#8220;700&#8243; bg_color=&#8220;#e8e8ea&#8220; bg_stretch=&#8220;true&#8220;][vc_column_text]\u00a0[\/vc_column_text][mk_fancy_title color=&#8220;#1e1735&#8243; size=&#8220;44&#8243; force_font_size=&#8220;true&#8220; size_tablet=&#8220;30&#8243; size_phone=&#8220;25&#8243; font_weight=&#8220;300&#8243; txt_transform=&#8220;none&#8220; letter_spacing=&#8220;1&#8243; margin_top=&#8220;40&#8243; margin_bottom=&#8220;11&#8243; font_family=&#8220;none&#8220; animation=&#8220;bottom-to-top&#8220;]Haushaltsfolien[\/mk_fancy_title][mk_title_box color=&#8220;#553178&#8243; size=&#8220;22&#8243; line_height=&#8220;44&#8243; font_family=&#8220;none&#8220;]Unverzichtbar in jeder K\u00fcche: widerstandsf\u00e4hige Folien f\u00fcr die Zubereitung und Aufbewahrung von Lebensmitteln. Wir bieten eine gro\u00dfe Auswahl an [&hellip;]<\/p>\n","protected":false},"author":3,"featured_media":0,"parent":0,"menu_order":45,"comment_status":"closed","ping_status":"closed","template":"","meta":{"inline_featured_image":false,"footnotes":""},"yoast_head":"<!-- This site is optimized with the Yoast SEO plugin v21.8 - https:\/\/yoast.com\/wordpress\/plugins\/seo\/ -->\n<title>Produkte - FORA<\/title>\n<meta name=\"robots\" content=\"index, follow, max-snippet:-1, max-image-preview:large, max-video-preview:-1\" \/>\n<link rel=\"canonical\" href=\"https:\/\/www.foragroup.eu\/de\/categories\/\" \/>\n<meta property=\"og:locale\" content=\"de_DE\" \/>\n<meta property=\"og:type\" content=\"article\" \/>\n<meta property=\"og:title\" content=\"Produkte - FORA\" \/>\n<meta property=\"og:description\" content=\"[vc_row fullwidth=&#8220;true&#8220; equal_columns=&#8220;true&#8220; attached=&#8220;true&#8220; css=&#8220;.vc_custom_1588236471956{margin-top: -100px !important;background-color: #e8e8ea !important;}&#8220; id=&#8220;kitchen-foils&#8220;][vc_column width=&#8220;1\/2&#8243;][mk_padding_divider size=&#8220;75&#8243;][mk_image src=&#8220;http:\/\/www.foragroup.eu\/wp-content\/uploads\/2020\/06\/category-foils2-1.png&#8220; image_size=&#8220;full&#8220;][\/vc_column][vc_column width=&#8220;1\/2&#8243;][mk_custom_box padding_vertical=&#8220;80&#8243; padding_horizental=&#8220;80&#8243; margin_bottom=&#8220;0&#8243; min_height=&#8220;700&#8243; bg_color=&#8220;#e8e8ea&#8220; bg_stretch=&#8220;true&#8220;][vc_column_text]\u00a0[\/vc_column_text][mk_fancy_title color=&#8220;#1e1735&#8243; size=&#8220;44&#8243; force_font_size=&#8220;true&#8220; size_tablet=&#8220;30&#8243; size_phone=&#8220;25&#8243; font_weight=&#8220;300&#8243; txt_transform=&#8220;none&#8220; letter_spacing=&#8220;1&#8243; margin_top=&#8220;40&#8243; margin_bottom=&#8220;11&#8243; font_family=&#8220;none&#8220; animation=&#8220;bottom-to-top&#8220;]Haushaltsfolien[\/mk_fancy_title][mk_title_box color=&#8220;#553178&#8243; size=&#8220;22&#8243; line_height=&#8220;44&#8243; font_family=&#8220;none&#8220;]Unverzichtbar in jeder K\u00fcche: widerstandsf\u00e4hige Folien f\u00fcr die Zubereitung und Aufbewahrung von Lebensmitteln. Wir bieten eine gro\u00dfe Auswahl an [&hellip;]\" \/>\n<meta property=\"og:url\" content=\"https:\/\/www.foragroup.eu\/de\/categories\/\" \/>\n<meta property=\"og:site_name\" content=\"FORA\" \/>\n<meta property=\"article:modified_time\" content=\"2023-09-11T11:55:13+00:00\" \/>\n<meta name=\"twitter:label1\" content=\"Gesch\u00e4tzte Lesezeit\" \/>\n\t<meta name=\"twitter:data1\" content=\"3\u00a0Minuten\" \/>\n<script type=\"application\/ld+json\" class=\"yoast-schema-graph\">{\"@context\":\"https:\/\/schema.org\",\"@graph\":[{\"@type\":\"WebPage\",\"@id\":\"https:\/\/www.foragroup.eu\/de\/categories\/\",\"url\":\"https:\/\/www.foragroup.eu\/de\/categories\/\",\"name\":\"Produkte - FORA\",\"isPartOf\":{\"@id\":\"https:\/\/www.foragroup.eu\/de\/#website\"},\"datePublished\":\"2017-06-26T08:10:17+00:00\",\"dateModified\":\"2023-09-11T11:55:13+00:00\",\"breadcrumb\":{\"@id\":\"https:\/\/www.foragroup.eu\/de\/categories\/#breadcrumb\"},\"inLanguage\":\"de\",\"potentialAction\":[{\"@type\":\"ReadAction\",\"target\":[\"https:\/\/www.foragroup.eu\/de\/categories\/\"]}]},{\"@type\":\"BreadcrumbList\",\"@id\":\"https:\/\/www.foragroup.eu\/de\/categories\/#breadcrumb\",\"itemListElement\":[{\"@type\":\"ListItem\",\"position\":1,\"name\":\"Home\",\"item\":\"https:\/\/www.foragroup.eu\/de\/\"},{\"@type\":\"ListItem\",\"position\":2,\"name\":\"Produkte\"}]},{\"@type\":\"WebSite\",\"@id\":\"https:\/\/www.foragroup.eu\/de\/#website\",\"url\":\"https:\/\/www.foragroup.eu\/de\/\",\"name\":\"FORA\",\"description\":\"Hoogwaardige verpakkingen en disposables\",\"potentialAction\":[{\"@type\":\"SearchAction\",\"target\":{\"@type\":\"EntryPoint\",\"urlTemplate\":\"https:\/\/www.foragroup.eu\/de\/?s={search_term_string}\"},\"query-input\":\"required name=search_term_string\"}],\"inLanguage\":\"de\"}]}<\/script>\n<!-- \/ Yoast SEO plugin. -->","yoast_head_json":{"title":"Produkte - FORA","robots":{"index":"index","follow":"follow","max-snippet":"max-snippet:-1","max-image-preview":"max-image-preview:large","max-video-preview":"max-video-preview:-1"},"canonical":"https:\/\/www.foragroup.eu\/de\/categories\/","og_locale":"de_DE","og_type":"article","og_title":"Produkte - FORA","og_description":"[vc_row fullwidth=&#8220;true&#8220; equal_columns=&#8220;true&#8220; attached=&#8220;true&#8220; css=&#8220;.vc_custom_1588236471956{margin-top: -100px !important;background-color: #e8e8ea !important;}&#8220; id=&#8220;kitchen-foils&#8220;][vc_column width=&#8220;1\/2&#8243;][mk_padding_divider size=&#8220;75&#8243;][mk_image src=&#8220;http:\/\/www.foragroup.eu\/wp-content\/uploads\/2020\/06\/category-foils2-1.png&#8220; image_size=&#8220;full&#8220;][\/vc_column][vc_column width=&#8220;1\/2&#8243;][mk_custom_box padding_vertical=&#8220;80&#8243; padding_horizental=&#8220;80&#8243; margin_bottom=&#8220;0&#8243; min_height=&#8220;700&#8243; bg_color=&#8220;#e8e8ea&#8220; bg_stretch=&#8220;true&#8220;][vc_column_text]\u00a0[\/vc_column_text][mk_fancy_title color=&#8220;#1e1735&#8243; size=&#8220;44&#8243; force_font_size=&#8220;true&#8220; size_tablet=&#8220;30&#8243; size_phone=&#8220;25&#8243; font_weight=&#8220;300&#8243; txt_transform=&#8220;none&#8220; letter_spacing=&#8220;1&#8243; margin_top=&#8220;40&#8243; margin_bottom=&#8220;11&#8243; font_family=&#8220;none&#8220; animation=&#8220;bottom-to-top&#8220;]Haushaltsfolien[\/mk_fancy_title][mk_title_box color=&#8220;#553178&#8243; size=&#8220;22&#8243; line_height=&#8220;44&#8243; font_family=&#8220;none&#8220;]Unverzichtbar in jeder K\u00fcche: widerstandsf\u00e4hige Folien f\u00fcr die Zubereitung und Aufbewahrung von Lebensmitteln. Wir bieten eine gro\u00dfe Auswahl an [&hellip;]","og_url":"https:\/\/www.foragroup.eu\/de\/categories\/","og_site_name":"FORA","article_modified_time":"2023-09-11T11:55:13+00:00","twitter_misc":{"Gesch\u00e4tzte Lesezeit":"3\u00a0Minuten"},"schema":{"@context":"https:\/\/schema.org","@graph":[{"@type":"WebPage","@id":"https:\/\/www.foragroup.eu\/de\/categories\/","url":"https:\/\/www.foragroup.eu\/de\/categories\/","name":"Produkte - FORA","isPartOf":{"@id":"https:\/\/www.foragroup.eu\/de\/#website"},"datePublished":"2017-06-26T08:10:17+00:00","dateModified":"2023-09-11T11:55:13+00:00","breadcrumb":{"@id":"https:\/\/www.foragroup.eu\/de\/categories\/#breadcrumb"},"inLanguage":"de","potentialAction":[{"@type":"ReadAction","target":["https:\/\/www.foragroup.eu\/de\/categories\/"]}]},{"@type":"BreadcrumbList","@id":"https:\/\/www.foragroup.eu\/de\/categories\/#breadcrumb","itemListElement":[{"@type":"ListItem","position":1,"name":"Home","item":"https:\/\/www.foragroup.eu\/de\/"},{"@type":"ListItem","position":2,"name":"Produkte"}]},{"@type":"WebSite","@id":"https:\/\/www.foragroup.eu\/de\/#website","url":"https:\/\/www.foragroup.eu\/de\/","name":"FORA","description":"Hoogwaardige verpakkingen en disposables","potentialAction":[{"@type":"SearchAction","target":{"@type":"EntryPoint","urlTemplate":"https:\/\/www.foragroup.eu\/de\/?s={search_term_string}"},"query-input":"required name=search_term_string"}],"inLanguage":"de"}]}},"_links":{"self":[{"href":"https:\/\/www.foragroup.eu\/de\/wp-json\/wp\/v2\/pages\/3921"}],"collection":[{"href":"https:\/\/www.foragroup.eu\/de\/wp-json\/wp\/v2\/pages"}],"about":[{"href":"https:\/\/www.foragroup.eu\/de\/wp-json\/wp\/v2\/types\/page"}],"author":[{"embeddable":true,"href":"https:\/\/www.foragroup.eu\/de\/wp-json\/wp\/v2\/users\/3"}],"replies":[{"embeddable":true,"href":"https:\/\/www.foragroup.eu\/de\/wp-json\/wp\/v2\/comments?post=3921"}],"version-history":[{"count":16,"href":"https:\/\/www.foragroup.eu\/de\/wp-json\/wp\/v2\/pages\/3921\/revisions"}],"predecessor-version":[{"id":5937,"href":"https:\/\/www.foragroup.eu\/de\/wp-json\/wp\/v2\/pages\/3921\/revisions\/5937"}],"wp:attachment":[{"href":"https:\/\/www.foragroup.eu\/de\/wp-json\/wp\/v2\/media?parent=3921"}],"curies":[{"name":"wp","href":"https:\/\/api.w.org\/{rel}","templated":true}]}}