{"id":3923,"date":"2020-06-24T14:10:42","date_gmt":"2020-06-24T12:10:42","guid":{"rendered":"https:\/\/www.foragroup.eu\/our-brands\/"},"modified":"2022-07-29T17:18:11","modified_gmt":"2022-07-29T15:18:11","slug":"unsere-marken","status":"publish","type":"page","link":"https:\/\/www.foragroup.eu\/de\/unsere-marken\/","title":{"rendered":"Unsere Marken"},"content":{"rendered":"[mk_page_section min_height=&#8220;650&#8243; js_vertical_centered=&#8220;true&#8220; padding_top=&#8220;66&#8243; padding_bottom=&#8220;0&#8243; top_shape_color=&#8220;#ffffff&#8220; bottom_shape_color=&#8220;#ffffff&#8220; section_id=&#8220;privatelabel&#8220; sidebar=&#8220;sidebar-1&#8243;][vc_column width=&#8220;1\/2&#8243;][mk_padding_divider][mk_image src=&#8220;http:\/\/www.foragroup.eu\/wp-content\/uploads\/2020\/06\/fora_private-label2.png&#8220; image_size=&#8220;full&#8220; crop=&#8220;true&#8220;][\/vc_column][vc_column width=&#8220;1\/2&#8243;][mk_padding_divider][mk_fancy_title tag_name=&#8220;h1&#8243; color=&#8220;#1f1634&#8243; size=&#8220;44&#8243; margin_bottom=&#8220;18&#8243; font_family=&#8220;none&#8220;]Handelsmarken[\/mk_fancy_title][mk_title_box color=&#8220;#553178&#8243; size=&#8220;22&#8243; line_height=&#8220;44&#8243; font_family=&#8220;none&#8220;]Unser Ziel ist die st\u00e4ndige Weiterentwicklung unserer Produkte. Ob Sie sich f\u00fcr eine Hausmarke oder eine unserer Eigenmarken entscheiden, wir arbeiten immer daran den Gewinn Ihres Unternehmens zu steigern. Wenn Sie sich f\u00fcr eine Hausmarke entscheiden beraten wir Sie gerne beim Design, dem Sortiment und der Produktbeschreibung.[\/mk_title_box][mk_padding_divider][\/vc_column][\/mk_page_section][vc_row][vc_column][vc_column_text css=&#8220;.vc_custom_1592405131480{margin-bottom: 0px !important;}&#8220;]\n\t\t<style>\n\t\t\t#wpls-logo-showcase-slider-1 .wpls-fix-box,\n\t\t\t#wpls-logo-showcase-slider-1 .wpls-fix-box img.wp-post-image{max-height:250px; }\n\t\t<\/style>\n\n\t\t<div class=\"wpls-wrap wpls-logo-showcase-slider-wrp wpls-logo-clearfix wpls-design-1 \" data-conf=\"{&quot;slides_column&quot;:&quot;5&quot;,&quot;slides_scroll&quot;:1,&quot;dots&quot;:&quot;true&quot;,&quot;arrows&quot;:&quot;true&quot;,&quot;autoplay&quot;:&quot;true&quot;,&quot;autoplay_interval&quot;:3000,&quot;loop&quot;:&quot;true&quot;,&quot;rtl&quot;:&quot;false&quot;,&quot;speed&quot;:800,&quot;center_mode&quot;:&quot;true&quot;,&quot;lazyload&quot;:&quot;&quot;}\">\n\t\t\t<div class=\"wpls-logo-showcase logo_showcase wpls-logo-slider wpls-center sliderimage_hide_border \" id=\"wpls-logo-showcase-slider-1\" >\n\t\t\t\t<div class=\"wpls-logo-cnt\">\n\t<div class=\"wpls-fix-box\">\n\t\t\t\t<img class=\"wp-post-image\"  src=\"https:\/\/www.foragroup.eu\/wp-content\/uploads\/2020\/05\/fora-logo-ah.jpg\" alt=\"\" \/>\n\t\t\t<\/div>\n\t<\/div><div class=\"wpls-logo-cnt\">\n\t<div class=\"wpls-fix-box\">\n\t\t\t\t<img class=\"wp-post-image\"  src=\"https:\/\/www.foragroup.eu\/wp-content\/uploads\/2020\/05\/fora-logo-alio-aldi.jpg\" alt=\"\" \/>\n\t\t\t<\/div>\n\t<\/div><div class=\"wpls-logo-cnt\">\n\t<div class=\"wpls-fix-box\">\n\t\t\t\t<img class=\"wp-post-image\"  src=\"https:\/\/www.foragroup.eu\/wp-content\/uploads\/2020\/05\/fora-logo-aro.jpg\" alt=\"\" \/>\n\t\t\t<\/div>\n\t<\/div><div class=\"wpls-logo-cnt\">\n\t<div class=\"wpls-fix-box\">\n\t\t\t\t<img class=\"wp-post-image\"  src=\"https:\/\/www.foragroup.eu\/wp-content\/uploads\/2020\/05\/fora-logo-elembal.jpg\" alt=\"\" \/>\n\t\t\t<\/div>\n\t<\/div><div class=\"wpls-logo-cnt\">\n\t<div class=\"wpls-fix-box\">\n\t\t\t\t<img class=\"wp-post-image\"  src=\"https:\/\/www.foragroup.eu\/wp-content\/uploads\/2020\/05\/fora-logo-gwoon.jpg\" alt=\"\" \/>\n\t\t\t<\/div>\n\t<\/div><div class=\"wpls-logo-cnt\">\n\t<div class=\"wpls-fix-box\">\n\t\t\t\t<img class=\"wp-post-image\"  src=\"https:\/\/www.foragroup.eu\/wp-content\/uploads\/2020\/05\/fora-logo-wrapitt.jpg\" alt=\"\" \/>\n\t\t\t<\/div>\n\t<\/div><div class=\"wpls-logo-cnt\">\n\t<div class=\"wpls-fix-box\">\n\t\t\t\t<img class=\"wp-post-image\"  src=\"https:\/\/www.foragroup.eu\/wp-content\/uploads\/2020\/05\/fora-logo-zeeman.jpg\" alt=\"\" \/>\n\t\t\t<\/div>\n\t<\/div><div class=\"wpls-logo-cnt\">\n\t<div class=\"wpls-fix-box\">\n\t\t\t\t<img class=\"wp-post-image\"  src=\"https:\/\/www.foragroup.eu\/wp-content\/uploads\/2020\/06\/fora-logo-aromata-lidl.jpg\" alt=\"\" \/>\n\t\t\t<\/div>\n\t<\/div><div class=\"wpls-logo-cnt\">\n\t<div class=\"wpls-fix-box\">\n\t\t\t\t<img class=\"wp-post-image\"  src=\"https:\/\/www.foragroup.eu\/wp-content\/uploads\/2020\/06\/fora-logo-folia-aldi.jpg\" alt=\"\" \/>\n\t\t\t<\/div>\n\t<\/div><div class=\"wpls-logo-cnt\">\n\t<div class=\"wpls-fix-box\">\n\t\t\t\t<img class=\"wp-post-image\"  src=\"https:\/\/www.foragroup.eu\/wp-content\/uploads\/2020\/06\/fora-logo-gut-gunstig-edeka.jpg\" alt=\"\" \/>\n\t\t\t<\/div>\n\t<\/div><div class=\"wpls-logo-cnt\">\n\t<div class=\"wpls-fix-box\">\n\t\t\t\t<img class=\"wp-post-image\"  src=\"https:\/\/www.foragroup.eu\/wp-content\/uploads\/2020\/06\/fora-logo-jumbo2.jpg\" alt=\"\" \/>\n\t\t\t<\/div>\n\t<\/div><div class=\"wpls-logo-cnt\">\n\t<div class=\"wpls-fix-box\">\n\t\t\t\t<img class=\"wp-post-image\"  src=\"https:\/\/www.foragroup.eu\/wp-content\/uploads\/2020\/06\/fora-logo-kerl-kerler.jpg\" alt=\"\" \/>\n\t\t\t<\/div>\n\t<\/div><div class=\"wpls-logo-cnt\">\n\t<div class=\"wpls-fix-box\">\n\t\t\t\t<img class=\"wp-post-image\"  src=\"https:\/\/www.foragroup.eu\/wp-content\/uploads\/2020\/06\/fora-logo-priva-edeka.jpg\" alt=\"\" \/>\n\t\t\t<\/div>\n\t<\/div><div class=\"wpls-logo-cnt\">\n\t<div class=\"wpls-fix-box\">\n\t\t\t\t<img class=\"wp-post-image\"  src=\"https:\/\/www.foragroup.eu\/wp-content\/uploads\/2020\/06\/fora-logo-take-dis-sligro.jpg\" alt=\"\" \/>\n\t\t\t<\/div>\n\t<\/div><div class=\"wpls-logo-cnt\">\n\t<div class=\"wpls-fix-box\">\n\t\t\t\t<img class=\"wp-post-image\"  src=\"https:\/\/www.foragroup.eu\/wp-content\/uploads\/2020\/06\/fora-logo-korrekt.jpg\" alt=\"\" \/>\n\t\t\t<\/div>\n\t<\/div>\t\t\t<\/div>\n\t\t<\/div>\n\n\t\t[\/vc_column_text][mk_padding_divider size=&#8220;200&#8243;][\/vc_column][\/vc_row][vc_row fullwidth=&#8220;true&#8220; fullwidth_content=&#8220;false&#8220;][vc_column][mk_fancy_title tag_name=&#8220;h1&#8243; color=&#8220;#1f1634&#8243; size=&#8220;44&#8243; margin_bottom=&#8220;0&#8243; font_family=&#8220;none&#8220; align=&#8220;center&#8220;]\n<p style=\"text-align: center;\">Eigenmarken<\/p>\n[\/mk_fancy_title][vc_separator color=&#8220;custom&#8220; border_width=&#8220;3&#8243; accent_color=&#8220;#a3c962&#8243;][\/vc_column][\/vc_row][mk_page_section js_vertical_centered=&#8220;true&#8220; padding_top=&#8220;0&#8243; padding_bottom=&#8220;0&#8243; top_shape_color=&#8220;#ffffff&#8220; bottom_shape_color=&#8220;#ffffff&#8220; section_id=&#8220;privatelabel&#8220; sidebar=&#8220;sidebar-1&#8243;][vc_column width=&#8220;1\/2&#8243;][mk_padding_divider][vc_column_text disable_pattern=&#8220;false&#8220; css=&#8220;.vc_custom_1593000992925{margin-bottom: 0px !important;}&#8220;]Ob Sie sich f\u00fcr Dumil oder Julia als Komplettsortiment oder als zus\u00e4tzliches Produkt zu Ihrer eigenen Marke entscheiden, mit unseren Produkten steigern wir Ihren Umsatz. Zus\u00e4tzlich bieten wir mit unserer Marke \u201eSmile\u201c die M\u00f6glichkeit mit einer Eigenmarke in das g\u00fcnstigere Preissegment einzusteigen. Erfahren Sie mehr \u00fcber unsere Marken.[\/vc_column_text][\/vc_column][vc_column width=&#8220;1\/2&#8243;][mk_image src=&#8220;http:\/\/www.foragroup.eu\/wp-content\/uploads\/2019\/08\/onze-merken-2.png&#8220; image_size=&#8220;full&#8220; crop=&#8220;true&#8220;][\/vc_column][\/mk_page_section][vc_row][vc_column][mk_padding_divider size=&#8220;100&#8243;][\/vc_column][\/vc_row][mk_page_section bg_color=&#8220;rgba(67,178,176,0.32)&#8220; bg_repeat=&#8220;no-repeat&#8220; bg_stretch=&#8220;true&#8220; padding_top=&#8220;100&#8243; padding_bottom=&#8220;0&#8243; top_shape_color=&#8220;#ffffff&#8220; bottom_shape_color=&#8220;#ffffff&#8220; section_id=&#8220;Dumil&#8220; sidebar=&#8220;sidebar-1&#8243;][vc_column][vc_single_image image=&#8220;870&#8243; img_size=&#8220;full&#8220; alignment=&#8220;center&#8220;][vc_single_image image=&#8220;779&#8243; img_size=&#8220;medium&#8220; alignment=&#8220;center&#8220; css=&#8220;.vc_custom_1567073093633{margin-top: -33px !important;}&#8220;][\/vc_column][\/mk_page_section][mk_page_section bg_color=&#8220;rgba(67,178,176,0.32)&#8220; bg_repeat=&#8220;no-repeat&#8220; bg_stretch=&#8220;true&#8220; padding_top=&#8220;11&#8243; padding_bottom=&#8220;11&#8243; top_shape_color=&#8220;#ffffff&#8220; bottom_shape_color=&#8220;#ffffff&#8220; section_id=&#8220;Dumil&#8220; sidebar=&#8220;sidebar-1&#8243;][vc_column width=&#8220;2\/3&#8243;][vc_single_image image=&#8220;2866&#8243; img_size=&#8220;900&#215;420&#8243; alignment=&#8220;center&#8220;][mk_padding_divider][\/vc_column][vc_column width=&#8220;1\/3&#8243;][vc_column_text css=&#8220;.vc_custom_1593001043308{margin-bottom: 0px !important;}&#8220;]\n<p style=\"text-align: left;\">Mit Dumil versuchen wir Ihren Haushalt einfacher und fr\u00f6hlicher zu gestalten, daher vertreiben wir mit dieser Marke praktische und zuverl\u00e4ssige Produkte. Dank einer gro\u00dfangelegten Verpackungsstudie ist Dumil in der Lage mit einem klaren und einheitlichen Verpackungsdesign ins Auge zu fallen. Als Marke ist Dumil durch Social Media Kampagnen und markensteuernde Aktivit\u00e4ten nahe bei seinen Kunden.<\/p>\n[\/vc_column_text][\/vc_column][\/mk_page_section][mk_page_section bg_color=&#8220;rgba(67,178,176,0.32)&#8220; bg_repeat=&#8220;no-repeat&#8220; bg_stretch=&#8220;true&#8220; padding_top=&#8220;0&#8243; padding_bottom=&#8220;100&#8243; top_shape_color=&#8220;#ffffff&#8220; bottom_shape_color=&#8220;#ffffff&#8220; section_id=&#8220;Dumil&#8220; sidebar=&#8220;sidebar-1&#8243;][vc_column][vc_row_inner][vc_column_inner width=&#8220;3\/6&#8243;][mk_fancy_title tag_name=&#8220;h3&#8243; color=&#8220;#1d1a34&#8243; size=&#8220;24&#8243; force_font_size=&#8220;true&#8220; size_tablet=&#8220;16&#8243; size_phone=&#8220;20&#8243; font_weight=&#8220;300&#8243; letter_spacing=&#8220;1&#8243; margin_bottom=&#8220;0&#8243; font_family=&#8220;none&#8220; align=&#8220;center&#8220;]\n<p style=\"text-align: right;\">M\u00f6chten Sie mehr wissen?<br \/>\nFolgen Sie Dumil auf den folgenden Kan\u00e4len:<\/p>\n[\/mk_fancy_title][\/vc_column_inner][vc_column_inner width=&#8220;1\/6&#8243;][mk_image src=&#8220;http:\/\/www.foragroup.eu\/wp-content\/uploads\/2017\/05\/dumil_xs.png&#8220; image_size=&#8220;full&#8220; align=&#8220;center&#8220;][mk_padding_divider size=&#8220;22&#8243;][mk_button dimension=&#8220;flat&#8220; corner_style=&#8220;full_rounded&#8220; size=&#8220;medium&#8220; url=&#8220;http:\/\/dumil.nl\/&#8220; target=&#8220;_blank&#8220; align=&#8220;center&#8220; fullwidth=&#8220;true&#8220; bg_color=&#8220;#ce0e2b&#8220; btn_hover_bg=&#8220;#515151&#8243;]www.dumil.nl[\/mk_button][\/vc_column_inner][vc_column_inner width=&#8220;1\/6&#8243;][mk_image src=&#8220;http:\/\/www.foragroup.eu\/wp-content\/uploads\/2017\/05\/fb-icon2.png&#8220; image_size=&#8220;full&#8220; align=&#8220;center&#8220;][mk_padding_divider size=&#8220;22&#8243;][mk_button dimension=&#8220;flat&#8220; corner_style=&#8220;full_rounded&#8220; size=&#8220;medium&#8220; url=&#8220;https:\/\/www.facebook.com\/mijndumil\/&#8220; target=&#8220;_blank&#8220; align=&#8220;center&#8220; fullwidth=&#8220;true&#8220; bg_color=&#8220;#ce0e2b&#8220; btn_hover_bg=&#8220;#515151&#8243;]Facebook[\/mk_button][\/vc_column_inner][vc_column_inner width=&#8220;1\/6&#8243;][mk_image src=&#8220;http:\/\/www.foragroup.eu\/wp-content\/uploads\/2017\/05\/youtube_icon.png&#8220; image_size=&#8220;full&#8220; align=&#8220;center&#8220;][mk_padding_divider size=&#8220;22&#8243;][mk_button dimension=&#8220;flat&#8220; corner_style=&#8220;full_rounded&#8220; size=&#8220;medium&#8220; url=&#8220;https:\/\/www.youtube.com\/channel\/UCe8SQvcByodUy20YzvKqQ0Q&#8220; target=&#8220;_blank&#8220; align=&#8220;center&#8220; fullwidth=&#8220;true&#8220; bg_color=&#8220;#ce0e2b&#8220; btn_hover_bg=&#8220;#515151&#8243;]YouTube[\/mk_button][\/vc_column_inner][\/vc_row_inner][\/vc_column][\/mk_page_section][vc_section][vc_row fullwidth=&#8220;true&#8220; fullwidth_content=&#8220;false&#8220; equal_columns=&#8220;true&#8220; css=&#8220;.vc_custom_1591256474931{padding-top: 99px !important;padding-bottom: 15px !important;background-image: url(http:\/\/www.foragroup.eu\/wp-content\/uploads\/2019\/08\/achtergrond-patroon-web-2.png?id=2322) !important;background-position: center !important;background-repeat: no-repeat !important;background-size: cover !important;}&#8220; id=&#8220;julia&#8220;][vc_column width=&#8220;1\/3&#8243;][vc_single_image image=&#8220;2221&#8243; img_size=&#8220;full&#8220;][vc_column_text css=&#8220;.vc_custom_1593001109770{margin-bottom: 0px !important;}&#8220;]Julia sticht mit einem frischen und zeitgem\u00e4\u00dfen Aussehen aus den Regalen heraus. Mit einem pers\u00f6nlichen Touch wirkt die Marke zuverl\u00e4ssig \u2013 Sie bekommen was Sie sehen. Julia ist eine gro\u00dfe Hilfe im Haushalt und immer auf der Suche nach neuen und praktischen Produkten die den W\u00fcnschen der Verbraucher entsprechen und die Kunden \u00fcberraschen. Auf diese Weise tr\u00e4gt Julia zur Wertsch\u00f6pfung Ihres Angebotes bei.[\/vc_column_text][mk_padding_divider size=&#8220;54&#8243;][\/vc_column][vc_column width=&#8220;2\/3&#8243;][mk_padding_divider size=&#8220;51&#8243;][vc_single_image image=&#8220;3671&#8243; img_size=&#8220;full&#8220; alignment=&#8220;center&#8220;][\/vc_column][\/vc_row][vc_row css=&#8220;.vc_custom_1591256418387{padding-bottom: 99px !important;}&#8220;][vc_column width=&#8220;3\/6&#8243;][mk_fancy_title tag_name=&#8220;h3&#8243; color=&#8220;#1d1a34&#8243; size=&#8220;24&#8243; force_font_size=&#8220;true&#8220; size_tablet=&#8220;16&#8243; size_phone=&#8220;20&#8243; font_weight=&#8220;300&#8243; letter_spacing=&#8220;1&#8243; margin_bottom=&#8220;0&#8243; font_family=&#8220;none&#8220; align=&#8220;center&#8220;]\n<p style=\"text-align: right;\">M\u00f6chten Sie mehr wissen?<br \/>\nFolgen Sie Julia auf den folgenden Kan\u00e4len:<\/p>\n[\/mk_fancy_title][\/vc_column][vc_column width=&#8220;1\/6&#8243;][mk_image src=&#8220;http:\/\/www.foragroup.eu\/wp-content\/uploads\/2019\/10\/julia-link.png&#8220; image_size=&#8220;full&#8220; align=&#8220;center&#8220;][mk_padding_divider size=&#8220;22&#8243;][mk_button dimension=&#8220;flat&#8220; corner_style=&#8220;full_rounded&#8220; size=&#8220;medium&#8220; url=&#8220;https:\/\/www.juliahousehold.com\/&#8220; target=&#8220;_blank&#8220; align=&#8220;center&#8220; fullwidth=&#8220;true&#8220; bg_color=&#8220;#1d1a34&#8243; btn_hover_bg=&#8220;#515151&#8243;]juliahousehold[\/mk_button][\/vc_column][vc_column width=&#8220;1\/6&#8243;][mk_image src=&#8220;http:\/\/www.foragroup.eu\/wp-content\/uploads\/2019\/10\/fb-icon2julia.png&#8220; image_size=&#8220;full&#8220; align=&#8220;center&#8220;][mk_padding_divider size=&#8220;22&#8243;][mk_button dimension=&#8220;flat&#8220; corner_style=&#8220;full_rounded&#8220; size=&#8220;medium&#8220; url=&#8220;https:\/\/www.facebook.com\/juliahouseholdfrance&#8220; target=&#8220;_blank&#8220; align=&#8220;center&#8220; fullwidth=&#8220;true&#8220; bg_color=&#8220;#1d1a34&#8243; btn_hover_bg=&#8220;#515151&#8243;]Facebook[\/mk_button][\/vc_column][vc_column width=&#8220;1\/6&#8243;][\/vc_column][\/vc_row][\/vc_section][vc_row fullwidth=&#8220;true&#8220; fullwidth_content=&#8220;false&#8220; css=&#8220;.vc_custom_1589445320906{padding-top: 99px !important;padding-bottom: 99px !important;background-image: url(http:\/\/www.foragroup.eu\/wp-content\/uploads\/2020\/05\/smile-bg.jpg?id=3439) !important;background-position: center !important;background-repeat: no-repeat !important;background-size: cover !important;}&#8220; id=&#8220;smile&#8220;][vc_column width=&#8220;2\/3&#8243;][vc_single_image image=&#8220;3675&#8243; img_size=&#8220;full&#8220;][\/vc_column][vc_column width=&#8220;1\/3&#8243; css=&#8220;.vc_custom_1589445649507{background-color: #1d5596 !important;}&#8220;][mk_padding_divider size=&#8220;66&#8243;][vc_single_image image=&#8220;3443&#8243; img_size=&#8220;full&#8220;][vc_column_text css=&#8220;.vc_custom_1593001257221{margin-bottom: 0px !important;}&#8220;]<span style=\"color: #ffffff;\">Um in der Lage zu sein s\u00e4mtliche Produktbereiche abzudecken haben wir die Budgetmarke Smile in unserem Sortiment. Eine Marke mit der Sie in der Lage sind dem preisbewussten Kunden die wichtigsten Produkte anzubieten.<\/span>[\/vc_column_text][\/vc_column][\/vc_row][vc_row css=&#8220;.vc_custom_1567077963703{padding-top: 66px !important;padding-bottom: 66px !important;}&#8220;][vc_column width=&#8220;1\/4&#8243;][\/vc_column][vc_column width=&#8220;1\/2&#8243;][vc_column_text css=&#8220;.vc_custom_1593080410618{margin-bottom: 0px !important;}&#8220;]\n<h3 style=\"text-align: center;\">Sind Sie an einer unserer Marken interessiert? Oder m\u00f6chten Sie Ihr eigenes Label erstellen? Kontaktieren Sie uns unverbindlich.<\/h3>\n[\/vc_column_text][mk_button dimension=&#8220;flat&#8220; corner_style=&#8220;rounded&#8220; size=&#8220;medium&#8220; url=&#8220;https:\/\/www.foragroup.eu\/de\/kontakt\/&#8220; align=&#8220;center&#8220; btn_hover_bg=&#8220;#06b4cf&#8220;]Kontakt \u00bb[\/mk_button][\/vc_column][vc_column width=&#8220;1\/4&#8243;][\/vc_column][\/vc_row]\n","protected":false},"excerpt":{"rendered":"<p>[mk_page_section min_height=&#8220;650&#8243; js_vertical_centered=&#8220;true&#8220; padding_top=&#8220;66&#8243; padding_bottom=&#8220;0&#8243; top_shape_color=&#8220;#ffffff&#8220; bottom_shape_color=&#8220;#ffffff&#8220; section_id=&#8220;privatelabel&#8220; sidebar=&#8220;sidebar-1&#8243;][vc_column width=&#8220;1\/2&#8243;][mk_padding_divider][mk_image src=&#8220;http:\/\/www.foragroup.eu\/wp-content\/uploads\/2020\/06\/fora_private-label2.png&#8220; image_size=&#8220;full&#8220; crop=&#8220;true&#8220;][\/vc_column][vc_column width=&#8220;1\/2&#8243;][mk_padding_divider][mk_fancy_title tag_name=&#8220;h1&#8243; color=&#8220;#1f1634&#8243; size=&#8220;44&#8243; margin_bottom=&#8220;18&#8243; font_family=&#8220;none&#8220;]Handelsmarken[\/mk_fancy_title][mk_title_box color=&#8220;#553178&#8243; size=&#8220;22&#8243; line_height=&#8220;44&#8243; font_family=&#8220;none&#8220;]Unser Ziel ist die st\u00e4ndige Weiterentwicklung unserer Produkte. Ob Sie sich f\u00fcr eine Hausmarke oder eine unserer Eigenmarken entscheiden, wir arbeiten immer daran den Gewinn Ihres Unternehmens zu steigern. Wenn Sie sich f\u00fcr [&hellip;]<\/p>\n","protected":false},"author":4,"featured_media":0,"parent":0,"menu_order":3,"comment_status":"closed","ping_status":"closed","template":"","meta":{"inline_featured_image":false,"footnotes":""},"yoast_head":"<!-- This site is optimized with the Yoast SEO plugin v21.8 - https:\/\/yoast.com\/wordpress\/plugins\/seo\/ -->\n<title>Unsere Marken - FORA<\/title>\n<meta name=\"robots\" content=\"index, follow, max-snippet:-1, max-image-preview:large, max-video-preview:-1\" \/>\n<link rel=\"canonical\" href=\"https:\/\/www.foragroup.eu\/de\/unsere-marken\/\" \/>\n<meta property=\"og:locale\" content=\"de_DE\" \/>\n<meta property=\"og:type\" content=\"article\" \/>\n<meta property=\"og:title\" content=\"Unsere Marken - FORA\" \/>\n<meta property=\"og:description\" content=\"[mk_page_section min_height=&#8220;650&#8243; js_vertical_centered=&#8220;true&#8220; padding_top=&#8220;66&#8243; padding_bottom=&#8220;0&#8243; top_shape_color=&#8220;#ffffff&#8220; bottom_shape_color=&#8220;#ffffff&#8220; section_id=&#8220;privatelabel&#8220; sidebar=&#8220;sidebar-1&#8243;][vc_column width=&#8220;1\/2&#8243;][mk_padding_divider][mk_image src=&#8220;http:\/\/www.foragroup.eu\/wp-content\/uploads\/2020\/06\/fora_private-label2.png&#8220; image_size=&#8220;full&#8220; crop=&#8220;true&#8220;][\/vc_column][vc_column width=&#8220;1\/2&#8243;][mk_padding_divider][mk_fancy_title tag_name=&#8220;h1&#8243; color=&#8220;#1f1634&#8243; size=&#8220;44&#8243; margin_bottom=&#8220;18&#8243; font_family=&#8220;none&#8220;]Handelsmarken[\/mk_fancy_title][mk_title_box color=&#8220;#553178&#8243; size=&#8220;22&#8243; line_height=&#8220;44&#8243; font_family=&#8220;none&#8220;]Unser Ziel ist die st\u00e4ndige Weiterentwicklung unserer Produkte. Ob Sie sich f\u00fcr eine Hausmarke oder eine unserer Eigenmarken entscheiden, wir arbeiten immer daran den Gewinn Ihres Unternehmens zu steigern. Wenn Sie sich f\u00fcr [&hellip;]\" \/>\n<meta property=\"og:url\" content=\"https:\/\/www.foragroup.eu\/de\/unsere-marken\/\" \/>\n<meta property=\"og:site_name\" content=\"FORA\" \/>\n<meta property=\"article:modified_time\" content=\"2022-07-29T15:18:11+00:00\" \/>\n<meta name=\"twitter:label1\" content=\"Gesch\u00e4tzte Lesezeit\" \/>\n\t<meta name=\"twitter:data1\" content=\"3\u00a0Minuten\" \/>\n<script type=\"application\/ld+json\" class=\"yoast-schema-graph\">{\"@context\":\"https:\/\/schema.org\",\"@graph\":[{\"@type\":\"WebPage\",\"@id\":\"https:\/\/www.foragroup.eu\/de\/unsere-marken\/\",\"url\":\"https:\/\/www.foragroup.eu\/de\/unsere-marken\/\",\"name\":\"Unsere Marken - FORA\",\"isPartOf\":{\"@id\":\"https:\/\/www.foragroup.eu\/de\/#website\"},\"datePublished\":\"2020-06-24T12:10:42+00:00\",\"dateModified\":\"2022-07-29T15:18:11+00:00\",\"breadcrumb\":{\"@id\":\"https:\/\/www.foragroup.eu\/de\/unsere-marken\/#breadcrumb\"},\"inLanguage\":\"de\",\"potentialAction\":[{\"@type\":\"ReadAction\",\"target\":[\"https:\/\/www.foragroup.eu\/de\/unsere-marken\/\"]}]},{\"@type\":\"BreadcrumbList\",\"@id\":\"https:\/\/www.foragroup.eu\/de\/unsere-marken\/#breadcrumb\",\"itemListElement\":[{\"@type\":\"ListItem\",\"position\":1,\"name\":\"Home\",\"item\":\"https:\/\/www.foragroup.eu\/de\/\"},{\"@type\":\"ListItem\",\"position\":2,\"name\":\"Unsere Marken\"}]},{\"@type\":\"WebSite\",\"@id\":\"https:\/\/www.foragroup.eu\/de\/#website\",\"url\":\"https:\/\/www.foragroup.eu\/de\/\",\"name\":\"FORA\",\"description\":\"Hoogwaardige verpakkingen en disposables\",\"potentialAction\":[{\"@type\":\"SearchAction\",\"target\":{\"@type\":\"EntryPoint\",\"urlTemplate\":\"https:\/\/www.foragroup.eu\/de\/?s={search_term_string}\"},\"query-input\":\"required name=search_term_string\"}],\"inLanguage\":\"de\"}]}<\/script>\n<!-- \/ Yoast SEO plugin. -->","yoast_head_json":{"title":"Unsere Marken - FORA","robots":{"index":"index","follow":"follow","max-snippet":"max-snippet:-1","max-image-preview":"max-image-preview:large","max-video-preview":"max-video-preview:-1"},"canonical":"https:\/\/www.foragroup.eu\/de\/unsere-marken\/","og_locale":"de_DE","og_type":"article","og_title":"Unsere Marken - FORA","og_description":"[mk_page_section min_height=&#8220;650&#8243; js_vertical_centered=&#8220;true&#8220; padding_top=&#8220;66&#8243; padding_bottom=&#8220;0&#8243; top_shape_color=&#8220;#ffffff&#8220; bottom_shape_color=&#8220;#ffffff&#8220; section_id=&#8220;privatelabel&#8220; sidebar=&#8220;sidebar-1&#8243;][vc_column width=&#8220;1\/2&#8243;][mk_padding_divider][mk_image src=&#8220;http:\/\/www.foragroup.eu\/wp-content\/uploads\/2020\/06\/fora_private-label2.png&#8220; image_size=&#8220;full&#8220; crop=&#8220;true&#8220;][\/vc_column][vc_column width=&#8220;1\/2&#8243;][mk_padding_divider][mk_fancy_title tag_name=&#8220;h1&#8243; color=&#8220;#1f1634&#8243; size=&#8220;44&#8243; margin_bottom=&#8220;18&#8243; font_family=&#8220;none&#8220;]Handelsmarken[\/mk_fancy_title][mk_title_box color=&#8220;#553178&#8243; size=&#8220;22&#8243; line_height=&#8220;44&#8243; font_family=&#8220;none&#8220;]Unser Ziel ist die st\u00e4ndige Weiterentwicklung unserer Produkte. Ob Sie sich f\u00fcr eine Hausmarke oder eine unserer Eigenmarken entscheiden, wir arbeiten immer daran den Gewinn Ihres Unternehmens zu steigern. Wenn Sie sich f\u00fcr [&hellip;]","og_url":"https:\/\/www.foragroup.eu\/de\/unsere-marken\/","og_site_name":"FORA","article_modified_time":"2022-07-29T15:18:11+00:00","twitter_misc":{"Gesch\u00e4tzte Lesezeit":"3\u00a0Minuten"},"schema":{"@context":"https:\/\/schema.org","@graph":[{"@type":"WebPage","@id":"https:\/\/www.foragroup.eu\/de\/unsere-marken\/","url":"https:\/\/www.foragroup.eu\/de\/unsere-marken\/","name":"Unsere Marken - FORA","isPartOf":{"@id":"https:\/\/www.foragroup.eu\/de\/#website"},"datePublished":"2020-06-24T12:10:42+00:00","dateModified":"2022-07-29T15:18:11+00:00","breadcrumb":{"@id":"https:\/\/www.foragroup.eu\/de\/unsere-marken\/#breadcrumb"},"inLanguage":"de","potentialAction":[{"@type":"ReadAction","target":["https:\/\/www.foragroup.eu\/de\/unsere-marken\/"]}]},{"@type":"BreadcrumbList","@id":"https:\/\/www.foragroup.eu\/de\/unsere-marken\/#breadcrumb","itemListElement":[{"@type":"ListItem","position":1,"name":"Home","item":"https:\/\/www.foragroup.eu\/de\/"},{"@type":"ListItem","position":2,"name":"Unsere Marken"}]},{"@type":"WebSite","@id":"https:\/\/www.foragroup.eu\/de\/#website","url":"https:\/\/www.foragroup.eu\/de\/","name":"FORA","description":"Hoogwaardige verpakkingen en disposables","potentialAction":[{"@type":"SearchAction","target":{"@type":"EntryPoint","urlTemplate":"https:\/\/www.foragroup.eu\/de\/?s={search_term_string}"},"query-input":"required name=search_term_string"}],"inLanguage":"de"}]}},"_links":{"self":[{"href":"https:\/\/www.foragroup.eu\/de\/wp-json\/wp\/v2\/pages\/3923"}],"collection":[{"href":"https:\/\/www.foragroup.eu\/de\/wp-json\/wp\/v2\/pages"}],"about":[{"href":"https:\/\/www.foragroup.eu\/de\/wp-json\/wp\/v2\/types\/page"}],"author":[{"embeddable":true,"href":"https:\/\/www.foragroup.eu\/de\/wp-json\/wp\/v2\/users\/4"}],"replies":[{"embeddable":true,"href":"https:\/\/www.foragroup.eu\/de\/wp-json\/wp\/v2\/comments?post=3923"}],"version-history":[{"count":6,"href":"https:\/\/www.foragroup.eu\/de\/wp-json\/wp\/v2\/pages\/3923\/revisions"}],"predecessor-version":[{"id":5351,"href":"https:\/\/www.foragroup.eu\/de\/wp-json\/wp\/v2\/pages\/3923\/revisions\/5351"}],"wp:attachment":[{"href":"https:\/\/www.foragroup.eu\/de\/wp-json\/wp\/v2\/media?parent=3923"}],"curies":[{"name":"wp","href":"https:\/\/api.w.org\/{rel}","templated":true}]}}