{"id":4294,"date":"2020-09-04T17:34:34","date_gmt":"2020-09-04T15:34:34","guid":{"rendered":"https:\/\/www.foragroup.eu\/karriere\/"},"modified":"2026-03-11T12:00:05","modified_gmt":"2026-03-11T10:00:05","slug":"karriere","status":"publish","type":"page","link":"https:\/\/www.foragroup.eu\/de\/karriere\/","title":{"rendered":"Karriere"},"content":{"rendered":"[vc_row fullwidth=&#8220;true&#8220; equal_columns=&#8220;true&#8220; attached=&#8220;true&#8220; id=&#8220;about-fora&#8220;][vc_column width=&#8220;1\/2&#8243; el_class=&#8220;midden-verticaal&#8220;][mk_padding_divider size=&#8220;60&#8243;][mk_padding_divider size=&#8220;120&#8243; visibility=&#8220;visible-tl&#8220;][vc_video link=&#8220;https:\/\/youtu.be\/4zYROLNCOsg&#8220;][mk_padding_divider size=&#8220;120&#8243; visibility=&#8220;visible-tl&#8220;][\/vc_column][vc_column width=&#8220;1\/2&#8243;][mk_custom_box padding_vertical=&#8220;40&#8243; padding_horizental=&#8220;80&#8243; margin_bottom=&#8220;0&#8243; min_height=&#8220;700&#8243; bg_stretch=&#8220;false&#8220;][mk_fancy_title tag_name=&#8220;h3&#8243; color=&#8220;#2c2c2c&#8220; size=&#8220;44&#8243; force_font_size=&#8220;true&#8220; size_tablet=&#8220;25&#8243; size_phone=&#8220;25&#8243; font_weight=&#8220;300&#8243; txt_transform=&#8220;capitalize&#8220; letter_spacing=&#8220;1&#8243; margin_top=&#8220;100&#8243; margin_bottom=&#8220;5&#8243; font_family=&#8220;none&#8220; animation=&#8220;bottom-to-top&#8220;]Karriere[\/mk_fancy_title][mk_title_box color=&#8220;#553178&#8243; size=&#8220;22&#8243; line_height=&#8220;40&#8243; font_family=&#8220;none&#8220;]\n<p style=\"font-weight: 400;\">Wir suchen bei der FORA GmbH engagierte und motivierte Mitarbeiter. Unsere Firma ist ein internationales, agierendes, produzierendes Unternehmen von Frischhalte-, Aluminiumfolien und Backpapier f\u00fcr Lebensmittel. Unsere Produkte finden Sie in den Regalen von renommierten Supermarktketten und in fast allen europ\u00e4ischen K\u00fcchenschubladen.<\/p>\n[\/mk_title_box][vc_column_text css=&#8220;.vc_custom_1773223200130{margin-bottom: 0px !important;}&#8220;]\n<p style=\"font-weight: 400;\"><span lang=\"NL\">Leider haben wir derzeit keine offenen Stellen. Sie k\u00f6nnen jederzeit eine Spontanbewerbung an <\/span><a title=\"mailto:werken@packit.eu\" href=\"mailto:personal@foragroup.eu\" data-outlook-id=\"3d237fb2-7fb9-49f8-b2e4-fc8f4911f254\"><span lang=\"NL\">personal@foragroup.eu<\/span><\/a> <span lang=\"NL\">senden.<\/span><\/p>\n[\/vc_column_text][vc_wp_posts title=&#8220;&#8220; number=&#8220;5&#8243;][\/mk_custom_box][\/vc_column][\/vc_row]\n","protected":false},"excerpt":{"rendered":"<p>[vc_row fullwidth=&#8220;true&#8220; equal_columns=&#8220;true&#8220; attached=&#8220;true&#8220; id=&#8220;about-fora&#8220;][vc_column width=&#8220;1\/2&#8243; el_class=&#8220;midden-verticaal&#8220;][mk_padding_divider size=&#8220;60&#8243;][mk_padding_divider size=&#8220;120&#8243; visibility=&#8220;visible-tl&#8220;][vc_video link=&#8220;https:\/\/youtu.be\/4zYROLNCOsg&#8220;][mk_padding_divider size=&#8220;120&#8243; visibility=&#8220;visible-tl&#8220;][\/vc_column][vc_column width=&#8220;1\/2&#8243;][mk_custom_box padding_vertical=&#8220;40&#8243; padding_horizental=&#8220;80&#8243; margin_bottom=&#8220;0&#8243; min_height=&#8220;700&#8243; bg_stretch=&#8220;false&#8220;][mk_fancy_title tag_name=&#8220;h3&#8243; color=&#8220;#2c2c2c&#8220; size=&#8220;44&#8243; force_font_size=&#8220;true&#8220; size_tablet=&#8220;25&#8243; size_phone=&#8220;25&#8243; font_weight=&#8220;300&#8243; txt_transform=&#8220;capitalize&#8220; letter_spacing=&#8220;1&#8243; margin_top=&#8220;100&#8243; margin_bottom=&#8220;5&#8243; font_family=&#8220;none&#8220; animation=&#8220;bottom-to-top&#8220;]Karriere[\/mk_fancy_title][mk_title_box color=&#8220;#553178&#8243; size=&#8220;22&#8243; line_height=&#8220;40&#8243; font_family=&#8220;none&#8220;] Wir suchen bei der FORA GmbH engagierte und motivierte Mitarbeiter. Unsere Firma ist ein internationales, agierendes, produzierendes Unternehmen von [&hellip;]<\/p>\n","protected":false},"author":4,"featured_media":0,"parent":0,"menu_order":0,"comment_status":"closed","ping_status":"closed","template":"","meta":{"inline_featured_image":false,"footnotes":""},"yoast_head":"<!-- This site is optimized with the Yoast SEO plugin v21.8 - https:\/\/yoast.com\/wordpress\/plugins\/seo\/ -->\n<title>Karriere - FORA<\/title>\n<meta name=\"robots\" content=\"index, follow, max-snippet:-1, max-image-preview:large, max-video-preview:-1\" \/>\n<link rel=\"canonical\" href=\"https:\/\/www.foragroup.eu\/de\/karriere\/\" \/>\n<meta property=\"og:locale\" content=\"de_DE\" \/>\n<meta property=\"og:type\" content=\"article\" \/>\n<meta property=\"og:title\" content=\"Karriere - FORA\" \/>\n<meta property=\"og:description\" content=\"[vc_row fullwidth=&#8220;true&#8220; equal_columns=&#8220;true&#8220; attached=&#8220;true&#8220; id=&#8220;about-fora&#8220;][vc_column width=&#8220;1\/2&#8243; el_class=&#8220;midden-verticaal&#8220;][mk_padding_divider size=&#8220;60&#8243;][mk_padding_divider size=&#8220;120&#8243; visibility=&#8220;visible-tl&#8220;][vc_video link=&#8220;https:\/\/youtu.be\/4zYROLNCOsg&#8220;][mk_padding_divider size=&#8220;120&#8243; visibility=&#8220;visible-tl&#8220;][\/vc_column][vc_column width=&#8220;1\/2&#8243;][mk_custom_box padding_vertical=&#8220;40&#8243; padding_horizental=&#8220;80&#8243; margin_bottom=&#8220;0&#8243; min_height=&#8220;700&#8243; bg_stretch=&#8220;false&#8220;][mk_fancy_title tag_name=&#8220;h3&#8243; color=&#8220;#2c2c2c&#8220; size=&#8220;44&#8243; force_font_size=&#8220;true&#8220; size_tablet=&#8220;25&#8243; size_phone=&#8220;25&#8243; font_weight=&#8220;300&#8243; txt_transform=&#8220;capitalize&#8220; letter_spacing=&#8220;1&#8243; margin_top=&#8220;100&#8243; margin_bottom=&#8220;5&#8243; font_family=&#8220;none&#8220; animation=&#8220;bottom-to-top&#8220;]Karriere[\/mk_fancy_title][mk_title_box color=&#8220;#553178&#8243; size=&#8220;22&#8243; line_height=&#8220;40&#8243; font_family=&#8220;none&#8220;] Wir suchen bei der FORA GmbH engagierte und motivierte Mitarbeiter. Unsere Firma ist ein internationales, agierendes, produzierendes Unternehmen von [&hellip;]\" \/>\n<meta property=\"og:url\" content=\"https:\/\/www.foragroup.eu\/de\/karriere\/\" \/>\n<meta property=\"og:site_name\" content=\"FORA\" \/>\n<meta property=\"article:modified_time\" content=\"2026-03-11T10:00:05+00:00\" \/>\n<meta name=\"twitter:label1\" content=\"Gesch\u00e4tzte Lesezeit\" \/>\n\t<meta name=\"twitter:data1\" content=\"1\u00a0Minute\" \/>\n<script type=\"application\/ld+json\" class=\"yoast-schema-graph\">{\"@context\":\"https:\/\/schema.org\",\"@graph\":[{\"@type\":\"WebPage\",\"@id\":\"https:\/\/www.foragroup.eu\/de\/karriere\/\",\"url\":\"https:\/\/www.foragroup.eu\/de\/karriere\/\",\"name\":\"Karriere - FORA\",\"isPartOf\":{\"@id\":\"https:\/\/www.foragroup.eu\/de\/#website\"},\"datePublished\":\"2020-09-04T15:34:34+00:00\",\"dateModified\":\"2026-03-11T10:00:05+00:00\",\"breadcrumb\":{\"@id\":\"https:\/\/www.foragroup.eu\/de\/karriere\/#breadcrumb\"},\"inLanguage\":\"de\",\"potentialAction\":[{\"@type\":\"ReadAction\",\"target\":[\"https:\/\/www.foragroup.eu\/de\/karriere\/\"]}]},{\"@type\":\"BreadcrumbList\",\"@id\":\"https:\/\/www.foragroup.eu\/de\/karriere\/#breadcrumb\",\"itemListElement\":[{\"@type\":\"ListItem\",\"position\":1,\"name\":\"Home\",\"item\":\"https:\/\/www.foragroup.eu\/de\/\"},{\"@type\":\"ListItem\",\"position\":2,\"name\":\"Karriere\"}]},{\"@type\":\"WebSite\",\"@id\":\"https:\/\/www.foragroup.eu\/de\/#website\",\"url\":\"https:\/\/www.foragroup.eu\/de\/\",\"name\":\"FORA\",\"description\":\"Hoogwaardige verpakkingen en disposables\",\"potentialAction\":[{\"@type\":\"SearchAction\",\"target\":{\"@type\":\"EntryPoint\",\"urlTemplate\":\"https:\/\/www.foragroup.eu\/de\/?s={search_term_string}\"},\"query-input\":\"required name=search_term_string\"}],\"inLanguage\":\"de\"}]}<\/script>\n<!-- \/ Yoast SEO plugin. -->","yoast_head_json":{"title":"Karriere - FORA","robots":{"index":"index","follow":"follow","max-snippet":"max-snippet:-1","max-image-preview":"max-image-preview:large","max-video-preview":"max-video-preview:-1"},"canonical":"https:\/\/www.foragroup.eu\/de\/karriere\/","og_locale":"de_DE","og_type":"article","og_title":"Karriere - FORA","og_description":"[vc_row fullwidth=&#8220;true&#8220; equal_columns=&#8220;true&#8220; attached=&#8220;true&#8220; id=&#8220;about-fora&#8220;][vc_column width=&#8220;1\/2&#8243; el_class=&#8220;midden-verticaal&#8220;][mk_padding_divider size=&#8220;60&#8243;][mk_padding_divider size=&#8220;120&#8243; visibility=&#8220;visible-tl&#8220;][vc_video link=&#8220;https:\/\/youtu.be\/4zYROLNCOsg&#8220;][mk_padding_divider size=&#8220;120&#8243; visibility=&#8220;visible-tl&#8220;][\/vc_column][vc_column width=&#8220;1\/2&#8243;][mk_custom_box padding_vertical=&#8220;40&#8243; padding_horizental=&#8220;80&#8243; margin_bottom=&#8220;0&#8243; min_height=&#8220;700&#8243; bg_stretch=&#8220;false&#8220;][mk_fancy_title tag_name=&#8220;h3&#8243; color=&#8220;#2c2c2c&#8220; size=&#8220;44&#8243; force_font_size=&#8220;true&#8220; size_tablet=&#8220;25&#8243; size_phone=&#8220;25&#8243; font_weight=&#8220;300&#8243; txt_transform=&#8220;capitalize&#8220; letter_spacing=&#8220;1&#8243; margin_top=&#8220;100&#8243; margin_bottom=&#8220;5&#8243; font_family=&#8220;none&#8220; animation=&#8220;bottom-to-top&#8220;]Karriere[\/mk_fancy_title][mk_title_box color=&#8220;#553178&#8243; size=&#8220;22&#8243; line_height=&#8220;40&#8243; font_family=&#8220;none&#8220;] Wir suchen bei der FORA GmbH engagierte und motivierte Mitarbeiter. Unsere Firma ist ein internationales, agierendes, produzierendes Unternehmen von [&hellip;]","og_url":"https:\/\/www.foragroup.eu\/de\/karriere\/","og_site_name":"FORA","article_modified_time":"2026-03-11T10:00:05+00:00","twitter_misc":{"Gesch\u00e4tzte Lesezeit":"1\u00a0Minute"},"schema":{"@context":"https:\/\/schema.org","@graph":[{"@type":"WebPage","@id":"https:\/\/www.foragroup.eu\/de\/karriere\/","url":"https:\/\/www.foragroup.eu\/de\/karriere\/","name":"Karriere - FORA","isPartOf":{"@id":"https:\/\/www.foragroup.eu\/de\/#website"},"datePublished":"2020-09-04T15:34:34+00:00","dateModified":"2026-03-11T10:00:05+00:00","breadcrumb":{"@id":"https:\/\/www.foragroup.eu\/de\/karriere\/#breadcrumb"},"inLanguage":"de","potentialAction":[{"@type":"ReadAction","target":["https:\/\/www.foragroup.eu\/de\/karriere\/"]}]},{"@type":"BreadcrumbList","@id":"https:\/\/www.foragroup.eu\/de\/karriere\/#breadcrumb","itemListElement":[{"@type":"ListItem","position":1,"name":"Home","item":"https:\/\/www.foragroup.eu\/de\/"},{"@type":"ListItem","position":2,"name":"Karriere"}]},{"@type":"WebSite","@id":"https:\/\/www.foragroup.eu\/de\/#website","url":"https:\/\/www.foragroup.eu\/de\/","name":"FORA","description":"Hoogwaardige verpakkingen en disposables","potentialAction":[{"@type":"SearchAction","target":{"@type":"EntryPoint","urlTemplate":"https:\/\/www.foragroup.eu\/de\/?s={search_term_string}"},"query-input":"required name=search_term_string"}],"inLanguage":"de"}]}},"_links":{"self":[{"href":"https:\/\/www.foragroup.eu\/de\/wp-json\/wp\/v2\/pages\/4294"}],"collection":[{"href":"https:\/\/www.foragroup.eu\/de\/wp-json\/wp\/v2\/pages"}],"about":[{"href":"https:\/\/www.foragroup.eu\/de\/wp-json\/wp\/v2\/types\/page"}],"author":[{"embeddable":true,"href":"https:\/\/www.foragroup.eu\/de\/wp-json\/wp\/v2\/users\/4"}],"replies":[{"embeddable":true,"href":"https:\/\/www.foragroup.eu\/de\/wp-json\/wp\/v2\/comments?post=4294"}],"version-history":[{"count":20,"href":"https:\/\/www.foragroup.eu\/de\/wp-json\/wp\/v2\/pages\/4294\/revisions"}],"predecessor-version":[{"id":6259,"href":"https:\/\/www.foragroup.eu\/de\/wp-json\/wp\/v2\/pages\/4294\/revisions\/6259"}],"wp:attachment":[{"href":"https:\/\/www.foragroup.eu\/de\/wp-json\/wp\/v2\/media?parent=4294"}],"curies":[{"name":"wp","href":"https:\/\/api.w.org\/{rel}","templated":true}]}}