{"id":5950,"date":"2023-09-15T16:25:44","date_gmt":"2023-09-15T14:25:44","guid":{"rendered":"https:\/\/www.foragroup.eu\/?page_id=5950"},"modified":"2024-03-19T14:38:22","modified_gmt":"2024-03-19T12:38:22","slug":"impressum","status":"publish","type":"page","link":"https:\/\/www.foragroup.eu\/de\/impressum\/","title":{"rendered":"Impressum"},"content":{"rendered":"[vc_row][vc_column][vc_column_text css=&#8220;.vc_custom_1694787612203{margin-bottom: 0px !important;}&#8220;]\n<h1><b>Impressum<\/b><\/h1>\n[\/vc_column_text][vc_column_text css=&#8220;.vc_custom_1710851899441{margin-bottom: 0px !important;}&#8220;]<strong>KONTAKTINFORMATIONEN<\/strong><br \/>\nFORA Folienfabrik GmbH<\/p>\n<p>Pfaffenh\u00e4ule 30<br \/>\nD-78224 Singen<br \/>\nDeutschland<\/p>\n<p>Tel: +49 7731 38841 \u2013 0<br \/>\nFax: +49 7731 1692 061<br \/>\nEmail: info@foragroup.eu<br \/>\nWebsite: https:\/\/www.foragroup.eu<\/p>\n<p><strong>REGISTERGERICHT:<\/strong><br \/>\nFreiburg HRB 719234<br \/>\nGLN 4003360000006<br \/>\nSteuernummer: 18118\/09900<br \/>\nUST-ID Nr.: DE321536948<\/p>\n<p><strong>GESCH\u00c4FTSF\u00dcHRER:<\/strong><br \/>\nJ. de Munnik<br \/>\n(Verantwortlich f\u00fcr den Inhalt\u00a0gem. \u00a7 55 Abs. 2 RStV)<\/p>\n<p>Pfaffenh\u00e4ule 30<br \/>\nD-78224 Singen<br \/>\nDeutschland<\/p>\n<p>Dieses Impressum wurde zuletzt am 12. September 2023 \u00fcberarbeitet.[\/vc_column_text][\/vc_column][\/vc_row]\n","protected":false},"excerpt":{"rendered":"<p>[vc_row][vc_column][vc_column_text css=&#8220;.vc_custom_1694787612203{margin-bottom: 0px !important;}&#8220;] Impressum [\/vc_column_text][vc_column_text css=&#8220;.vc_custom_1710851899441{margin-bottom: 0px !important;}&#8220;]KONTAKTINFORMATIONEN FORA Folienfabrik GmbH Pfaffenh\u00e4ule 30 D-78224 Singen Deutschland Tel: +49 7731 38841 \u2013 0 Fax: +49 7731 1692 061 Email: info@foragroup.eu Website: https:\/\/www.foragroup.eu REGISTERGERICHT: Freiburg HRB 719234 GLN 4003360000006 Steuernummer: 18118\/09900 UST-ID Nr.: DE321536948 GESCH\u00c4FTSF\u00dcHRER: J. de Munnik (Verantwortlich f\u00fcr den Inhalt\u00a0gem. \u00a7 55 Abs. 2 [&hellip;]<\/p>\n","protected":false},"author":4,"featured_media":0,"parent":0,"menu_order":25,"comment_status":"closed","ping_status":"closed","template":"","meta":{"inline_featured_image":false,"footnotes":""},"yoast_head":"<!-- This site is optimized with the Yoast SEO plugin v21.8 - https:\/\/yoast.com\/wordpress\/plugins\/seo\/ -->\n<title>Impressum - FORA<\/title>\n<meta name=\"robots\" content=\"index, follow, max-snippet:-1, max-image-preview:large, max-video-preview:-1\" \/>\n<link rel=\"canonical\" href=\"https:\/\/www.foragroup.eu\/de\/impressum\/\" \/>\n<meta property=\"og:locale\" content=\"de_DE\" \/>\n<meta property=\"og:type\" content=\"article\" \/>\n<meta property=\"og:title\" content=\"Impressum - FORA\" \/>\n<meta property=\"og:description\" content=\"[vc_row][vc_column][vc_column_text css=&#8220;.vc_custom_1694787612203{margin-bottom: 0px !important;}&#8220;] Impressum [\/vc_column_text][vc_column_text css=&#8220;.vc_custom_1710851899441{margin-bottom: 0px !important;}&#8220;]KONTAKTINFORMATIONEN FORA Folienfabrik GmbH Pfaffenh\u00e4ule 30 D-78224 Singen Deutschland Tel: +49 7731 38841 \u2013 0 Fax: +49 7731 1692 061 Email: info@foragroup.eu Website: https:\/\/www.foragroup.eu REGISTERGERICHT: Freiburg HRB 719234 GLN 4003360000006 Steuernummer: 18118\/09900 UST-ID Nr.: DE321536948 GESCH\u00c4FTSF\u00dcHRER: J. de Munnik (Verantwortlich f\u00fcr den Inhalt\u00a0gem. \u00a7 55 Abs. 2 [&hellip;]\" \/>\n<meta property=\"og:url\" content=\"https:\/\/www.foragroup.eu\/de\/impressum\/\" \/>\n<meta property=\"og:site_name\" content=\"FORA\" \/>\n<meta property=\"article:modified_time\" content=\"2024-03-19T12:38:22+00:00\" \/>\n<meta name=\"twitter:label1\" content=\"Gesch\u00e4tzte Lesezeit\" \/>\n\t<meta name=\"twitter:data1\" content=\"1\u00a0Minute\" \/>\n<script type=\"application\/ld+json\" class=\"yoast-schema-graph\">{\"@context\":\"https:\/\/schema.org\",\"@graph\":[{\"@type\":\"WebPage\",\"@id\":\"https:\/\/www.foragroup.eu\/de\/impressum\/\",\"url\":\"https:\/\/www.foragroup.eu\/de\/impressum\/\",\"name\":\"Impressum - FORA\",\"isPartOf\":{\"@id\":\"https:\/\/www.foragroup.eu\/de\/#website\"},\"datePublished\":\"2023-09-15T14:25:44+00:00\",\"dateModified\":\"2024-03-19T12:38:22+00:00\",\"breadcrumb\":{\"@id\":\"https:\/\/www.foragroup.eu\/de\/impressum\/#breadcrumb\"},\"inLanguage\":\"de\",\"potentialAction\":[{\"@type\":\"ReadAction\",\"target\":[\"https:\/\/www.foragroup.eu\/de\/impressum\/\"]}]},{\"@type\":\"BreadcrumbList\",\"@id\":\"https:\/\/www.foragroup.eu\/de\/impressum\/#breadcrumb\",\"itemListElement\":[{\"@type\":\"ListItem\",\"position\":1,\"name\":\"Home\",\"item\":\"https:\/\/www.foragroup.eu\/de\/\"},{\"@type\":\"ListItem\",\"position\":2,\"name\":\"Impressum\"}]},{\"@type\":\"WebSite\",\"@id\":\"https:\/\/www.foragroup.eu\/de\/#website\",\"url\":\"https:\/\/www.foragroup.eu\/de\/\",\"name\":\"FORA\",\"description\":\"Hoogwaardige verpakkingen en disposables\",\"potentialAction\":[{\"@type\":\"SearchAction\",\"target\":{\"@type\":\"EntryPoint\",\"urlTemplate\":\"https:\/\/www.foragroup.eu\/de\/?s={search_term_string}\"},\"query-input\":\"required name=search_term_string\"}],\"inLanguage\":\"de\"}]}<\/script>\n<!-- \/ Yoast SEO plugin. -->","yoast_head_json":{"title":"Impressum - FORA","robots":{"index":"index","follow":"follow","max-snippet":"max-snippet:-1","max-image-preview":"max-image-preview:large","max-video-preview":"max-video-preview:-1"},"canonical":"https:\/\/www.foragroup.eu\/de\/impressum\/","og_locale":"de_DE","og_type":"article","og_title":"Impressum - FORA","og_description":"[vc_row][vc_column][vc_column_text css=&#8220;.vc_custom_1694787612203{margin-bottom: 0px !important;}&#8220;] Impressum [\/vc_column_text][vc_column_text css=&#8220;.vc_custom_1710851899441{margin-bottom: 0px !important;}&#8220;]KONTAKTINFORMATIONEN FORA Folienfabrik GmbH Pfaffenh\u00e4ule 30 D-78224 Singen Deutschland Tel: +49 7731 38841 \u2013 0 Fax: +49 7731 1692 061 Email: info@foragroup.eu Website: https:\/\/www.foragroup.eu REGISTERGERICHT: Freiburg HRB 719234 GLN 4003360000006 Steuernummer: 18118\/09900 UST-ID Nr.: DE321536948 GESCH\u00c4FTSF\u00dcHRER: J. de Munnik (Verantwortlich f\u00fcr den Inhalt\u00a0gem. \u00a7 55 Abs. 2 [&hellip;]","og_url":"https:\/\/www.foragroup.eu\/de\/impressum\/","og_site_name":"FORA","article_modified_time":"2024-03-19T12:38:22+00:00","twitter_misc":{"Gesch\u00e4tzte Lesezeit":"1\u00a0Minute"},"schema":{"@context":"https:\/\/schema.org","@graph":[{"@type":"WebPage","@id":"https:\/\/www.foragroup.eu\/de\/impressum\/","url":"https:\/\/www.foragroup.eu\/de\/impressum\/","name":"Impressum - FORA","isPartOf":{"@id":"https:\/\/www.foragroup.eu\/de\/#website"},"datePublished":"2023-09-15T14:25:44+00:00","dateModified":"2024-03-19T12:38:22+00:00","breadcrumb":{"@id":"https:\/\/www.foragroup.eu\/de\/impressum\/#breadcrumb"},"inLanguage":"de","potentialAction":[{"@type":"ReadAction","target":["https:\/\/www.foragroup.eu\/de\/impressum\/"]}]},{"@type":"BreadcrumbList","@id":"https:\/\/www.foragroup.eu\/de\/impressum\/#breadcrumb","itemListElement":[{"@type":"ListItem","position":1,"name":"Home","item":"https:\/\/www.foragroup.eu\/de\/"},{"@type":"ListItem","position":2,"name":"Impressum"}]},{"@type":"WebSite","@id":"https:\/\/www.foragroup.eu\/de\/#website","url":"https:\/\/www.foragroup.eu\/de\/","name":"FORA","description":"Hoogwaardige verpakkingen en disposables","potentialAction":[{"@type":"SearchAction","target":{"@type":"EntryPoint","urlTemplate":"https:\/\/www.foragroup.eu\/de\/?s={search_term_string}"},"query-input":"required name=search_term_string"}],"inLanguage":"de"}]}},"_links":{"self":[{"href":"https:\/\/www.foragroup.eu\/de\/wp-json\/wp\/v2\/pages\/5950"}],"collection":[{"href":"https:\/\/www.foragroup.eu\/de\/wp-json\/wp\/v2\/pages"}],"about":[{"href":"https:\/\/www.foragroup.eu\/de\/wp-json\/wp\/v2\/types\/page"}],"author":[{"embeddable":true,"href":"https:\/\/www.foragroup.eu\/de\/wp-json\/wp\/v2\/users\/4"}],"replies":[{"embeddable":true,"href":"https:\/\/www.foragroup.eu\/de\/wp-json\/wp\/v2\/comments?post=5950"}],"version-history":[{"count":9,"href":"https:\/\/www.foragroup.eu\/de\/wp-json\/wp\/v2\/pages\/5950\/revisions"}],"predecessor-version":[{"id":6030,"href":"https:\/\/www.foragroup.eu\/de\/wp-json\/wp\/v2\/pages\/5950\/revisions\/6030"}],"wp:attachment":[{"href":"https:\/\/www.foragroup.eu\/de\/wp-json\/wp\/v2\/media?parent=5950"}],"curies":[{"name":"wp","href":"https:\/\/api.w.org\/{rel}","templated":true}]}}