{"id":3885,"date":"2020-06-24T12:12:31","date_gmt":"2020-06-24T10:12:31","guid":{"rendered":"https:\/\/www.foragroup.eu\/home\/"},"modified":"2022-10-20T13:28:21","modified_gmt":"2022-10-20T11:28:21","slug":"home","status":"publish","type":"page","link":"https:\/\/www.foragroup.eu\/fr\/","title":{"rendered":"Page d&rsquo;accueil"},"content":{"rendered":"[vc_row][vc_column][layerslider_vc id=\u00a0\u00bb18&Prime;][\/vc_column][\/vc_row][vc_row fullwidth=\u00a0\u00bbtrue\u00a0\u00bb equal_columns=\u00a0\u00bbtrue\u00a0\u00bb][vc_column width=\u00a0\u00bb1\/12&Prime;][\/vc_column][vc_column width=\u00a0\u00bb5\/12&Prime; el_class=\u00a0\u00bbmidden-verticaal\u00a0\u00bb][mk_fancy_title tag_name=\u00a0\u00bbh3&Prime; color=\u00a0\u00bb#1e1735&Prime; size=\u00a0\u00bb44&Prime; force_font_size=\u00a0\u00bbtrue\u00a0\u00bb size_tablet=\u00a0\u00bb25&Prime; size_phone=\u00a0\u00bb25&Prime; font_weight=\u00a0\u00bb300&Prime; letter_spacing=\u00a0\u00bb1&Prime; margin_top=\u00a0\u00bb10&Prime; margin_bottom=\u00a0\u00bb0&Prime; font_family=\u00a0\u00bbnone\u00a0\u00bb]Du film alimentaire au sac \u00e0 d\u00e9chets[\/mk_fancy_title][vc_column_text css=\u00a0\u00bb.vc_custom_1592998646884{margin-bottom: 0px !important;}\u00a0\u00bb]Nous fournissons une large gamme de produits m\u00e9nagers dans les cat\u00e9gories de films alimentaires, sacs de cong\u00e9lations, sacs poubelles, sacs \u00e0 cabas, vaisselles jetables et plus encore aupr\u00e8s de la Grande distribution et de la restauration.[\/vc_column_text][mk_button dimension=\u00a0\u00bbflat\u00a0\u00bb corner_style=\u00a0\u00bbrounded\u00a0\u00bb size=\u00a0\u00bblarge\u00a0\u00bb url=\u00a0\u00bbhttps:\/\/www.foragroup.eu\/fr\/fora\/\u00a0\u00bb btn_hover_bg=\u00a0\u00bb#06b4cf\u00a0\u00bb btn_hover_txt_color=\u00a0\u00bb#1e1735&Prime;]A propos de FORA \u00bb[\/mk_button][\/vc_column][vc_column width=\u00a0\u00bb6\/12&Prime; el_class=\u00a0\u00bbmidden-verticaal\u00a0\u00bb][mk_image src=\u00a0\u00bbhttp:\/\/www.foragroup.eu\/wp-content\/uploads\/2020\/05\/products-total.png\u00a0\u00bb image_size=\u00a0\u00bbfull\u00a0\u00bb align=\u00a0\u00bbright\u00a0\u00bb][\/vc_column][\/vc_row][vc_row fullwidth=\u00a0\u00bbtrue\u00a0\u00bb css=\u00a0\u00bb.vc_custom_1495438118855{background-color: #1e1735 !important;}\u00a0\u00bb][vc_column][mk_animated_columns column_height=\u00a0\u00bb600&Prime; column_number=\u00a0\u00bb7&Prime; order=\u00a0\u00bbASC\u00a0\u00bb orderby=\u00a0\u00bbmenu_order\u00a0\u00bb title_size=\u00a0\u00bb26&Prime; bg_hover_color=\u00a0\u00bb#a2c962&Prime; icon_size=\u00a0\u00bb64&Prime; icon_color=\u00a0\u00bb#a2c962&Prime; icon_hover_color=\u00a0\u00bb#ffffff\u00a0\u00bb txt_color=\u00a0\u00bb#ffffff\u00a0\u00bb btn_color=\u00a0\u00bb#ffffff\u00a0\u00bb btn_hover_color=\u00a0\u00bb#06b4cf\u00a0\u00bb btn_hover_txt_color=\u00a0\u00bb#1e1735&Prime;][\/vc_column][\/vc_row][mk_page_section bg_position=\u00a0\u00bbcenter center\u00a0\u00bb bg_repeat=\u00a0\u00bbno-repeat\u00a0\u00bb bg_stretch=\u00a0\u00bbtrue\u00a0\u00bb adaptive_height=\u00a0\u00bbtrue\u00a0\u00bb padding_top=\u00a0\u00bb55&Prime; padding_bottom=\u00a0\u00bb55&Prime; top_shape_color=\u00a0\u00bb#ffffff\u00a0\u00bb bottom_shape_color=\u00a0\u00bb#ffffff\u00a0\u00bb sidebar=\u00a0\u00bbsidebar-1&Prime;][vc_column css=\u00a0\u00bb.vc_custom_1579699551780{background-position: center !important;background-repeat: no-repeat !important;background-size: cover !important;}\u00a0\u00bb]<!-- Accordion Slider -->\n<div id=\"examplec8a337762d51ab32e4b66289b6d3bc6e\" class=\"accordion-slider\" style=\"margin-top: 50px;\">\n    <div class=\"as-panels\">\n\n                    <div class=\"as-panel\">\n                <a href=\"https:\/\/www.foragroup.eu\/fr\/nos-marques\/#privatelabel\" target=\"_blank\">\n                    <img class=\"as-background\" src=\"https:\/\/www.foragroup.eu\/wp-content\/plugins\/fora-vc-custom\/views\/css\/images\/blank.gif\" data-src=\"https:\/\/www.foragroup.eu\/wp-content\/uploads\/2020\/04\/slider-fora-home.jpg\"\/>\n                <\/a>\n\n                <div\n                    class=\"as-layer as-closed as-white as-vertical panel-counter\"\n                    data-position=\"bottomLeft\" data-horizontal=\"8\" data-vertical=\"8\"\n                    style=\"padding: 10px\"\n                >\n                    Private Label                <\/div>\n\n                <p class=\"as-layer as-opened as-black as-padding\"\n                   data-position=\"bottomLeft\"\n                   data-show-transition=\"up\" data-hide-transition=\"down\"\n                >\n                    Private Label                <\/p>\n            <\/div>\n                    <div class=\"as-panel\">\n                <a href=\"https:\/\/www.foragroup.eu\/fr\/nos-marques\/#Dumil\" target=\"_blank\">\n                    <img class=\"as-background\" src=\"https:\/\/www.foragroup.eu\/wp-content\/plugins\/fora-vc-custom\/views\/css\/images\/blank.gif\" data-src=\"https:\/\/www.foragroup.eu\/wp-content\/uploads\/2020\/04\/slider-fora-home-dumil.jpg\"\/>\n                <\/a>\n\n                <div\n                    class=\"as-layer as-closed as-white as-vertical panel-counter\"\n                    data-position=\"bottomLeft\" data-horizontal=\"8\" data-vertical=\"8\"\n                    style=\"padding: 10px\"\n                >\n                    Dumil                <\/div>\n\n                <p class=\"as-layer as-opened as-black as-padding\"\n                   data-position=\"bottomLeft\"\n                   data-show-transition=\"up\" data-hide-transition=\"down\"\n                >\n                    Dumil                <\/p>\n            <\/div>\n                    <div class=\"as-panel\">\n                <a href=\"https:\/\/www.foragroup.eu\/fr\/nos-marques\/#julia\" target=\"_blank\">\n                    <img class=\"as-background\" src=\"https:\/\/www.foragroup.eu\/wp-content\/plugins\/fora-vc-custom\/views\/css\/images\/blank.gif\" data-src=\"https:\/\/www.foragroup.eu\/wp-content\/uploads\/2020\/04\/slider-fora-home3.jpg\"\/>\n                <\/a>\n\n                <div\n                    class=\"as-layer as-closed as-white as-vertical panel-counter\"\n                    data-position=\"bottomLeft\" data-horizontal=\"8\" data-vertical=\"8\"\n                    style=\"padding: 10px\"\n                >\n                    Julia                <\/div>\n\n                <p class=\"as-layer as-opened as-black as-padding\"\n                   data-position=\"bottomLeft\"\n                   data-show-transition=\"up\" data-hide-transition=\"down\"\n                >\n                    Julia                <\/p>\n            <\/div>\n                    <div class=\"as-panel\">\n                <a href=\"https:\/\/www.foragroup.eu\/fr\/nos-marques\/#smile\" target=\"_blank\">\n                    <img class=\"as-background\" src=\"https:\/\/www.foragroup.eu\/wp-content\/plugins\/fora-vc-custom\/views\/css\/images\/blank.gif\" data-src=\"https:\/\/www.foragroup.eu\/wp-content\/uploads\/2020\/04\/slider-fora-home4.jpg\"\/>\n                <\/a>\n\n                <div\n                    class=\"as-layer as-closed as-white as-vertical panel-counter\"\n                    data-position=\"bottomLeft\" data-horizontal=\"8\" data-vertical=\"8\"\n                    style=\"padding: 10px\"\n                >\n                    Smile                <\/div>\n\n                <p class=\"as-layer as-opened as-black as-padding\"\n                   data-position=\"bottomLeft\"\n                   data-show-transition=\"up\" data-hide-transition=\"down\"\n                >\n                    Smile                <\/p>\n            <\/div>\n            <\/div>\n<\/div>\n\n<!-- End of Accordion Slider -->\n\n<script type=\"text\/javascript\">\n  jQuery(document).ready(function($) {\n    \/\/ instantiate the accordion\n    jQuery('#examplec8a337762d51ab32e4b66289b6d3bc6e').accordionSlider({\n      width: 1200,\n      height: 400,\n      responsiveMode: 'auto',\n      visiblePanels: 4,\n      closePanelsOnMouseOut: false,\n      autoplay: true\n    });\n  });\n<\/script>\n\n<style>\n    .as-panel.as-opened {\n        width: 80%; !important;\n    }\n\n    .as-panel.as-opened .as-background {\n        max-width: 100% !important;\n    }\n<\/style>\n[mk_padding_divider size=\u00a0\u00bb22&Prime;][mk_button dimension=\u00a0\u00bbflat\u00a0\u00bb corner_style=\u00a0\u00bbrounded\u00a0\u00bb size=\u00a0\u00bblarge\u00a0\u00bb url=\u00a0\u00bbhttps:\/\/www.foragroup.eu\/fr\/nos-marques\/\u00a0\u00bb align=\u00a0\u00bbcenter\u00a0\u00bb margin_top=\u00a0\u00bb-\u00a0\u00bb margin_bottom=\u00a0\u00bb-\u00a0\u00bb margin_right=\u00a0\u00bb-\u00a0\u00bb bg_color=\u00a0\u00bb#a2c962&Prime; btn_hover_bg=\u00a0\u00bb#06b4cf\u00a0\u00bb btn_hover_txt_color=\u00a0\u00bb#1e1735&Prime;]Nos marques \u00bb[\/mk_button][\/vc_column][\/mk_page_section][vc_row][vc_column][mk_padding_divider size=\u00a0\u00bb120&Prime;][mk_fancy_title tag_name=\u00a0\u00bbh3&Prime; size=\u00a0\u00bb22&Prime; font_family=\u00a0\u00bbnone\u00a0\u00bb align=\u00a0\u00bbcenter\u00a0\u00bb]Certificats dans notre cha\u00eene de valeur[\/mk_fancy_title][vc_column_text]\n\t\t<style>\n\t\t\t#wpls-logo-showcase-slider-1 .wpls-fix-box,\n\t\t\t#wpls-logo-showcase-slider-1 .wpls-fix-box img.wp-post-image{max-height:250px; }\n\t\t<\/style>\n\n\t\t<div class=\"wpls-wrap wpls-logo-showcase-slider-wrp wpls-logo-clearfix wpls-design-1 \" data-conf=\"{&quot;slides_column&quot;:&quot;4&quot;,&quot;slides_scroll&quot;:1,&quot;dots&quot;:&quot;true&quot;,&quot;arrows&quot;:&quot;true&quot;,&quot;autoplay&quot;:&quot;true&quot;,&quot;autoplay_interval&quot;:3000,&quot;loop&quot;:&quot;true&quot;,&quot;rtl&quot;:&quot;false&quot;,&quot;speed&quot;:800,&quot;center_mode&quot;:&quot;false&quot;,&quot;lazyload&quot;:&quot;&quot;}\">\n\t\t\t<div class=\"wpls-logo-showcase logo_showcase wpls-logo-slider  sliderimage_hide_border \" id=\"wpls-logo-showcase-slider-1\" >\n\t\t\t\t<div class=\"wpls-logo-cnt\">\n\t<div class=\"wpls-fix-box\">\n\t\t\t\t<img class=\"wp-post-image\"  src=\"https:\/\/www.foragroup.eu\/wp-content\/uploads\/2020\/02\/amfori-blauw.png\" alt=\"\" \/>\n\t\t\t<\/div>\n\t<\/div><div class=\"wpls-logo-cnt\">\n\t<div class=\"wpls-fix-box\">\n\t\t\t\t<img class=\"wp-post-image\"  src=\"https:\/\/www.foragroup.eu\/wp-content\/uploads\/2020\/04\/seedling-7p2225-blauw.png\" alt=\"\" \/>\n\t\t\t<\/div>\n\t<\/div><div class=\"wpls-logo-cnt\">\n\t<div class=\"wpls-fix-box\">\n\t\t\t\t<img class=\"wp-post-image\"  src=\"https:\/\/www.foragroup.eu\/wp-content\/uploads\/2020\/04\/seedling-7p0488-blauw.png\" alt=\"\" \/>\n\t\t\t<\/div>\n\t<\/div><div class=\"wpls-logo-cnt\">\n\t<div class=\"wpls-fix-box\">\n\t\t\t\t<img class=\"wp-post-image\"  src=\"https:\/\/www.foragroup.eu\/wp-content\/uploads\/2020\/04\/fsc-c159798-blauw.png\" alt=\"\" \/>\n\t\t\t<\/div>\n\t<\/div><div class=\"wpls-logo-cnt\">\n\t<div class=\"wpls-fix-box\">\n\t\t\t\t<img class=\"wp-post-image\"  src=\"https:\/\/www.foragroup.eu\/wp-content\/uploads\/2020\/04\/ifs-hcp-blauw2.png\" alt=\"\" \/>\n\t\t\t<\/div>\n\t<\/div><div class=\"wpls-logo-cnt\">\n\t<div class=\"wpls-fix-box\">\n\t\t\t\t<img class=\"wp-post-image\"  src=\"https:\/\/www.foragroup.eu\/wp-content\/uploads\/2020\/04\/iso-9001-blauw-new.png\" alt=\"\" \/>\n\t\t\t<\/div>\n\t<\/div><div class=\"wpls-logo-cnt\">\n\t<div class=\"wpls-fix-box\">\n\t\t\t\t<img class=\"wp-post-image\"  src=\"https:\/\/www.foragroup.eu\/wp-content\/uploads\/2020\/04\/ok-compost-home-0902-blauw.png\" alt=\"\" \/>\n\t\t\t<\/div>\n\t<\/div><div class=\"wpls-logo-cnt\">\n\t<div class=\"wpls-fix-box\">\n\t\t\t\t<img class=\"wp-post-image\"  src=\"https:\/\/www.foragroup.eu\/wp-content\/uploads\/2020\/04\/ok-compost-industrial-0902-blauw.png\" alt=\"\" \/>\n\t\t\t<\/div>\n\t<\/div>\t\t\t<\/div>\n\t\t<\/div>\n\n\t\t[\/vc_column_text][mk_padding_divider size=\u00a0\u00bb120&Prime;][\/vc_column][\/vc_row]\n","protected":false},"excerpt":{"rendered":"<p>[vc_row][vc_column][layerslider_vc id=\u00a0\u00bb18&Prime;][\/vc_column][\/vc_row][vc_row fullwidth=\u00a0\u00bbtrue\u00a0\u00bb equal_columns=\u00a0\u00bbtrue\u00a0\u00bb][vc_column width=\u00a0\u00bb1\/12&Prime;][\/vc_column][vc_column width=\u00a0\u00bb5\/12&Prime; el_class=\u00a0\u00bbmidden-verticaal\u00a0\u00bb][mk_fancy_title tag_name=\u00a0\u00bbh3&Prime; color=\u00a0\u00bb#1e1735&Prime; size=\u00a0\u00bb44&Prime; force_font_size=\u00a0\u00bbtrue\u00a0\u00bb size_tablet=\u00a0\u00bb25&Prime; size_phone=\u00a0\u00bb25&Prime; font_weight=\u00a0\u00bb300&Prime; letter_spacing=\u00a0\u00bb1&Prime; margin_top=\u00a0\u00bb10&Prime; margin_bottom=\u00a0\u00bb0&Prime; font_family=\u00a0\u00bbnone\u00a0\u00bb]Du film alimentaire au sac \u00e0 d\u00e9chets[\/mk_fancy_title][vc_column_text css=\u00a0\u00bb.vc_custom_1592998646884{margin-bottom: 0px !important;}\u00a0\u00bb]Nous fournissons une large gamme de produits m\u00e9nagers dans les cat\u00e9gories de films alimentaires, sacs de cong\u00e9lations, sacs poubelles, sacs \u00e0 cabas, vaisselles jetables et plus encore aupr\u00e8s de [&hellip;]<\/p>\n","protected":false},"author":3,"featured_media":0,"parent":0,"menu_order":37,"comment_status":"closed","ping_status":"closed","template":"","meta":{"inline_featured_image":false,"footnotes":""},"yoast_head":"<!-- This site is optimized with the Yoast SEO plugin v21.8 - https:\/\/yoast.com\/wordpress\/plugins\/seo\/ -->\n<title>Page d&#039;accueil - FORA<\/title>\n<meta name=\"robots\" content=\"index, follow, max-snippet:-1, max-image-preview:large, max-video-preview:-1\" \/>\n<link rel=\"canonical\" href=\"https:\/\/www.foragroup.eu\/fr\/\" \/>\n<meta property=\"og:locale\" content=\"fr_FR\" \/>\n<meta property=\"og:type\" content=\"article\" \/>\n<meta property=\"og:title\" content=\"Page d&#039;accueil - FORA\" \/>\n<meta property=\"og:description\" content=\"[vc_row][vc_column][layerslider_vc id=\u00a0\u00bb18&Prime;][\/vc_column][\/vc_row][vc_row fullwidth=\u00a0\u00bbtrue\u00a0\u00bb equal_columns=\u00a0\u00bbtrue\u00a0\u00bb][vc_column width=\u00a0\u00bb1\/12&Prime;][\/vc_column][vc_column width=\u00a0\u00bb5\/12&Prime; el_class=\u00a0\u00bbmidden-verticaal\u00a0\u00bb][mk_fancy_title tag_name=\u00a0\u00bbh3&Prime; color=\u00a0\u00bb#1e1735&Prime; size=\u00a0\u00bb44&Prime; force_font_size=\u00a0\u00bbtrue\u00a0\u00bb size_tablet=\u00a0\u00bb25&Prime; size_phone=\u00a0\u00bb25&Prime; font_weight=\u00a0\u00bb300&Prime; letter_spacing=\u00a0\u00bb1&Prime; margin_top=\u00a0\u00bb10&Prime; margin_bottom=\u00a0\u00bb0&Prime; font_family=\u00a0\u00bbnone\u00a0\u00bb]Du film alimentaire au sac \u00e0 d\u00e9chets[\/mk_fancy_title][vc_column_text css=\u00a0\u00bb.vc_custom_1592998646884{margin-bottom: 0px !important;}\u00a0\u00bb]Nous fournissons une large gamme de produits m\u00e9nagers dans les cat\u00e9gories de films alimentaires, sacs de cong\u00e9lations, sacs poubelles, sacs \u00e0 cabas, vaisselles jetables et plus encore aupr\u00e8s de [&hellip;]\" \/>\n<meta property=\"og:url\" content=\"https:\/\/www.foragroup.eu\/fr\/\" \/>\n<meta property=\"og:site_name\" content=\"FORA\" \/>\n<meta property=\"article:modified_time\" content=\"2022-10-20T11:28:21+00:00\" \/>\n<meta name=\"twitter:label1\" content=\"Dur\u00e9e de lecture estim\u00e9e\" \/>\n\t<meta name=\"twitter:data1\" content=\"1 minute\" \/>\n<script type=\"application\/ld+json\" class=\"yoast-schema-graph\">{\"@context\":\"https:\/\/schema.org\",\"@graph\":[{\"@type\":\"WebPage\",\"@id\":\"https:\/\/www.foragroup.eu\/fr\/\",\"url\":\"https:\/\/www.foragroup.eu\/fr\/\",\"name\":\"Page d'accueil - FORA\",\"isPartOf\":{\"@id\":\"https:\/\/www.foragroup.eu\/fr\/#website\"},\"datePublished\":\"2020-06-24T10:12:31+00:00\",\"dateModified\":\"2022-10-20T11:28:21+00:00\",\"breadcrumb\":{\"@id\":\"https:\/\/www.foragroup.eu\/fr\/#breadcrumb\"},\"inLanguage\":\"fr-FR\",\"potentialAction\":[{\"@type\":\"ReadAction\",\"target\":[\"https:\/\/www.foragroup.eu\/fr\/\"]}]},{\"@type\":\"BreadcrumbList\",\"@id\":\"https:\/\/www.foragroup.eu\/fr\/#breadcrumb\",\"itemListElement\":[{\"@type\":\"ListItem\",\"position\":1,\"name\":\"Home\",\"item\":\"https:\/\/www.foragroup.eu\/fr\/\"},{\"@type\":\"ListItem\",\"position\":2,\"name\":\"Page d&rsquo;accueil\"}]},{\"@type\":\"WebSite\",\"@id\":\"https:\/\/www.foragroup.eu\/fr\/#website\",\"url\":\"https:\/\/www.foragroup.eu\/fr\/\",\"name\":\"FORA\",\"description\":\"Hoogwaardige verpakkingen en disposables\",\"potentialAction\":[{\"@type\":\"SearchAction\",\"target\":{\"@type\":\"EntryPoint\",\"urlTemplate\":\"https:\/\/www.foragroup.eu\/fr\/?s={search_term_string}\"},\"query-input\":\"required name=search_term_string\"}],\"inLanguage\":\"fr-FR\"}]}<\/script>\n<!-- \/ Yoast SEO plugin. -->","yoast_head_json":{"title":"Page d'accueil - FORA","robots":{"index":"index","follow":"follow","max-snippet":"max-snippet:-1","max-image-preview":"max-image-preview:large","max-video-preview":"max-video-preview:-1"},"canonical":"https:\/\/www.foragroup.eu\/fr\/","og_locale":"fr_FR","og_type":"article","og_title":"Page d'accueil - FORA","og_description":"[vc_row][vc_column][layerslider_vc id=\u00a0\u00bb18&Prime;][\/vc_column][\/vc_row][vc_row fullwidth=\u00a0\u00bbtrue\u00a0\u00bb equal_columns=\u00a0\u00bbtrue\u00a0\u00bb][vc_column width=\u00a0\u00bb1\/12&Prime;][\/vc_column][vc_column width=\u00a0\u00bb5\/12&Prime; el_class=\u00a0\u00bbmidden-verticaal\u00a0\u00bb][mk_fancy_title tag_name=\u00a0\u00bbh3&Prime; color=\u00a0\u00bb#1e1735&Prime; size=\u00a0\u00bb44&Prime; force_font_size=\u00a0\u00bbtrue\u00a0\u00bb size_tablet=\u00a0\u00bb25&Prime; size_phone=\u00a0\u00bb25&Prime; font_weight=\u00a0\u00bb300&Prime; letter_spacing=\u00a0\u00bb1&Prime; margin_top=\u00a0\u00bb10&Prime; margin_bottom=\u00a0\u00bb0&Prime; font_family=\u00a0\u00bbnone\u00a0\u00bb]Du film alimentaire au sac \u00e0 d\u00e9chets[\/mk_fancy_title][vc_column_text css=\u00a0\u00bb.vc_custom_1592998646884{margin-bottom: 0px !important;}\u00a0\u00bb]Nous fournissons une large gamme de produits m\u00e9nagers dans les cat\u00e9gories de films alimentaires, sacs de cong\u00e9lations, sacs poubelles, sacs \u00e0 cabas, vaisselles jetables et plus encore aupr\u00e8s de [&hellip;]","og_url":"https:\/\/www.foragroup.eu\/fr\/","og_site_name":"FORA","article_modified_time":"2022-10-20T11:28:21+00:00","twitter_misc":{"Dur\u00e9e de lecture estim\u00e9e":"1 minute"},"schema":{"@context":"https:\/\/schema.org","@graph":[{"@type":"WebPage","@id":"https:\/\/www.foragroup.eu\/fr\/","url":"https:\/\/www.foragroup.eu\/fr\/","name":"Page d'accueil - FORA","isPartOf":{"@id":"https:\/\/www.foragroup.eu\/fr\/#website"},"datePublished":"2020-06-24T10:12:31+00:00","dateModified":"2022-10-20T11:28:21+00:00","breadcrumb":{"@id":"https:\/\/www.foragroup.eu\/fr\/#breadcrumb"},"inLanguage":"fr-FR","potentialAction":[{"@type":"ReadAction","target":["https:\/\/www.foragroup.eu\/fr\/"]}]},{"@type":"BreadcrumbList","@id":"https:\/\/www.foragroup.eu\/fr\/#breadcrumb","itemListElement":[{"@type":"ListItem","position":1,"name":"Home","item":"https:\/\/www.foragroup.eu\/fr\/"},{"@type":"ListItem","position":2,"name":"Page d&rsquo;accueil"}]},{"@type":"WebSite","@id":"https:\/\/www.foragroup.eu\/fr\/#website","url":"https:\/\/www.foragroup.eu\/fr\/","name":"FORA","description":"Hoogwaardige verpakkingen en disposables","potentialAction":[{"@type":"SearchAction","target":{"@type":"EntryPoint","urlTemplate":"https:\/\/www.foragroup.eu\/fr\/?s={search_term_string}"},"query-input":"required name=search_term_string"}],"inLanguage":"fr-FR"}]}},"_links":{"self":[{"href":"https:\/\/www.foragroup.eu\/fr\/wp-json\/wp\/v2\/pages\/3885"}],"collection":[{"href":"https:\/\/www.foragroup.eu\/fr\/wp-json\/wp\/v2\/pages"}],"about":[{"href":"https:\/\/www.foragroup.eu\/fr\/wp-json\/wp\/v2\/types\/page"}],"author":[{"embeddable":true,"href":"https:\/\/www.foragroup.eu\/fr\/wp-json\/wp\/v2\/users\/3"}],"replies":[{"embeddable":true,"href":"https:\/\/www.foragroup.eu\/fr\/wp-json\/wp\/v2\/comments?post=3885"}],"version-history":[{"count":14,"href":"https:\/\/www.foragroup.eu\/fr\/wp-json\/wp\/v2\/pages\/3885\/revisions"}],"predecessor-version":[{"id":5575,"href":"https:\/\/www.foragroup.eu\/fr\/wp-json\/wp\/v2\/pages\/3885\/revisions\/5575"}],"wp:attachment":[{"href":"https:\/\/www.foragroup.eu\/fr\/wp-json\/wp\/v2\/media?parent=3885"}],"curies":[{"name":"wp","href":"https:\/\/api.w.org\/{rel}","templated":true}]}}