{"id":3920,"date":"2017-06-26T10:10:17","date_gmt":"2017-06-26T08:10:17","guid":{"rendered":"https:\/\/www.foragroup.eu\/categories\/"},"modified":"2022-07-29T17:09:33","modified_gmt":"2022-07-29T15:09:33","slug":"categories","status":"publish","type":"page","link":"https:\/\/www.foragroup.eu\/fr\/categories\/","title":{"rendered":"Cat\u00e9gories"},"content":{"rendered":"[vc_row fullwidth=\u00a0\u00bbtrue\u00a0\u00bb equal_columns=\u00a0\u00bbtrue\u00a0\u00bb attached=\u00a0\u00bbtrue\u00a0\u00bb css=\u00a0\u00bb.vc_custom_1588236471956{margin-top: -100px !important;background-color: #e8e8ea !important;}\u00a0\u00bb id=\u00a0\u00bbkitchen-foils\u00a0\u00bb][vc_column width=\u00a0\u00bb1\/2&Prime;][mk_padding_divider size=\u00a0\u00bb75&Prime;][mk_image src=\u00a0\u00bbhttp:\/\/www.foragroup.eu\/wp-content\/uploads\/2020\/06\/category-foils2-1.png\u00a0\u00bb image_size=\u00a0\u00bbfull\u00a0\u00bb][\/vc_column][vc_column width=\u00a0\u00bb1\/2&Prime;][mk_custom_box padding_vertical=\u00a0\u00bb80&Prime; padding_horizental=\u00a0\u00bb80&Prime; margin_bottom=\u00a0\u00bb0&Prime; min_height=\u00a0\u00bb700&Prime; bg_color=\u00a0\u00bb#e8e8ea\u00a0\u00bb bg_stretch=\u00a0\u00bbtrue\u00a0\u00bb][vc_column_text]\u00a0<a name=\"waste\"><\/a>[\/vc_column_text][mk_fancy_title color=\u00a0\u00bb#1e1735&Prime; size=\u00a0\u00bb44&Prime; force_font_size=\u00a0\u00bbtrue\u00a0\u00bb size_tablet=\u00a0\u00bb30&Prime; size_phone=\u00a0\u00bb25&Prime; font_weight=\u00a0\u00bb300&Prime; txt_transform=\u00a0\u00bbnone\u00a0\u00bb letter_spacing=\u00a0\u00bb1&Prime; margin_top=\u00a0\u00bb40&Prime; margin_bottom=\u00a0\u00bb11&Prime; font_family=\u00a0\u00bbnone\u00a0\u00bb animation=\u00a0\u00bbbottom-to-top\u00a0\u00bb]Films alimentaires[\/mk_fancy_title][mk_title_box color=\u00a0\u00bb#553178&Prime; size=\u00a0\u00bb22&Prime; line_height=\u00a0\u00bb44&Prime; font_family=\u00a0\u00bbnone\u00a0\u00bb]Indispensable dans chaque cuisine : ces films alimentaires sont con\u00e7us pour la pr\u00e9paration et le stockage des aliments. Nous offrons une gamme compl\u00e8te de films alimentaires, y compris le film \u00e9tirable, le papier d\u2019aluminium et le papier cuisson dans diff\u00e9rents tailles et structures. Les films alimentaires sont produits dans notre usine de production en Allemagne.[\/mk_title_box][vc_column_text][\/vc_column_text][mk_button dimension=\u00a0\u00bbflat\u00a0\u00bb corner_style=\u00a0\u00bbrounded\u00a0\u00bb size=\u00a0\u00bbmedium\u00a0\u00bb url=\u00a0\u00bbhttps:\/\/www.foragroup.eu\/fr\/information-request\/\u00a0\u00bb bg_color=\u00a0\u00bb#a2c962&Prime; btn_hover_bg=\u00a0\u00bb#06b4cf\u00a0\u00bb]plus d\u2019informations \u00bb[\/mk_button][\/mk_custom_box][\/vc_column][\/vc_row][vc_row fullwidth=\u00a0\u00bbtrue\u00a0\u00bb equal_columns=\u00a0\u00bbtrue\u00a0\u00bb attached=\u00a0\u00bbtrue\u00a0\u00bb id=\u00a0\u00bbfood-bags\u00a0\u00bb][vc_column width=\u00a0\u00bb1\/2&Prime;][mk_custom_box padding_vertical=\u00a0\u00bb40&Prime; padding_horizental=\u00a0\u00bb80&Prime; margin_bottom=\u00a0\u00bb0&Prime; min_height=\u00a0\u00bb700&Prime; bg_stretch=\u00a0\u00bbfalse\u00a0\u00bb][vc_column_text]\u00a0<a name=\"bio-bags\"><\/a>[\/vc_column_text][mk_fancy_title tag_name=\u00a0\u00bbh3&Prime; color=\u00a0\u00bb#1e1735&Prime; size=\u00a0\u00bb44&Prime; force_font_size=\u00a0\u00bbtrue\u00a0\u00bb size_tablet=\u00a0\u00bb25&Prime; size_phone=\u00a0\u00bb25&Prime; font_weight=\u00a0\u00bb300&Prime; txt_transform=\u00a0\u00bbnone\u00a0\u00bb letter_spacing=\u00a0\u00bb1&Prime; margin_top=\u00a0\u00bb100&Prime; font_family=\u00a0\u00bbnone\u00a0\u00bb animation=\u00a0\u00bbbottom-to-top\u00a0\u00bb]Sacs alimentaires[\/mk_fancy_title][mk_title_box color=\u00a0\u00bb#553178&Prime; size=\u00a0\u00bb22&Prime; line_height=\u00a0\u00bb44&Prime; font_family=\u00a0\u00bbnone\u00a0\u00bb]Nos diff\u00e9rents emballages sont essentiels pour \u00e9viter le gaspillage alimentaire. Nous proposons diff\u00e9rents sacs de cong\u00e9lation, des sacs \u00e0 sandwich. Equip\u00e9s d\u2019un curseur, la fermeture des emballages devient facile.[\/mk_title_box][mk_button dimension=\u00a0\u00bbflat\u00a0\u00bb corner_style=\u00a0\u00bbrounded\u00a0\u00bb size=\u00a0\u00bbmedium\u00a0\u00bb url=\u00a0\u00bbhttps:\/\/www.foragroup.eu\/fr\/information-request\/\u00a0\u00bb bg_color=\u00a0\u00bb#a2c962&Prime; btn_hover_bg=\u00a0\u00bb#06b4cf\u00a0\u00bb]plus d\u2019informations \u00bb[\/mk_button][\/mk_custom_box][\/vc_column][vc_column width=\u00a0\u00bb1\/2&Prime; el_class=\u00a0\u00bbmidden-verticaal\u00a0\u00bb][mk_image src=\u00a0\u00bbhttp:\/\/www.foragroup.eu\/wp-content\/uploads\/2020\/05\/category-food-bags.png\u00a0\u00bb image_size=\u00a0\u00bbfull\u00a0\u00bb align=\u00a0\u00bbright\u00a0\u00bb][\/vc_column][\/vc_row][vc_row fullwidth=\u00a0\u00bbtrue\u00a0\u00bb equal_columns=\u00a0\u00bbtrue\u00a0\u00bb attached=\u00a0\u00bbtrue\u00a0\u00bb css=\u00a0\u00bb.vc_custom_1588236902306{background-color: #e8e8ea !important;}\u00a0\u00bb id=\u00a0\u00bbwaste-bags\u00a0\u00bb][vc_column width=\u00a0\u00bb1\/2&Prime; el_class=\u00a0\u00bbmidden-verticaal\u00a0\u00bb][mk_image src=\u00a0\u00bbhttp:\/\/www.foragroup.eu\/wp-content\/uploads\/2020\/05\/category-waste-bags.png\u00a0\u00bb image_size=\u00a0\u00bbfull\u00a0\u00bb][\/vc_column][vc_column width=\u00a0\u00bb1\/2&Prime;][vc_column_text]<a name=\"bereiden-bewaren\"><\/a>[\/vc_column_text][mk_custom_box padding_vertical=\u00a0\u00bb40&Prime; padding_horizental=\u00a0\u00bb80&Prime; margin_bottom=\u00a0\u00bb0&Prime; min_height=\u00a0\u00bb700&Prime; bg_stretch=\u00a0\u00bbfalse\u00a0\u00bb][vc_column_text]<a name=\"preparation-storage\"><\/a>[\/vc_column_text][mk_fancy_title tag_name=\u00a0\u00bbh3&Prime; color=\u00a0\u00bb#1e1735&Prime; size=\u00a0\u00bb44&Prime; force_font_size=\u00a0\u00bbtrue\u00a0\u00bb size_tablet=\u00a0\u00bb25&Prime; size_phone=\u00a0\u00bb25&Prime; font_weight=\u00a0\u00bb300&Prime; txt_transform=\u00a0\u00bbnone\u00a0\u00bb letter_spacing=\u00a0\u00bb1&Prime; margin_top=\u00a0\u00bb100&Prime; font_family=\u00a0\u00bbnone\u00a0\u00bb animation=\u00a0\u00bbbottom-to-top\u00a0\u00bb]Sacs poubelles[\/mk_fancy_title][mk_title_box color=\u00a0\u00bb#553178&Prime; size=\u00a0\u00bb22&Prime; line_height=\u00a0\u00bb44&Prime; font_family=\u00a0\u00bbnone\u00a0\u00bb]Nos diff\u00e9rents emballages sont essentiels pour \u00e9viter le gaspillage alimentaire. Nous proposons diff\u00e9rents sacs de cong\u00e9lation, des sacs \u00e0 sandwich. Equip\u00e9s d\u2019un curseur, la fermeture des emballages devient facile.[\/mk_title_box][mk_button dimension=\u00a0\u00bbflat\u00a0\u00bb corner_style=\u00a0\u00bbrounded\u00a0\u00bb size=\u00a0\u00bbmedium\u00a0\u00bb url=\u00a0\u00bbhttps:\/\/www.foragroup.eu\/fr\/information-request\/\u00a0\u00bb bg_color=\u00a0\u00bb#a2c962&Prime; btn_hover_bg=\u00a0\u00bb#06b4cf\u00a0\u00bb]plus d\u2019informations \u00bb[\/mk_button][\/mk_custom_box][\/vc_column][\/vc_row][vc_row fullwidth=\u00a0\u00bbtrue\u00a0\u00bb equal_columns=\u00a0\u00bbtrue\u00a0\u00bb attached=\u00a0\u00bbtrue\u00a0\u00bb id=\u00a0\u00bbcarrier-bags\u00a0\u00bb][vc_column width=\u00a0\u00bb1\/2&Prime;][mk_custom_box padding_vertical=\u00a0\u00bb80&Prime; padding_horizental=\u00a0\u00bb80&Prime; min_height=\u00a0\u00bb300&Prime; bg_stretch=\u00a0\u00bbtrue\u00a0\u00bb][vc_column_text]<a name=\"diygardening\"><\/a>[\/vc_column_text][mk_fancy_title tag_name=\u00a0\u00bbh3&Prime; color=\u00a0\u00bb#1e1735&Prime; size=\u00a0\u00bb44&Prime; force_font_size=\u00a0\u00bbtrue\u00a0\u00bb size_tablet=\u00a0\u00bb30&Prime; size_phone=\u00a0\u00bb25&Prime; font_weight=\u00a0\u00bb300&Prime; letter_spacing=\u00a0\u00bb1&Prime; margin_top=\u00a0\u00bb40&Prime; font_family=\u00a0\u00bbnone\u00a0\u00bb animation=\u00a0\u00bbbottom-to-top\u00a0\u00bb]Sacs \u00e0 cabas[\/mk_fancy_title][mk_title_box color=\u00a0\u00bb#553178&Prime; size=\u00a0\u00bb22&Prime; line_height=\u00a0\u00bb44&Prime; font_family=\u00a0\u00bbnone\u00a0\u00bb]Les sacs \u00e0 cabas tiss\u00e9 ou intiss\u00e9 sont disponibles selon diff\u00e9rentes tailles et mod\u00e8les pour votre marque.[\/mk_title_box][vc_column_text][\/vc_column_text][mk_button dimension=\u00a0\u00bbflat\u00a0\u00bb corner_style=\u00a0\u00bbrounded\u00a0\u00bb size=\u00a0\u00bbmedium\u00a0\u00bb url=\u00a0\u00bbhttps:\/\/www.foragroup.eu\/fr\/information-request\/\u00a0\u00bb bg_color=\u00a0\u00bb#a2c962&Prime; btn_hover_bg=\u00a0\u00bb#06b4cf\u00a0\u00bb]plus d\u2019informations \u00bb[\/mk_button][\/mk_custom_box][\/vc_column][vc_column width=\u00a0\u00bb1\/2&Prime;][mk_image src=\u00a0\u00bbhttp:\/\/www.foragroup.eu\/wp-content\/uploads\/2020\/05\/category-carrier-bags.png\u00a0\u00bb image_size=\u00a0\u00bbfull\u00a0\u00bb align=\u00a0\u00bbright\u00a0\u00bb][\/vc_column][\/vc_row][vc_row fullwidth=\u00a0\u00bbtrue\u00a0\u00bb equal_columns=\u00a0\u00bbtrue\u00a0\u00bb attached=\u00a0\u00bbtrue\u00a0\u00bb css=\u00a0\u00bb.vc_custom_1578990945666{background-color: #e8e8ea !important;}\u00a0\u00bb id=\u00a0\u00bbDisposables\u00a0\u00bb][vc_column width=\u00a0\u00bb1\/2&Prime;][mk_image src=\u00a0\u00bbhttp:\/\/www.foragroup.eu\/wp-content\/uploads\/2020\/05\/category-disposables.png\u00a0\u00bb image_size=\u00a0\u00bbfull\u00a0\u00bb][\/vc_column][vc_column width=\u00a0\u00bb1\/2&Prime;][mk_custom_box padding_vertical=\u00a0\u00bb40&Prime; padding_horizental=\u00a0\u00bb80&Prime; margin_bottom=\u00a0\u00bb0&Prime; min_height=\u00a0\u00bb700&Prime; bg_stretch=\u00a0\u00bbfalse\u00a0\u00bb][vc_column_text]<a name=\"carrierbags\"><\/a>[\/vc_column_text][mk_fancy_title tag_name=\u00a0\u00bbh3&Prime; color=\u00a0\u00bb#1e1735&Prime; size=\u00a0\u00bb44&Prime; force_font_size=\u00a0\u00bbtrue\u00a0\u00bb size_tablet=\u00a0\u00bb25&Prime; size_phone=\u00a0\u00bb25&Prime; font_weight=\u00a0\u00bb300&Prime; txt_transform=\u00a0\u00bbcapitalize\u00a0\u00bb letter_spacing=\u00a0\u00bb1&Prime; margin_top=\u00a0\u00bb100&Prime; font_family=\u00a0\u00bbnone\u00a0\u00bb animation=\u00a0\u00bbbottom-to-top\u00a0\u00bb]Vaisselle Jetable[\/mk_fancy_title][mk_title_box color=\u00a0\u00bb#553178&Prime; size=\u00a0\u00bb22&Prime; line_height=\u00a0\u00bb44&Prime; font_family=\u00a0\u00bbnone\u00a0\u00bb]Utile pour vos d\u00e9placements ou tout simplement pour f\u00eater un \u00e9v\u00e8nement \u00e0 la maison en famille ou entre amis. Nous proposons de nombreuses variantes comme l\u2019aluminium, le sucre de canne et le papier.[\/mk_title_box][vc_column_text][\/vc_column_text][mk_button dimension=\u00a0\u00bbflat\u00a0\u00bb corner_style=\u00a0\u00bbrounded\u00a0\u00bb size=\u00a0\u00bbmedium\u00a0\u00bb url=\u00a0\u00bbhttps:\/\/www.foragroup.eu\/fr\/information-request\/\u00a0\u00bb bg_color=\u00a0\u00bb#a2c962&Prime; btn_hover_bg=\u00a0\u00bb#06b4cf\u00a0\u00bb]plus d\u2019informations \u00bb[\/mk_button][\/mk_custom_box][\/vc_column][\/vc_row][vc_row fullwidth=\u00a0\u00bbtrue\u00a0\u00bb equal_columns=\u00a0\u00bbtrue\u00a0\u00bb attached=\u00a0\u00bbtrue\u00a0\u00bb id=\u00a0\u00bbOther\u00a0\u00bb][vc_column width=\u00a0\u00bb1\/2&Prime; el_class=\u00a0\u00bbmidden-verticaal\u00a0\u00bb][mk_image src=\u00a0\u00bbhttps:\/\/www.foragroup.eu\/wp-content\/uploads\/2022\/06\/hygiene-cleaning-lr.png\u00a0\u00bb image_size=\u00a0\u00bbfull\u00a0\u00bb][\/vc_column][vc_column width=\u00a0\u00bb1\/2&Prime;][mk_custom_box padding_vertical=\u00a0\u00bb40&Prime; padding_horizental=\u00a0\u00bb80&Prime; margin_bottom=\u00a0\u00bb0&Prime; min_height=\u00a0\u00bb700&Prime; bg_stretch=\u00a0\u00bbfalse\u00a0\u00bb][vc_column_text]<a name=\"carrierbags\"><\/a>[\/vc_column_text][mk_fancy_title tag_name=\u00a0\u00bbh3&Prime; color=\u00a0\u00bb#1e1735&Prime; size=\u00a0\u00bb44&Prime; force_font_size=\u00a0\u00bbtrue\u00a0\u00bb size_tablet=\u00a0\u00bb25&Prime; size_phone=\u00a0\u00bb25&Prime; font_weight=\u00a0\u00bb300&Prime; txt_transform=\u00a0\u00bbcapitalize\u00a0\u00bb letter_spacing=\u00a0\u00bb1&Prime; margin_top=\u00a0\u00bb100&Prime; font_family=\u00a0\u00bbnone\u00a0\u00bb animation=\u00a0\u00bbbottom-to-top\u00a0\u00bb]Hygi\u00e8ne &amp; Nettoyage[\/mk_fancy_title][mk_title_box color=\u00a0\u00bb#553178&Prime; size=\u00a0\u00bb22&Prime; line_height=\u00a0\u00bb44&Prime; font_family=\u00a0\u00bbnone\u00a0\u00bb]Nous travaillons continuellement sur de nouveaux produits. Des sacs \u00e0 couches et \u00e0 crottes de chien aux lingettes sanitaires et nettoyants tout usage. Des produits que l&rsquo;on retrouve dans des cat\u00e9gories telles que PET, B\u00e9b\u00e9 et nettoyage.[\/mk_title_box][vc_column_text][\/vc_column_text][mk_button dimension=\u00a0\u00bbflat\u00a0\u00bb corner_style=\u00a0\u00bbrounded\u00a0\u00bb size=\u00a0\u00bbmedium\u00a0\u00bb url=\u00a0\u00bbhttps:\/\/www.foragroup.eu\/fr\/information-request\/\u00a0\u00bb bg_color=\u00a0\u00bb#a2c962&Prime; btn_hover_bg=\u00a0\u00bb#06b4cf\u00a0\u00bb]plus d\u2019informations \u00bb[\/mk_button][\/mk_custom_box][\/vc_column][\/vc_row][vc_row fullwidth=\u00a0\u00bbtrue\u00a0\u00bb equal_columns=\u00a0\u00bbtrue\u00a0\u00bb attached=\u00a0\u00bbtrue\u00a0\u00bb id=\u00a0\u00bbDIY-Products\u00a0\u00bb css=\u00a0\u00bb.vc_custom_1655891733636{background-color: #e8e8ea !important;}\u00a0\u00bb][vc_column width=\u00a0\u00bb1\/2&Prime; el_class=\u00a0\u00bbmidden-verticaal\u00a0\u00bb][mk_custom_box padding_vertical=\u00a0\u00bb80&Prime; padding_horizental=\u00a0\u00bb80&Prime; min_height=\u00a0\u00bb700&Prime; bg_stretch=\u00a0\u00bbtrue\u00a0\u00bb][vc_column_text]<a name=\"others\"><\/a>[\/vc_column_text][mk_fancy_title tag_name=\u00a0\u00bbh3&Prime; color=\u00a0\u00bb#1e1735&Prime; size=\u00a0\u00bb44&Prime; force_font_size=\u00a0\u00bbtrue\u00a0\u00bb size_tablet=\u00a0\u00bb25&Prime; size_phone=\u00a0\u00bb25&Prime; font_weight=\u00a0\u00bb300&Prime; letter_spacing=\u00a0\u00bb1&Prime; margin_top=\u00a0\u00bb150&Prime; font_family=\u00a0\u00bbnone\u00a0\u00bb animation=\u00a0\u00bbbottom-to-top\u00a0\u00bb]Articles de bricolage[\/mk_fancy_title][mk_title_box color=\u00a0\u00bb#553178&Prime; size=\u00a0\u00bb22&Prime; line_height=\u00a0\u00bb44&Prime; font_family=\u00a0\u00bbnone\u00a0\u00bb]Nous proposons de multiples articles. De l\u2019essuie-tout aux sacs \u00e0 gravats pour stocker et \u00e9vacuer les d\u00e9chets.[\/mk_title_box][mk_button dimension=\u00a0\u00bbflat\u00a0\u00bb corner_style=\u00a0\u00bbrounded\u00a0\u00bb size=\u00a0\u00bbmedium\u00a0\u00bb url=\u00a0\u00bbhttps:\/\/www.foragroup.eu\/fr\/information-request\/\u00a0\u00bb bg_color=\u00a0\u00bb#a2c962&Prime; btn_hover_bg=\u00a0\u00bb#06b4cf\u00a0\u00bb]plus d\u2019informations \u00bb[\/mk_button][\/mk_custom_box][\/vc_column][vc_column width=\u00a0\u00bb1\/2&Prime; el_class=\u00a0\u00bbmidden-verticaal\u00a0\u00bb][mk_image src=\u00a0\u00bbhttp:\/\/www.foragroup.eu\/wp-content\/uploads\/2020\/05\/diy-products.png\u00a0\u00bb image_size=\u00a0\u00bbfull\u00a0\u00bb align=\u00a0\u00bbright\u00a0\u00bb margin_bottom=\u00a0\u00bb0&Prime;][\/vc_column][\/vc_row]\n","protected":false},"excerpt":{"rendered":"<p>[vc_row fullwidth=\u00a0\u00bbtrue\u00a0\u00bb equal_columns=\u00a0\u00bbtrue\u00a0\u00bb attached=\u00a0\u00bbtrue\u00a0\u00bb css=\u00a0\u00bb.vc_custom_1588236471956{margin-top: -100px !important;background-color: #e8e8ea !important;}\u00a0\u00bb id=\u00a0\u00bbkitchen-foils\u00a0\u00bb][vc_column width=\u00a0\u00bb1\/2&Prime;][mk_padding_divider size=\u00a0\u00bb75&Prime;][mk_image src=\u00a0\u00bbhttp:\/\/www.foragroup.eu\/wp-content\/uploads\/2020\/06\/category-foils2-1.png\u00a0\u00bb image_size=\u00a0\u00bbfull\u00a0\u00bb][\/vc_column][vc_column width=\u00a0\u00bb1\/2&Prime;][mk_custom_box padding_vertical=\u00a0\u00bb80&Prime; padding_horizental=\u00a0\u00bb80&Prime; margin_bottom=\u00a0\u00bb0&Prime; min_height=\u00a0\u00bb700&Prime; bg_color=\u00a0\u00bb#e8e8ea\u00a0\u00bb bg_stretch=\u00a0\u00bbtrue\u00a0\u00bb][vc_column_text]\u00a0[\/vc_column_text][mk_fancy_title color=\u00a0\u00bb#1e1735&Prime; size=\u00a0\u00bb44&Prime; force_font_size=\u00a0\u00bbtrue\u00a0\u00bb size_tablet=\u00a0\u00bb30&Prime; size_phone=\u00a0\u00bb25&Prime; font_weight=\u00a0\u00bb300&Prime; txt_transform=\u00a0\u00bbnone\u00a0\u00bb letter_spacing=\u00a0\u00bb1&Prime; margin_top=\u00a0\u00bb40&Prime; margin_bottom=\u00a0\u00bb11&Prime; font_family=\u00a0\u00bbnone\u00a0\u00bb animation=\u00a0\u00bbbottom-to-top\u00a0\u00bb]Films alimentaires[\/mk_fancy_title][mk_title_box color=\u00a0\u00bb#553178&Prime; size=\u00a0\u00bb22&Prime; line_height=\u00a0\u00bb44&Prime; font_family=\u00a0\u00bbnone\u00a0\u00bb]Indispensable dans chaque cuisine : ces films alimentaires sont con\u00e7us pour la pr\u00e9paration et le stockage des aliments. [&hellip;]<\/p>\n","protected":false},"author":3,"featured_media":0,"parent":0,"menu_order":45,"comment_status":"closed","ping_status":"closed","template":"","meta":{"inline_featured_image":false,"footnotes":""},"yoast_head":"<!-- This site is optimized with the Yoast SEO plugin v21.8 - https:\/\/yoast.com\/wordpress\/plugins\/seo\/ -->\n<title>Cat\u00e9gories - FORA<\/title>\n<meta name=\"robots\" content=\"index, follow, max-snippet:-1, max-image-preview:large, max-video-preview:-1\" \/>\n<link rel=\"canonical\" href=\"https:\/\/www.foragroup.eu\/fr\/categories\/\" \/>\n<meta property=\"og:locale\" content=\"fr_FR\" \/>\n<meta property=\"og:type\" content=\"article\" \/>\n<meta property=\"og:title\" content=\"Cat\u00e9gories - FORA\" \/>\n<meta property=\"og:description\" content=\"[vc_row fullwidth=\u00a0\u00bbtrue\u00a0\u00bb equal_columns=\u00a0\u00bbtrue\u00a0\u00bb attached=\u00a0\u00bbtrue\u00a0\u00bb css=\u00a0\u00bb.vc_custom_1588236471956{margin-top: -100px !important;background-color: #e8e8ea !important;}\u00a0\u00bb id=\u00a0\u00bbkitchen-foils\u00a0\u00bb][vc_column width=\u00a0\u00bb1\/2&Prime;][mk_padding_divider size=\u00a0\u00bb75&Prime;][mk_image src=\u00a0\u00bbhttp:\/\/www.foragroup.eu\/wp-content\/uploads\/2020\/06\/category-foils2-1.png\u00a0\u00bb image_size=\u00a0\u00bbfull\u00a0\u00bb][\/vc_column][vc_column width=\u00a0\u00bb1\/2&Prime;][mk_custom_box padding_vertical=\u00a0\u00bb80&Prime; padding_horizental=\u00a0\u00bb80&Prime; margin_bottom=\u00a0\u00bb0&Prime; min_height=\u00a0\u00bb700&Prime; bg_color=\u00a0\u00bb#e8e8ea\u00a0\u00bb bg_stretch=\u00a0\u00bbtrue\u00a0\u00bb][vc_column_text]\u00a0[\/vc_column_text][mk_fancy_title color=\u00a0\u00bb#1e1735&Prime; size=\u00a0\u00bb44&Prime; force_font_size=\u00a0\u00bbtrue\u00a0\u00bb size_tablet=\u00a0\u00bb30&Prime; size_phone=\u00a0\u00bb25&Prime; font_weight=\u00a0\u00bb300&Prime; txt_transform=\u00a0\u00bbnone\u00a0\u00bb letter_spacing=\u00a0\u00bb1&Prime; margin_top=\u00a0\u00bb40&Prime; margin_bottom=\u00a0\u00bb11&Prime; font_family=\u00a0\u00bbnone\u00a0\u00bb animation=\u00a0\u00bbbottom-to-top\u00a0\u00bb]Films alimentaires[\/mk_fancy_title][mk_title_box color=\u00a0\u00bb#553178&Prime; size=\u00a0\u00bb22&Prime; line_height=\u00a0\u00bb44&Prime; font_family=\u00a0\u00bbnone\u00a0\u00bb]Indispensable dans chaque cuisine : ces films alimentaires sont con\u00e7us pour la pr\u00e9paration et le stockage des aliments. [&hellip;]\" \/>\n<meta property=\"og:url\" content=\"https:\/\/www.foragroup.eu\/fr\/categories\/\" \/>\n<meta property=\"og:site_name\" content=\"FORA\" \/>\n<meta property=\"article:modified_time\" content=\"2022-07-29T15:09:33+00:00\" \/>\n<meta name=\"twitter:label1\" content=\"Dur\u00e9e de lecture estim\u00e9e\" \/>\n\t<meta name=\"twitter:data1\" content=\"3 minutes\" \/>\n<script type=\"application\/ld+json\" class=\"yoast-schema-graph\">{\"@context\":\"https:\/\/schema.org\",\"@graph\":[{\"@type\":\"WebPage\",\"@id\":\"https:\/\/www.foragroup.eu\/fr\/categories\/\",\"url\":\"https:\/\/www.foragroup.eu\/fr\/categories\/\",\"name\":\"Cat\u00e9gories - FORA\",\"isPartOf\":{\"@id\":\"https:\/\/www.foragroup.eu\/fr\/#website\"},\"datePublished\":\"2017-06-26T08:10:17+00:00\",\"dateModified\":\"2022-07-29T15:09:33+00:00\",\"breadcrumb\":{\"@id\":\"https:\/\/www.foragroup.eu\/fr\/categories\/#breadcrumb\"},\"inLanguage\":\"fr-FR\",\"potentialAction\":[{\"@type\":\"ReadAction\",\"target\":[\"https:\/\/www.foragroup.eu\/fr\/categories\/\"]}]},{\"@type\":\"BreadcrumbList\",\"@id\":\"https:\/\/www.foragroup.eu\/fr\/categories\/#breadcrumb\",\"itemListElement\":[{\"@type\":\"ListItem\",\"position\":1,\"name\":\"Home\",\"item\":\"https:\/\/www.foragroup.eu\/fr\/\"},{\"@type\":\"ListItem\",\"position\":2,\"name\":\"Cat\u00e9gories\"}]},{\"@type\":\"WebSite\",\"@id\":\"https:\/\/www.foragroup.eu\/fr\/#website\",\"url\":\"https:\/\/www.foragroup.eu\/fr\/\",\"name\":\"FORA\",\"description\":\"Hoogwaardige verpakkingen en disposables\",\"potentialAction\":[{\"@type\":\"SearchAction\",\"target\":{\"@type\":\"EntryPoint\",\"urlTemplate\":\"https:\/\/www.foragroup.eu\/fr\/?s={search_term_string}\"},\"query-input\":\"required name=search_term_string\"}],\"inLanguage\":\"fr-FR\"}]}<\/script>\n<!-- \/ Yoast SEO plugin. -->","yoast_head_json":{"title":"Cat\u00e9gories - FORA","robots":{"index":"index","follow":"follow","max-snippet":"max-snippet:-1","max-image-preview":"max-image-preview:large","max-video-preview":"max-video-preview:-1"},"canonical":"https:\/\/www.foragroup.eu\/fr\/categories\/","og_locale":"fr_FR","og_type":"article","og_title":"Cat\u00e9gories - FORA","og_description":"[vc_row fullwidth=\u00a0\u00bbtrue\u00a0\u00bb equal_columns=\u00a0\u00bbtrue\u00a0\u00bb attached=\u00a0\u00bbtrue\u00a0\u00bb css=\u00a0\u00bb.vc_custom_1588236471956{margin-top: -100px !important;background-color: #e8e8ea !important;}\u00a0\u00bb id=\u00a0\u00bbkitchen-foils\u00a0\u00bb][vc_column width=\u00a0\u00bb1\/2&Prime;][mk_padding_divider size=\u00a0\u00bb75&Prime;][mk_image src=\u00a0\u00bbhttp:\/\/www.foragroup.eu\/wp-content\/uploads\/2020\/06\/category-foils2-1.png\u00a0\u00bb image_size=\u00a0\u00bbfull\u00a0\u00bb][\/vc_column][vc_column width=\u00a0\u00bb1\/2&Prime;][mk_custom_box padding_vertical=\u00a0\u00bb80&Prime; padding_horizental=\u00a0\u00bb80&Prime; margin_bottom=\u00a0\u00bb0&Prime; min_height=\u00a0\u00bb700&Prime; bg_color=\u00a0\u00bb#e8e8ea\u00a0\u00bb bg_stretch=\u00a0\u00bbtrue\u00a0\u00bb][vc_column_text]\u00a0[\/vc_column_text][mk_fancy_title color=\u00a0\u00bb#1e1735&Prime; size=\u00a0\u00bb44&Prime; force_font_size=\u00a0\u00bbtrue\u00a0\u00bb size_tablet=\u00a0\u00bb30&Prime; size_phone=\u00a0\u00bb25&Prime; font_weight=\u00a0\u00bb300&Prime; txt_transform=\u00a0\u00bbnone\u00a0\u00bb letter_spacing=\u00a0\u00bb1&Prime; margin_top=\u00a0\u00bb40&Prime; margin_bottom=\u00a0\u00bb11&Prime; font_family=\u00a0\u00bbnone\u00a0\u00bb animation=\u00a0\u00bbbottom-to-top\u00a0\u00bb]Films alimentaires[\/mk_fancy_title][mk_title_box color=\u00a0\u00bb#553178&Prime; size=\u00a0\u00bb22&Prime; line_height=\u00a0\u00bb44&Prime; font_family=\u00a0\u00bbnone\u00a0\u00bb]Indispensable dans chaque cuisine : ces films alimentaires sont con\u00e7us pour la pr\u00e9paration et le stockage des aliments. [&hellip;]","og_url":"https:\/\/www.foragroup.eu\/fr\/categories\/","og_site_name":"FORA","article_modified_time":"2022-07-29T15:09:33+00:00","twitter_misc":{"Dur\u00e9e de lecture estim\u00e9e":"3 minutes"},"schema":{"@context":"https:\/\/schema.org","@graph":[{"@type":"WebPage","@id":"https:\/\/www.foragroup.eu\/fr\/categories\/","url":"https:\/\/www.foragroup.eu\/fr\/categories\/","name":"Cat\u00e9gories - FORA","isPartOf":{"@id":"https:\/\/www.foragroup.eu\/fr\/#website"},"datePublished":"2017-06-26T08:10:17+00:00","dateModified":"2022-07-29T15:09:33+00:00","breadcrumb":{"@id":"https:\/\/www.foragroup.eu\/fr\/categories\/#breadcrumb"},"inLanguage":"fr-FR","potentialAction":[{"@type":"ReadAction","target":["https:\/\/www.foragroup.eu\/fr\/categories\/"]}]},{"@type":"BreadcrumbList","@id":"https:\/\/www.foragroup.eu\/fr\/categories\/#breadcrumb","itemListElement":[{"@type":"ListItem","position":1,"name":"Home","item":"https:\/\/www.foragroup.eu\/fr\/"},{"@type":"ListItem","position":2,"name":"Cat\u00e9gories"}]},{"@type":"WebSite","@id":"https:\/\/www.foragroup.eu\/fr\/#website","url":"https:\/\/www.foragroup.eu\/fr\/","name":"FORA","description":"Hoogwaardige verpakkingen en disposables","potentialAction":[{"@type":"SearchAction","target":{"@type":"EntryPoint","urlTemplate":"https:\/\/www.foragroup.eu\/fr\/?s={search_term_string}"},"query-input":"required name=search_term_string"}],"inLanguage":"fr-FR"}]}},"_links":{"self":[{"href":"https:\/\/www.foragroup.eu\/fr\/wp-json\/wp\/v2\/pages\/3920"}],"collection":[{"href":"https:\/\/www.foragroup.eu\/fr\/wp-json\/wp\/v2\/pages"}],"about":[{"href":"https:\/\/www.foragroup.eu\/fr\/wp-json\/wp\/v2\/types\/page"}],"author":[{"embeddable":true,"href":"https:\/\/www.foragroup.eu\/fr\/wp-json\/wp\/v2\/users\/3"}],"replies":[{"embeddable":true,"href":"https:\/\/www.foragroup.eu\/fr\/wp-json\/wp\/v2\/comments?post=3920"}],"version-history":[{"count":11,"href":"https:\/\/www.foragroup.eu\/fr\/wp-json\/wp\/v2\/pages\/3920\/revisions"}],"predecessor-version":[{"id":5345,"href":"https:\/\/www.foragroup.eu\/fr\/wp-json\/wp\/v2\/pages\/3920\/revisions\/5345"}],"wp:attachment":[{"href":"https:\/\/www.foragroup.eu\/fr\/wp-json\/wp\/v2\/media?parent=3920"}],"curies":[{"name":"wp","href":"https:\/\/api.w.org\/{rel}","templated":true}]}}