{"id":3928,"date":"2017-06-27T22:41:06","date_gmt":"2017-06-27T20:41:06","guid":{"rendered":"https:\/\/www.foragroup.eu\/information-request\/"},"modified":"2022-08-02T17:06:39","modified_gmt":"2022-08-02T15:06:39","slug":"information-request","status":"publish","type":"page","link":"https:\/\/www.foragroup.eu\/fr\/information-request\/","title":{"rendered":"Information request"},"content":{"rendered":"[vc_row][vc_column width=\u00a0\u00bb1\/6&Prime;][\/vc_column][vc_column width=\u00a0\u00bb2\/3&Prime;][mk_title_box color=\u00a0\u00bb#553178&Prime; size=\u00a0\u00bb22&Prime; line_height=\u00a0\u00bb44&Prime; font_family=\u00a0\u00bbnone\u00a0\u00bb]Si vous \u00eates int\u00e9ress\u00e9 par (l&rsquo;un de) nos produits, veuillez nous envoyer un message. Nous serons ravis de vous aider ![\/mk_title_box]\n<div class=\"wpcf7 no-js\" id=\"wpcf7-f2048-o1\" lang=\"nl-NL\" dir=\"ltr\">\n<div class=\"screen-reader-response\"><p role=\"status\" aria-live=\"polite\" aria-atomic=\"true\"><\/p> <ul><\/ul><\/div>\n<form action=\"\/fr\/wp-json\/wp\/v2\/pages\/3928#wpcf7-f2048-o1\" method=\"post\" class=\"wpcf7-form init\" aria-label=\"Contactformulier\" novalidate=\"novalidate\" data-status=\"init\">\n<div style=\"display: none;\">\n<input type=\"hidden\" name=\"_wpcf7\" value=\"2048\" \/>\n<input type=\"hidden\" name=\"_wpcf7_version\" value=\"5.9.6\" \/>\n<input type=\"hidden\" name=\"_wpcf7_locale\" value=\"nl_NL\" \/>\n<input type=\"hidden\" name=\"_wpcf7_unit_tag\" value=\"wpcf7-f2048-o1\" \/>\n<input type=\"hidden\" name=\"_wpcf7_container_post\" value=\"0\" \/>\n<input type=\"hidden\" name=\"_wpcf7_posted_data_hash\" value=\"\" \/>\n<input type=\"hidden\" name=\"_wpcf7_recaptcha_response\" value=\"\" \/>\n<\/div>\n<p><label> Nom* <span class=\"wpcf7-form-control-wrap\" data-name=\"your-name\"><input size=\"40\" maxlength=\"80\" class=\"wpcf7-form-control wpcf7-text wpcf7-validates-as-required\" aria-required=\"true\" aria-invalid=\"false\" value=\"\" type=\"text\" name=\"your-name\" \/><\/span> <\/label>\n<\/p>\n<p><label> E-mail* <span class=\"wpcf7-form-control-wrap\" data-name=\"your-email\"><input size=\"40\" maxlength=\"80\" class=\"wpcf7-form-control wpcf7-email wpcf7-validates-as-required wpcf7-text wpcf7-validates-as-email\" aria-required=\"true\" aria-invalid=\"false\" value=\"\" type=\"email\" name=\"your-email\" \/><\/span> <\/label>\n<\/p>\n<p><label> Plus d'informations sur (plusieurs boutons possibles)<br \/>\n<span class=\"wpcf7-form-control-wrap\" data-name=\"checkbox-233\"><span class=\"wpcf7-form-control wpcf7-checkbox\"><span class=\"wpcf7-list-item first\"><input type=\"checkbox\" name=\"checkbox-233[]\" value=\"D\u00e9chets\" \/><span class=\"wpcf7-list-item-label\">D\u00e9chets<\/span><\/span><span class=\"wpcf7-list-item\"><input type=\"checkbox\" name=\"checkbox-233[]\" value=\"Sacs biod\u00e9gradables\" \/><span class=\"wpcf7-list-item-label\">Sacs biod\u00e9gradables<\/span><\/span><span class=\"wpcf7-list-item\"><input type=\"checkbox\" name=\"checkbox-233[]\" value=\"Pr\u00e9paration &amp; Conservation\" \/><span class=\"wpcf7-list-item-label\">Pr\u00e9paration &amp; Conservation<\/span><\/span><span class=\"wpcf7-list-item\"><input type=\"checkbox\" name=\"checkbox-233[]\" value=\"Bricolage &amp; Jardinage\" \/><span class=\"wpcf7-list-item-label\">Bricolage &amp; Jardinage<\/span><\/span><span class=\"wpcf7-list-item\"><input type=\"checkbox\" name=\"checkbox-233[]\" value=\"Sacs \u00c0 Emporter\" \/><span class=\"wpcf7-list-item-label\">Sacs \u00c0 Emporter<\/span><\/span><span class=\"wpcf7-list-item\"><input type=\"checkbox\" name=\"checkbox-233[]\" value=\"Vaisselles jetables\" \/><span class=\"wpcf7-list-item-label\">Vaisselles jetables<\/span><\/span><span class=\"wpcf7-list-item\"><input type=\"checkbox\" name=\"checkbox-233[]\" value=\"Hygi\u00e8ne\" \/><span class=\"wpcf7-list-item-label\">Hygi\u00e8ne<\/span><\/span><span class=\"wpcf7-list-item\"><input type=\"checkbox\" name=\"checkbox-233[]\" value=\"Papier &amp; Carton\" \/><span class=\"wpcf7-list-item-label\">Papier &amp; Carton<\/span><\/span><span class=\"wpcf7-list-item last\"><input type=\"checkbox\" name=\"checkbox-233[]\" value=\"Autres\" \/><span class=\"wpcf7-list-item-label\">Autres<\/span><\/span><\/span><\/span> <\/label>\n<\/p>\n<p><label> Commentaires \/ questions suppl\u00e9mentaires<br \/>\n<span class=\"wpcf7-form-control-wrap\" data-name=\"your-message\"><textarea cols=\"40\" rows=\"10\" maxlength=\"400\" class=\"wpcf7-form-control wpcf7-textarea\" aria-invalid=\"false\" name=\"your-message\"><\/textarea><\/span> <\/label>\n<\/p>\n<p><span class=\"wpcf7-form-control-wrap\" data-name=\"acceptance-596\"><span class=\"wpcf7-form-control wpcf7-acceptance\"><span class=\"wpcf7-list-item\"><label><input type=\"checkbox\" name=\"acceptance-596\" value=\"1\" aria-invalid=\"false\" \/><span class=\"wpcf7-list-item-label\">J'accepte la <a href=\"https:\/\/www.foragroup.eu\/fr\/privacy-statement\/\" target=\"_blank\">d\u00e9claration de confidentialit\u00e9<\/a><\/span><\/label><\/span><\/span><\/span>\n<\/p>\n<p><input class=\"wpcf7-form-control wpcf7-submit has-spinner\" type=\"submit\" value=\"envoyer\" \/>\n<\/p><div class=\"wpcf7-response-output\" aria-hidden=\"true\"><\/div>\n<\/form>\n<\/div>\n[\/vc_column][vc_column width=\u00a0\u00bb1\/6&Prime;][\/vc_column][\/vc_row]\n","protected":false},"excerpt":{"rendered":"<p>[vc_row][vc_column width=\u00a0\u00bb1\/6&Prime;][\/vc_column][vc_column width=\u00a0\u00bb2\/3&Prime;][mk_title_box color=\u00a0\u00bb#553178&Prime; size=\u00a0\u00bb22&Prime; line_height=\u00a0\u00bb44&Prime; font_family=\u00a0\u00bbnone\u00a0\u00bb]Si vous \u00eates int\u00e9ress\u00e9 par (l&rsquo;un de) nos produits, veuillez nous envoyer un message. Nous serons ravis de vous aider ![\/mk_title_box][\/vc_column][vc_column width=\u00a0\u00bb1\/6&Prime;][\/vc_column][\/vc_row]<\/p>\n","protected":false},"author":4,"featured_media":0,"parent":0,"menu_order":33,"comment_status":"closed","ping_status":"closed","template":"","meta":{"inline_featured_image":false,"footnotes":""},"yoast_head":"<!-- This site is optimized with the Yoast SEO plugin v21.8 - https:\/\/yoast.com\/wordpress\/plugins\/seo\/ -->\n<title>Information request - FORA<\/title>\n<meta name=\"robots\" content=\"index, follow, max-snippet:-1, max-image-preview:large, max-video-preview:-1\" \/>\n<link rel=\"canonical\" href=\"https:\/\/www.foragroup.eu\/fr\/information-request\/\" \/>\n<meta property=\"og:locale\" content=\"fr_FR\" \/>\n<meta property=\"og:type\" content=\"article\" \/>\n<meta property=\"og:title\" content=\"Information request - FORA\" \/>\n<meta property=\"og:description\" content=\"[vc_row][vc_column width=\u00a0\u00bb1\/6&Prime;][\/vc_column][vc_column width=\u00a0\u00bb2\/3&Prime;][mk_title_box color=\u00a0\u00bb#553178&Prime; size=\u00a0\u00bb22&Prime; line_height=\u00a0\u00bb44&Prime; font_family=\u00a0\u00bbnone\u00a0\u00bb]Si vous \u00eates int\u00e9ress\u00e9 par (l&rsquo;un de) nos produits, veuillez nous envoyer un message. Nous serons ravis de vous aider ![\/mk_title_box][\/vc_column][vc_column width=\u00a0\u00bb1\/6&Prime;][\/vc_column][\/vc_row]\" \/>\n<meta property=\"og:url\" content=\"https:\/\/www.foragroup.eu\/fr\/information-request\/\" \/>\n<meta property=\"og:site_name\" content=\"FORA\" \/>\n<meta property=\"article:modified_time\" content=\"2022-08-02T15:06:39+00:00\" \/>\n<meta name=\"twitter:label1\" content=\"Dur\u00e9e de lecture estim\u00e9e\" \/>\n\t<meta name=\"twitter:data1\" content=\"1 minute\" \/>\n<script type=\"application\/ld+json\" class=\"yoast-schema-graph\">{\"@context\":\"https:\/\/schema.org\",\"@graph\":[{\"@type\":\"WebPage\",\"@id\":\"https:\/\/www.foragroup.eu\/fr\/information-request\/\",\"url\":\"https:\/\/www.foragroup.eu\/fr\/information-request\/\",\"name\":\"Information request - FORA\",\"isPartOf\":{\"@id\":\"https:\/\/www.foragroup.eu\/fr\/#website\"},\"datePublished\":\"2017-06-27T20:41:06+00:00\",\"dateModified\":\"2022-08-02T15:06:39+00:00\",\"breadcrumb\":{\"@id\":\"https:\/\/www.foragroup.eu\/fr\/information-request\/#breadcrumb\"},\"inLanguage\":\"fr-FR\",\"potentialAction\":[{\"@type\":\"ReadAction\",\"target\":[\"https:\/\/www.foragroup.eu\/fr\/information-request\/\"]}]},{\"@type\":\"BreadcrumbList\",\"@id\":\"https:\/\/www.foragroup.eu\/fr\/information-request\/#breadcrumb\",\"itemListElement\":[{\"@type\":\"ListItem\",\"position\":1,\"name\":\"Home\",\"item\":\"https:\/\/www.foragroup.eu\/fr\/\"},{\"@type\":\"ListItem\",\"position\":2,\"name\":\"Information request\"}]},{\"@type\":\"WebSite\",\"@id\":\"https:\/\/www.foragroup.eu\/fr\/#website\",\"url\":\"https:\/\/www.foragroup.eu\/fr\/\",\"name\":\"FORA\",\"description\":\"Hoogwaardige verpakkingen en disposables\",\"potentialAction\":[{\"@type\":\"SearchAction\",\"target\":{\"@type\":\"EntryPoint\",\"urlTemplate\":\"https:\/\/www.foragroup.eu\/fr\/?s={search_term_string}\"},\"query-input\":\"required name=search_term_string\"}],\"inLanguage\":\"fr-FR\"}]}<\/script>\n<!-- \/ Yoast SEO plugin. -->","yoast_head_json":{"title":"Information request - FORA","robots":{"index":"index","follow":"follow","max-snippet":"max-snippet:-1","max-image-preview":"max-image-preview:large","max-video-preview":"max-video-preview:-1"},"canonical":"https:\/\/www.foragroup.eu\/fr\/information-request\/","og_locale":"fr_FR","og_type":"article","og_title":"Information request - FORA","og_description":"[vc_row][vc_column width=\u00a0\u00bb1\/6&Prime;][\/vc_column][vc_column width=\u00a0\u00bb2\/3&Prime;][mk_title_box color=\u00a0\u00bb#553178&Prime; size=\u00a0\u00bb22&Prime; line_height=\u00a0\u00bb44&Prime; font_family=\u00a0\u00bbnone\u00a0\u00bb]Si vous \u00eates int\u00e9ress\u00e9 par (l&rsquo;un de) nos produits, veuillez nous envoyer un message. Nous serons ravis de vous aider ![\/mk_title_box][\/vc_column][vc_column width=\u00a0\u00bb1\/6&Prime;][\/vc_column][\/vc_row]","og_url":"https:\/\/www.foragroup.eu\/fr\/information-request\/","og_site_name":"FORA","article_modified_time":"2022-08-02T15:06:39+00:00","twitter_misc":{"Dur\u00e9e de lecture estim\u00e9e":"1 minute"},"schema":{"@context":"https:\/\/schema.org","@graph":[{"@type":"WebPage","@id":"https:\/\/www.foragroup.eu\/fr\/information-request\/","url":"https:\/\/www.foragroup.eu\/fr\/information-request\/","name":"Information request - FORA","isPartOf":{"@id":"https:\/\/www.foragroup.eu\/fr\/#website"},"datePublished":"2017-06-27T20:41:06+00:00","dateModified":"2022-08-02T15:06:39+00:00","breadcrumb":{"@id":"https:\/\/www.foragroup.eu\/fr\/information-request\/#breadcrumb"},"inLanguage":"fr-FR","potentialAction":[{"@type":"ReadAction","target":["https:\/\/www.foragroup.eu\/fr\/information-request\/"]}]},{"@type":"BreadcrumbList","@id":"https:\/\/www.foragroup.eu\/fr\/information-request\/#breadcrumb","itemListElement":[{"@type":"ListItem","position":1,"name":"Home","item":"https:\/\/www.foragroup.eu\/fr\/"},{"@type":"ListItem","position":2,"name":"Information request"}]},{"@type":"WebSite","@id":"https:\/\/www.foragroup.eu\/fr\/#website","url":"https:\/\/www.foragroup.eu\/fr\/","name":"FORA","description":"Hoogwaardige verpakkingen en disposables","potentialAction":[{"@type":"SearchAction","target":{"@type":"EntryPoint","urlTemplate":"https:\/\/www.foragroup.eu\/fr\/?s={search_term_string}"},"query-input":"required name=search_term_string"}],"inLanguage":"fr-FR"}]}},"_links":{"self":[{"href":"https:\/\/www.foragroup.eu\/fr\/wp-json\/wp\/v2\/pages\/3928"}],"collection":[{"href":"https:\/\/www.foragroup.eu\/fr\/wp-json\/wp\/v2\/pages"}],"about":[{"href":"https:\/\/www.foragroup.eu\/fr\/wp-json\/wp\/v2\/types\/page"}],"author":[{"embeddable":true,"href":"https:\/\/www.foragroup.eu\/fr\/wp-json\/wp\/v2\/users\/4"}],"replies":[{"embeddable":true,"href":"https:\/\/www.foragroup.eu\/fr\/wp-json\/wp\/v2\/comments?post=3928"}],"version-history":[{"count":2,"href":"https:\/\/www.foragroup.eu\/fr\/wp-json\/wp\/v2\/pages\/3928\/revisions"}],"predecessor-version":[{"id":5355,"href":"https:\/\/www.foragroup.eu\/fr\/wp-json\/wp\/v2\/pages\/3928\/revisions\/5355"}],"wp:attachment":[{"href":"https:\/\/www.foragroup.eu\/fr\/wp-json\/wp\/v2\/media?parent=3928"}],"curies":[{"name":"wp","href":"https:\/\/api.w.org\/{rel}","templated":true}]}}