{"id":3932,"date":"2018-07-11T09:50:57","date_gmt":"2018-07-11T07:50:57","guid":{"rendered":"https:\/\/www.foragroup.eu\/cookie-statement\/"},"modified":"2020-06-24T15:50:37","modified_gmt":"2020-06-24T13:50:37","slug":"cookie-statement","status":"publish","type":"page","link":"https:\/\/www.foragroup.eu\/fr\/cookie-statement\/","title":{"rendered":"Cookie Statement"},"content":{"rendered":"[vc_row][vc_column][vc_column_text css=\u00a0\u00bb.vc_custom_1592924799424{margin-bottom: 0px !important;}\u00a0\u00bb]\n<h1>Cookie Statement<\/h1>\n[\/vc_column_text][vc_column_text css=\u00a0\u00bb.vc_custom_1593006361317{margin-bottom: 0px !important;}\u00a0\u00bb]\n<h3>Qu&rsquo;est-ce qu&rsquo;un cookie ?<\/h3>\n<p>Un cookie est un petit fichier texte que votre navigateur (par exemple Internet Explorer ou Safari) stocke sur votre appareil (par exemple, sur votre ordinateur ou votre t\u00e9l\u00e9phone). Ils permettent aux sites internet de stocker des informations utilisateur telles que les pr\u00e9f\u00e9rences et les param\u00e8tres. En principe, les cookies permettent aux sites internet de se souvenir des utilisateurs et de leurs param\u00e8tres pr\u00e9f\u00e9r\u00e9s pour ce site internet sp\u00e9cifique, permettant ainsi au site internet de pouvoir r\u00e9pondre en cons\u00e9quence et d\u2019avoir un meilleur aper\u00e7u quant aux visiteurs qui visitent r\u00e9guli\u00e8rement le site.<\/p>\n<h3>Comment FORA Handelsgesellschaft mbH utilise-t-elle les cookies ?<\/h3>\n<p>Les informations fournies par les cookies peuvent nous aider \u00e0 analyser le profil de nos visiteurs et nous donnent ainsi l&rsquo;opportunit\u00e9 de vous offrir une meilleure exp\u00e9rience utilisateur. Certaines parties du site internet de FORA Handelsgesellschaft mbH utilisent des cookies pour des raisons sp\u00e9cifiques (par exemple, pour le bon fonctionnement d&rsquo;une fonction d&rsquo;affichage d&rsquo;images sur votre appareil).<\/p>\n<h3>Quels types de cookies existe-t-il ?<\/h3>\n<p>Nous distinguons diff\u00e9rents types de cookies :<\/p>\n<ul>\n<li><strong>Cookies fonctionnels :<\/strong>Ils sont n\u00e9cessaires au bon fonctionnement du site. Par exemple, ils s&rsquo;assurent que les informations souhait\u00e9es sont affich\u00e9es rapidement et correctement chaque fois que vous visitez notre site internet. Aucune autorisation n&rsquo;est requise pour placer des cookies fonctionnels.<\/li>\n<li><strong>Cookies analytiques :<\/strong>Nous les utilisons pour analyser l&rsquo;utilisation de notre site internet, par exemple la fr\u00e9quence de visite de notre site internet, la page sur laquelle vous arrivez sur notre site internet et les pages sur lesquelles vous avez le plus cliqu\u00e9. Ces cookies ne n\u00e9cessitent pas d&rsquo;autorisation, car ils n&rsquo;affectent pas votre vie priv\u00e9e.<\/li>\n<li><strong>Cookies de suivi :<\/strong>Il s\u2019agit de cookies qui peuvent suivre votre comportement de navigation. De cette fa\u00e7on, nous et les publicitaires peuvent afficher des publicit\u00e9s en ligne personnalis\u00e9es et du contenu personnalis\u00e9 en fonction de votre comportement de navigation. Nous vous demandons la permission de placer ces cookies.<\/li>\n<li><strong>Cookies de plug-ins de r\u00e9seaux sociaux :<\/strong>Les cookies de plug-in de r\u00e9seaux sociaux sont utilis\u00e9s pour afficher le contenu des r\u00e9seaux sociaux sur notre site internet. Nous vous demandons la permission de placer ces cookies.<\/li>\n<\/ul>\n<p>Nous utilisons aussi bien des cookies de session (qui expirent lorsque le navigateur internet est ferm\u00e9) et des cookies persistants (restent sur votre appareil sauf s&rsquo;ils sont supprim\u00e9s). Voici un aper\u00e7u des cookies que nous utilisons.<\/p>\n<h3>FORA Handelsgesellschaft mbH place les cookies suivants :<br \/>\nCookies analytiques :<\/h3>\n<table width=\"605\">\n<tbody>\n<tr>\n<td width=\"92\"><strong>Quelle partie place le cookie ?<\/strong><\/td>\n<td width=\"90\"><strong>Noms du cookie<\/strong><\/td>\n<td width=\"207\"><strong>But<\/strong><\/td>\n<td width=\"114\"><strong>Demandons-nous pour cela la permission ?<\/strong><\/td>\n<td width=\"102\"><strong>Combien de temps le cookie reste-t-il ?<\/strong><\/td>\n<\/tr>\n<tr>\n<td width=\"92\">Google<\/td>\n<td width=\"90\">_gid<\/td>\n<td width=\"207\">Utilis\u00e9 pour distinguer les utilisateurs<\/td>\n<td width=\"114\">Non, sauf si cela affecte la vie priv\u00e9e<\/td>\n<td width=\"102\">24 heures<\/td>\n<\/tr>\n<tr>\n<td width=\"92\">Google<\/td>\n<td width=\"90\">_ga<\/td>\n<td width=\"207\">Utilis\u00e9 pour distinguer les utilisateurs<\/td>\n<td width=\"114\">Non, sauf si cela affecte la vie priv\u00e9e<\/td>\n<td width=\"102\">2 ans<\/td>\n<\/tr>\n<\/tbody>\n<\/table>\n<h3>Cookies de tiers<\/h3>\n<p>Il se peut, lors de votre visite sur le site de FORA Handelsgesellschaft mbH, qu\u2019un certain nombre de cookies qui n\u2019ont rien \u00e0 voir avec FORA Handelsgesellschaft mbH ou ses fournisseurs soient actifs. Si vous visitez une page contenant du contenu int\u00e9gr\u00e9 de YouTube ou de Flickr, il se peut que des cookies de ces sites Web puissent \u00eatre propos\u00e9s. FORA Handelsgesellschaft mbH n&rsquo;a aucun contr\u00f4le sur ces cookies. Pour plus d&rsquo;informations sur ces cookies, consultez les sites internet pertinents de ces tiers.<\/p>\n<h3>Supprimer les cookies<\/h3>\n<p>FORA Handelsgesellschaft mbH n&rsquo;utilise jamais de cookies pour collecter des informations vous concernant avec lesquelles vous pouvez \u00eatre personnellement identifiable. Si vous souhaitez limiter ou bloquer les cookies d\u00e9finis par le site internet de FORA Handelsgesellschaft mbH ou d\u2019\u00e9ventuels autres sites internet, vous pouvez le faire via les param\u00e8tres de votre navigateur. La fonction d&rsquo;aide de votre navigateur vous indiquera comment proc\u00e9der, ou vous pouvez utiliser l&rsquo;un des liens suivants :<\/p>\n<ul>\n<li><a href=\"https:\/\/support.microsoft.com\/nl-nl\/kb\/278835\">Param\u00e8tres de cookies dans Internet Explorer<\/a><\/li>\n<li><a href=\"https:\/\/support.microsoft.com\/nl-nl\/kb\/278835\">Param\u00e8tres de cookies dans<\/a><a href=\"http:\/\/support.mozilla.org\/en-US\/kb\/cookies-information-websites-store-on-your-computer?redirectlocale=en-US&amp;redirectslug=Cookies\"> Firefox<\/a><\/li>\n<li><a href=\"https:\/\/support.microsoft.com\/nl-nl\/kb\/278835\">Param\u00e8tres de cookies dans<\/a><a href=\"http:\/\/support.google.com\/chrome\/bin\/answer.py?hl=en&amp;answer=95647\"> Chrome<\/a><\/li>\n<li><a href=\"https:\/\/support.microsoft.com\/nl-nl\/kb\/278835\">Param\u00e8tres de cookies dans<\/a><a href=\"http:\/\/support.apple.com\/kb\/HT1677\"> Safari mobile op iOS<\/a><\/li>\n<\/ul>\n<p>Limiter les cookies peut influencer les fonctionnalit\u00e9s du site internet deFORA Handelsgesellschaft mbH.<\/p>\n<h3>Liens utiles<\/h3>\n<p>Pour plus d&rsquo;informations sur les cookies, vous pouvez \u00e9galement cliquer sur les liens suivants :<\/p>\n<ul>\n<li><a href=\"http:\/\/www.microsoft.com\/info\/cookies.mspx\">Microsoft Cookies guide<\/a><\/li>\n<li><a href=\"http:\/\/www.allaboutcookies.org\/\">All About Cookies<\/a><\/li>\n<\/ul>\n<p>Pour plus d&rsquo;informations juridiques sur la vie priv\u00e9e, vous pouvez cliquer sur les liens suivants :<\/p>\n<ul>\n<li><a href=\"http:\/\/www.legislation.gov.uk\/ukpga\/1998\/29\/contents\">EU Legislation on Cookies<\/a><\/li>\n<li><a href=\"https:\/\/ico.org.uk\/\">The Information Commissioner&rsquo;s Office<\/a><\/li>\n<\/ul>\n<p>FORA Handelsgesellschaft mbH n&rsquo;est pas responsable du contenu des sites internet externes.<\/p>\n<p>Cette d\u00e9claration de cookie a \u00e9t\u00e9 publi\u00e9e le 23-06-2020.<br \/>\nNous essayons continuellement de la compl\u00e9ter et de l\u2019am\u00e9liorer.<br \/>\nNous vous recommandons donc de consulter r\u00e9guli\u00e8rement cette d\u00e9claration pour \u00eatre au courant des changements.<\/p>\n[\/vc_column_text][\/vc_column][\/vc_row]\n","protected":false},"excerpt":{"rendered":"<p>[vc_row][vc_column][vc_column_text css=\u00a0\u00bb.vc_custom_1592924799424{margin-bottom: 0px !important;}\u00a0\u00bb] Cookie Statement [\/vc_column_text][vc_column_text css=\u00a0\u00bb.vc_custom_1593006361317{margin-bottom: 0px !important;}\u00a0\u00bb] Qu&rsquo;est-ce qu&rsquo;un cookie ? Un cookie est un petit fichier texte que votre navigateur (par exemple Internet Explorer ou Safari) stocke sur votre appareil (par exemple, sur votre ordinateur ou votre t\u00e9l\u00e9phone). Ils permettent aux sites internet de stocker des informations utilisateur telles que les [&hellip;]<\/p>\n","protected":false},"author":4,"featured_media":0,"parent":0,"menu_order":0,"comment_status":"closed","ping_status":"closed","template":"","meta":{"inline_featured_image":false,"footnotes":""},"yoast_head":"<!-- This site is optimized with the Yoast SEO plugin v21.8 - https:\/\/yoast.com\/wordpress\/plugins\/seo\/ -->\n<title>Cookie Statement - FORA<\/title>\n<meta name=\"robots\" content=\"index, follow, max-snippet:-1, max-image-preview:large, max-video-preview:-1\" \/>\n<link rel=\"canonical\" href=\"https:\/\/www.foragroup.eu\/fr\/cookie-statement\/\" \/>\n<meta property=\"og:locale\" content=\"fr_FR\" \/>\n<meta property=\"og:type\" content=\"article\" \/>\n<meta property=\"og:title\" content=\"Cookie Statement - FORA\" \/>\n<meta property=\"og:description\" content=\"[vc_row][vc_column][vc_column_text css=\u00a0\u00bb.vc_custom_1592924799424{margin-bottom: 0px !important;}\u00a0\u00bb] Cookie Statement [\/vc_column_text][vc_column_text css=\u00a0\u00bb.vc_custom_1593006361317{margin-bottom: 0px !important;}\u00a0\u00bb] Qu&rsquo;est-ce qu&rsquo;un cookie ? Un cookie est un petit fichier texte que votre navigateur (par exemple Internet Explorer ou Safari) stocke sur votre appareil (par exemple, sur votre ordinateur ou votre t\u00e9l\u00e9phone). Ils permettent aux sites internet de stocker des informations utilisateur telles que les [&hellip;]\" \/>\n<meta property=\"og:url\" content=\"https:\/\/www.foragroup.eu\/fr\/cookie-statement\/\" \/>\n<meta property=\"og:site_name\" content=\"FORA\" \/>\n<meta property=\"article:modified_time\" content=\"2020-06-24T13:50:37+00:00\" \/>\n<meta name=\"twitter:label1\" content=\"Dur\u00e9e de lecture estim\u00e9e\" \/>\n\t<meta name=\"twitter:data1\" content=\"4 minutes\" \/>\n<script type=\"application\/ld+json\" class=\"yoast-schema-graph\">{\"@context\":\"https:\/\/schema.org\",\"@graph\":[{\"@type\":\"WebPage\",\"@id\":\"https:\/\/www.foragroup.eu\/fr\/cookie-statement\/\",\"url\":\"https:\/\/www.foragroup.eu\/fr\/cookie-statement\/\",\"name\":\"Cookie Statement - FORA\",\"isPartOf\":{\"@id\":\"https:\/\/www.foragroup.eu\/fr\/#website\"},\"datePublished\":\"2018-07-11T07:50:57+00:00\",\"dateModified\":\"2020-06-24T13:50:37+00:00\",\"breadcrumb\":{\"@id\":\"https:\/\/www.foragroup.eu\/fr\/cookie-statement\/#breadcrumb\"},\"inLanguage\":\"fr-FR\",\"potentialAction\":[{\"@type\":\"ReadAction\",\"target\":[\"https:\/\/www.foragroup.eu\/fr\/cookie-statement\/\"]}]},{\"@type\":\"BreadcrumbList\",\"@id\":\"https:\/\/www.foragroup.eu\/fr\/cookie-statement\/#breadcrumb\",\"itemListElement\":[{\"@type\":\"ListItem\",\"position\":1,\"name\":\"Home\",\"item\":\"https:\/\/www.foragroup.eu\/fr\/\"},{\"@type\":\"ListItem\",\"position\":2,\"name\":\"Cookie Statement\"}]},{\"@type\":\"WebSite\",\"@id\":\"https:\/\/www.foragroup.eu\/fr\/#website\",\"url\":\"https:\/\/www.foragroup.eu\/fr\/\",\"name\":\"FORA\",\"description\":\"Hoogwaardige verpakkingen en disposables\",\"potentialAction\":[{\"@type\":\"SearchAction\",\"target\":{\"@type\":\"EntryPoint\",\"urlTemplate\":\"https:\/\/www.foragroup.eu\/fr\/?s={search_term_string}\"},\"query-input\":\"required name=search_term_string\"}],\"inLanguage\":\"fr-FR\"}]}<\/script>\n<!-- \/ Yoast SEO plugin. -->","yoast_head_json":{"title":"Cookie Statement - FORA","robots":{"index":"index","follow":"follow","max-snippet":"max-snippet:-1","max-image-preview":"max-image-preview:large","max-video-preview":"max-video-preview:-1"},"canonical":"https:\/\/www.foragroup.eu\/fr\/cookie-statement\/","og_locale":"fr_FR","og_type":"article","og_title":"Cookie Statement - FORA","og_description":"[vc_row][vc_column][vc_column_text css=\u00a0\u00bb.vc_custom_1592924799424{margin-bottom: 0px !important;}\u00a0\u00bb] Cookie Statement [\/vc_column_text][vc_column_text css=\u00a0\u00bb.vc_custom_1593006361317{margin-bottom: 0px !important;}\u00a0\u00bb] Qu&rsquo;est-ce qu&rsquo;un cookie ? Un cookie est un petit fichier texte que votre navigateur (par exemple Internet Explorer ou Safari) stocke sur votre appareil (par exemple, sur votre ordinateur ou votre t\u00e9l\u00e9phone). Ils permettent aux sites internet de stocker des informations utilisateur telles que les [&hellip;]","og_url":"https:\/\/www.foragroup.eu\/fr\/cookie-statement\/","og_site_name":"FORA","article_modified_time":"2020-06-24T13:50:37+00:00","twitter_misc":{"Dur\u00e9e de lecture estim\u00e9e":"4 minutes"},"schema":{"@context":"https:\/\/schema.org","@graph":[{"@type":"WebPage","@id":"https:\/\/www.foragroup.eu\/fr\/cookie-statement\/","url":"https:\/\/www.foragroup.eu\/fr\/cookie-statement\/","name":"Cookie Statement - FORA","isPartOf":{"@id":"https:\/\/www.foragroup.eu\/fr\/#website"},"datePublished":"2018-07-11T07:50:57+00:00","dateModified":"2020-06-24T13:50:37+00:00","breadcrumb":{"@id":"https:\/\/www.foragroup.eu\/fr\/cookie-statement\/#breadcrumb"},"inLanguage":"fr-FR","potentialAction":[{"@type":"ReadAction","target":["https:\/\/www.foragroup.eu\/fr\/cookie-statement\/"]}]},{"@type":"BreadcrumbList","@id":"https:\/\/www.foragroup.eu\/fr\/cookie-statement\/#breadcrumb","itemListElement":[{"@type":"ListItem","position":1,"name":"Home","item":"https:\/\/www.foragroup.eu\/fr\/"},{"@type":"ListItem","position":2,"name":"Cookie Statement"}]},{"@type":"WebSite","@id":"https:\/\/www.foragroup.eu\/fr\/#website","url":"https:\/\/www.foragroup.eu\/fr\/","name":"FORA","description":"Hoogwaardige verpakkingen en disposables","potentialAction":[{"@type":"SearchAction","target":{"@type":"EntryPoint","urlTemplate":"https:\/\/www.foragroup.eu\/fr\/?s={search_term_string}"},"query-input":"required name=search_term_string"}],"inLanguage":"fr-FR"}]}},"_links":{"self":[{"href":"https:\/\/www.foragroup.eu\/fr\/wp-json\/wp\/v2\/pages\/3932"}],"collection":[{"href":"https:\/\/www.foragroup.eu\/fr\/wp-json\/wp\/v2\/pages"}],"about":[{"href":"https:\/\/www.foragroup.eu\/fr\/wp-json\/wp\/v2\/types\/page"}],"author":[{"embeddable":true,"href":"https:\/\/www.foragroup.eu\/fr\/wp-json\/wp\/v2\/users\/4"}],"replies":[{"embeddable":true,"href":"https:\/\/www.foragroup.eu\/fr\/wp-json\/wp\/v2\/comments?post=3932"}],"version-history":[{"count":2,"href":"https:\/\/www.foragroup.eu\/fr\/wp-json\/wp\/v2\/pages\/3932\/revisions"}],"predecessor-version":[{"id":4045,"href":"https:\/\/www.foragroup.eu\/fr\/wp-json\/wp\/v2\/pages\/3932\/revisions\/4045"}],"wp:attachment":[{"href":"https:\/\/www.foragroup.eu\/fr\/wp-json\/wp\/v2\/media?parent=3932"}],"curies":[{"name":"wp","href":"https:\/\/api.w.org\/{rel}","templated":true}]}}