{"id":3913,"date":"2019-08-29T10:25:32","date_gmt":"2019-08-29T08:25:32","guid":{"rendered":"https:\/\/www.foragroup.eu\/our-brands\/"},"modified":"2022-07-29T17:20:17","modified_gmt":"2022-07-29T15:20:17","slug":"onze-merken","status":"publish","type":"page","link":"https:\/\/www.foragroup.eu\/nl\/onze-merken\/","title":{"rendered":"Onze merken"},"content":{"rendered":"[mk_page_section min_height=&#8221;650&#8243; js_vertical_centered=&#8221;true&#8221; padding_top=&#8221;66&#8243; padding_bottom=&#8221;0&#8243; top_shape_color=&#8221;#ffffff&#8221; bottom_shape_color=&#8221;#ffffff&#8221; section_id=&#8221;privatelabel&#8221; sidebar=&#8221;sidebar-1&#8243;][vc_column width=&#8221;1\/2&#8243;][mk_padding_divider][mk_image src=&#8221;http:\/\/www.foragroup.eu\/wp-content\/uploads\/2020\/06\/fora_private-label2.png&#8221; image_size=&#8221;full&#8221; crop=&#8221;true&#8221;][\/vc_column][vc_column width=&#8221;1\/2&#8243;][mk_padding_divider][mk_fancy_title tag_name=&#8221;h1&#8243; color=&#8221;#1f1634&#8243; size=&#8221;44&#8243; margin_bottom=&#8221;18&#8243; font_family=&#8221;none&#8221;]Private Label[\/mk_fancy_title][mk_title_box color=&#8221;#553178&#8243; size=&#8221;22&#8243; line_height=&#8221;44&#8243; font_family=&#8221;none&#8221;]Het is ons doel is om uw categorie\u00ebn te optimaliseren. Of u nu kiest voor Private Label of een van onze merken, wij streven ernaar om de winst van uw categorie te verhogen. Wanneer u kiest voor een Private Label merk, adviseren wij u graag over het ontwerp, de assortimentssamenstelling en de productspecificaties![\/mk_title_box][mk_padding_divider][\/vc_column][\/mk_page_section][vc_row][vc_column][vc_column_text css=&#8221;.vc_custom_1592405131480{margin-bottom: 0px !important;}&#8221;]\n\t\t<style>\n\t\t\t#wpls-logo-showcase-slider-1 .wpls-fix-box,\n\t\t\t#wpls-logo-showcase-slider-1 .wpls-fix-box img.wp-post-image{max-height:250px; }\n\t\t<\/style>\n\n\t\t<div class=\"wpls-wrap wpls-logo-showcase-slider-wrp wpls-logo-clearfix wpls-design-1 \" data-conf=\"{&quot;slides_column&quot;:&quot;5&quot;,&quot;slides_scroll&quot;:1,&quot;dots&quot;:&quot;true&quot;,&quot;arrows&quot;:&quot;true&quot;,&quot;autoplay&quot;:&quot;true&quot;,&quot;autoplay_interval&quot;:3000,&quot;loop&quot;:&quot;true&quot;,&quot;rtl&quot;:&quot;false&quot;,&quot;speed&quot;:800,&quot;center_mode&quot;:&quot;true&quot;,&quot;lazyload&quot;:&quot;&quot;}\">\n\t\t\t<div class=\"wpls-logo-showcase logo_showcase wpls-logo-slider wpls-center sliderimage_hide_border \" id=\"wpls-logo-showcase-slider-1\" >\n\t\t\t\t<div class=\"wpls-logo-cnt\">\n\t<div class=\"wpls-fix-box\">\n\t\t\t\t<img class=\"wp-post-image\"  src=\"https:\/\/www.foragroup.eu\/wp-content\/uploads\/2020\/05\/fora-logo-ah.jpg\" alt=\"\" \/>\n\t\t\t<\/div>\n\t<\/div><div class=\"wpls-logo-cnt\">\n\t<div class=\"wpls-fix-box\">\n\t\t\t\t<img class=\"wp-post-image\"  src=\"https:\/\/www.foragroup.eu\/wp-content\/uploads\/2020\/05\/fora-logo-alio-aldi.jpg\" alt=\"\" \/>\n\t\t\t<\/div>\n\t<\/div><div class=\"wpls-logo-cnt\">\n\t<div class=\"wpls-fix-box\">\n\t\t\t\t<img class=\"wp-post-image\"  src=\"https:\/\/www.foragroup.eu\/wp-content\/uploads\/2020\/05\/fora-logo-aro.jpg\" alt=\"\" \/>\n\t\t\t<\/div>\n\t<\/div><div class=\"wpls-logo-cnt\">\n\t<div class=\"wpls-fix-box\">\n\t\t\t\t<img class=\"wp-post-image\"  src=\"https:\/\/www.foragroup.eu\/wp-content\/uploads\/2020\/05\/fora-logo-elembal.jpg\" alt=\"\" \/>\n\t\t\t<\/div>\n\t<\/div><div class=\"wpls-logo-cnt\">\n\t<div class=\"wpls-fix-box\">\n\t\t\t\t<img class=\"wp-post-image\"  src=\"https:\/\/www.foragroup.eu\/wp-content\/uploads\/2020\/05\/fora-logo-gwoon.jpg\" alt=\"\" \/>\n\t\t\t<\/div>\n\t<\/div><div class=\"wpls-logo-cnt\">\n\t<div class=\"wpls-fix-box\">\n\t\t\t\t<img class=\"wp-post-image\"  src=\"https:\/\/www.foragroup.eu\/wp-content\/uploads\/2020\/05\/fora-logo-wrapitt.jpg\" alt=\"\" \/>\n\t\t\t<\/div>\n\t<\/div><div class=\"wpls-logo-cnt\">\n\t<div class=\"wpls-fix-box\">\n\t\t\t\t<img class=\"wp-post-image\"  src=\"https:\/\/www.foragroup.eu\/wp-content\/uploads\/2020\/05\/fora-logo-zeeman.jpg\" alt=\"\" \/>\n\t\t\t<\/div>\n\t<\/div><div class=\"wpls-logo-cnt\">\n\t<div class=\"wpls-fix-box\">\n\t\t\t\t<img class=\"wp-post-image\"  src=\"https:\/\/www.foragroup.eu\/wp-content\/uploads\/2020\/06\/fora-logo-aromata-lidl.jpg\" alt=\"\" \/>\n\t\t\t<\/div>\n\t<\/div><div class=\"wpls-logo-cnt\">\n\t<div class=\"wpls-fix-box\">\n\t\t\t\t<img class=\"wp-post-image\"  src=\"https:\/\/www.foragroup.eu\/wp-content\/uploads\/2020\/06\/fora-logo-folia-aldi.jpg\" alt=\"\" \/>\n\t\t\t<\/div>\n\t<\/div><div class=\"wpls-logo-cnt\">\n\t<div class=\"wpls-fix-box\">\n\t\t\t\t<img class=\"wp-post-image\"  src=\"https:\/\/www.foragroup.eu\/wp-content\/uploads\/2020\/06\/fora-logo-gut-gunstig-edeka.jpg\" alt=\"\" \/>\n\t\t\t<\/div>\n\t<\/div><div class=\"wpls-logo-cnt\">\n\t<div class=\"wpls-fix-box\">\n\t\t\t\t<img class=\"wp-post-image\"  src=\"https:\/\/www.foragroup.eu\/wp-content\/uploads\/2020\/06\/fora-logo-jumbo2.jpg\" alt=\"\" \/>\n\t\t\t<\/div>\n\t<\/div><div class=\"wpls-logo-cnt\">\n\t<div class=\"wpls-fix-box\">\n\t\t\t\t<img class=\"wp-post-image\"  src=\"https:\/\/www.foragroup.eu\/wp-content\/uploads\/2020\/06\/fora-logo-kerl-kerler.jpg\" alt=\"\" \/>\n\t\t\t<\/div>\n\t<\/div><div class=\"wpls-logo-cnt\">\n\t<div class=\"wpls-fix-box\">\n\t\t\t\t<img class=\"wp-post-image\"  src=\"https:\/\/www.foragroup.eu\/wp-content\/uploads\/2020\/06\/fora-logo-priva-edeka.jpg\" alt=\"\" \/>\n\t\t\t<\/div>\n\t<\/div><div class=\"wpls-logo-cnt\">\n\t<div class=\"wpls-fix-box\">\n\t\t\t\t<img class=\"wp-post-image\"  src=\"https:\/\/www.foragroup.eu\/wp-content\/uploads\/2020\/06\/fora-logo-take-dis-sligro.jpg\" alt=\"\" \/>\n\t\t\t<\/div>\n\t<\/div><div class=\"wpls-logo-cnt\">\n\t<div class=\"wpls-fix-box\">\n\t\t\t\t<img class=\"wp-post-image\"  src=\"https:\/\/www.foragroup.eu\/wp-content\/uploads\/2020\/06\/fora-logo-korrekt.jpg\" alt=\"\" \/>\n\t\t\t<\/div>\n\t<\/div>\t\t\t<\/div>\n\t\t<\/div>\n\n\t\t[\/vc_column_text][mk_padding_divider size=&#8221;200&#8243;][\/vc_column][\/vc_row][vc_row fullwidth=&#8221;true&#8221; fullwidth_content=&#8221;false&#8221;][vc_column][mk_fancy_title tag_name=&#8221;h1&#8243; color=&#8221;#1f1634&#8243; size=&#8221;44&#8243; margin_bottom=&#8221;0&#8243; font_family=&#8221;none&#8221; align=&#8221;center&#8221;]\n<p style=\"text-align: center;\">Onze merken<\/p>\n[\/mk_fancy_title][vc_separator color=&#8221;custom&#8221; border_width=&#8221;3&#8243; accent_color=&#8221;#a3c962&#8243;][\/vc_column][\/vc_row][mk_page_section js_vertical_centered=&#8221;true&#8221; padding_top=&#8221;0&#8243; padding_bottom=&#8221;0&#8243; top_shape_color=&#8221;#ffffff&#8221; bottom_shape_color=&#8221;#ffffff&#8221; section_id=&#8221;privatelabel&#8221; sidebar=&#8221;sidebar-1&#8243;][vc_column width=&#8221;1\/2&#8243;][mk_padding_divider][vc_column_text disable_pattern=&#8221;false&#8221; css=&#8221;.vc_custom_1601637589138{margin-bottom: 0px !important;}&#8221;]Of u nu Dumil of Julia kiest voor uw totale assortiment of misschien wel als A-merk naast uw eigen merk, met onze merken verhogen wij het rendement in uw categorie. Daarnaast hebben we met ons merk Smile een merk voor het budgetsegment onder Private label. Lees hieronder meer over onze merken.[\/vc_column_text][\/vc_column][vc_column width=&#8221;1\/2&#8243;][mk_image src=&#8221;http:\/\/www.foragroup.eu\/wp-content\/uploads\/2019\/08\/onze-merken-2.png&#8221; image_size=&#8221;full&#8221; crop=&#8221;true&#8221;][\/vc_column][\/mk_page_section][vc_row][vc_column][mk_padding_divider size=&#8221;100&#8243;][\/vc_column][\/vc_row][mk_page_section bg_color=&#8221;rgba(67,178,176,0.32)&#8221; bg_repeat=&#8221;no-repeat&#8221; bg_stretch=&#8221;true&#8221; padding_top=&#8221;100&#8243; padding_bottom=&#8221;0&#8243; top_shape_color=&#8221;#ffffff&#8221; bottom_shape_color=&#8221;#ffffff&#8221; section_id=&#8221;Dumil&#8221; sidebar=&#8221;sidebar-1&#8243;][vc_column][vc_single_image image=&#8221;870&#8243; img_size=&#8221;full&#8221; alignment=&#8221;center&#8221;][vc_single_image image=&#8221;779&#8243; img_size=&#8221;medium&#8221; alignment=&#8221;center&#8221; css=&#8221;.vc_custom_1567073093633{margin-top: -33px !important;}&#8221;][\/vc_column][\/mk_page_section][mk_page_section bg_color=&#8221;rgba(67,178,176,0.32)&#8221; bg_repeat=&#8221;no-repeat&#8221; bg_stretch=&#8221;true&#8221; padding_top=&#8221;11&#8243; padding_bottom=&#8221;11&#8243; top_shape_color=&#8221;#ffffff&#8221; bottom_shape_color=&#8221;#ffffff&#8221; section_id=&#8221;Dumil&#8221; sidebar=&#8221;sidebar-1&#8243;][vc_column width=&#8221;2\/3&#8243;][vc_single_image image=&#8221;2866&#8243; img_size=&#8221;900&#215;420&#8243; alignment=&#8221;center&#8221;][mk_padding_divider][\/vc_column][vc_column width=&#8221;1\/3&#8243;][vc_column_text css=&#8221;.vc_custom_1595489510983{margin-bottom: 0px !important;}&#8221;]\n<p style=\"text-align: left;\">Met Dumil willen we het huishouden makkelijker, meer verantwoord en leuker maken. Daarom brengen we met Dumil praktische en betrouwbare producten op de markt. Dankzij een grootschalig verpakkingsonderzoek weet Dumil zich te onderscheiden in de schappen door een opvallend, uniform en duidelijk verpakkingsontwerp. Als merk is Dumil nauw met haar consumenten verbonden door middel van Social media campagnes en merkactivaties.<\/p>\n[\/vc_column_text][\/vc_column][\/mk_page_section][mk_page_section bg_color=&#8221;rgba(67,178,176,0.32)&#8221; bg_repeat=&#8221;no-repeat&#8221; bg_stretch=&#8221;true&#8221; padding_top=&#8221;0&#8243; padding_bottom=&#8221;100&#8243; top_shape_color=&#8221;#ffffff&#8221; bottom_shape_color=&#8221;#ffffff&#8221; section_id=&#8221;Dumil&#8221; sidebar=&#8221;sidebar-1&#8243;][vc_column][vc_row_inner][vc_column_inner width=&#8221;3\/6&#8243;][mk_fancy_title tag_name=&#8221;h3&#8243; color=&#8221;#1d1a34&#8243; size=&#8221;24&#8243; force_font_size=&#8221;true&#8221; size_tablet=&#8221;16&#8243; size_phone=&#8221;20&#8243; font_weight=&#8221;300&#8243; letter_spacing=&#8221;1&#8243; margin_bottom=&#8221;0&#8243; font_family=&#8221;none&#8221; align=&#8221;center&#8221;]\n<p style=\"text-align: right;\">Meer weten?<br \/>\nVolg Dumil op Social media:<\/p>\n[\/mk_fancy_title][\/vc_column_inner][vc_column_inner width=&#8221;1\/6&#8243;][mk_image src=&#8221;http:\/\/www.foragroup.eu\/wp-content\/uploads\/2017\/05\/dumil_xs.png&#8221; image_size=&#8221;full&#8221; align=&#8221;center&#8221;][mk_padding_divider size=&#8221;22&#8243;][mk_button dimension=&#8221;flat&#8221; corner_style=&#8221;full_rounded&#8221; size=&#8221;medium&#8221; url=&#8221;http:\/\/dumil.nl\/&#8221; target=&#8221;_blank&#8221; align=&#8221;center&#8221; fullwidth=&#8221;true&#8221; bg_color=&#8221;#ce0e2b&#8221; btn_hover_bg=&#8221;#515151&#8243;]www.dumil.nl[\/mk_button][\/vc_column_inner][vc_column_inner width=&#8221;1\/6&#8243;][mk_image src=&#8221;http:\/\/www.foragroup.eu\/wp-content\/uploads\/2017\/05\/fb-icon2.png&#8221; image_size=&#8221;full&#8221; align=&#8221;center&#8221;][mk_padding_divider size=&#8221;22&#8243;][mk_button dimension=&#8221;flat&#8221; corner_style=&#8221;full_rounded&#8221; size=&#8221;medium&#8221; url=&#8221;https:\/\/www.facebook.com\/mijndumil\/&#8221; target=&#8221;_blank&#8221; align=&#8221;center&#8221; fullwidth=&#8221;true&#8221; bg_color=&#8221;#ce0e2b&#8221; btn_hover_bg=&#8221;#515151&#8243;]Facebook[\/mk_button][\/vc_column_inner][vc_column_inner width=&#8221;1\/6&#8243;][mk_image src=&#8221;http:\/\/www.foragroup.eu\/wp-content\/uploads\/2017\/05\/youtube_icon.png&#8221; image_size=&#8221;full&#8221; align=&#8221;center&#8221;][mk_padding_divider size=&#8221;22&#8243;][mk_button dimension=&#8221;flat&#8221; corner_style=&#8221;full_rounded&#8221; size=&#8221;medium&#8221; url=&#8221;https:\/\/www.youtube.com\/channel\/UCe8SQvcByodUy20YzvKqQ0Q&#8221; target=&#8221;_blank&#8221; align=&#8221;center&#8221; fullwidth=&#8221;true&#8221; bg_color=&#8221;#ce0e2b&#8221; btn_hover_bg=&#8221;#515151&#8243;]YouTube[\/mk_button][\/vc_column_inner][\/vc_row_inner][\/vc_column][\/mk_page_section][vc_section][vc_row fullwidth=&#8221;true&#8221; fullwidth_content=&#8221;false&#8221; equal_columns=&#8221;true&#8221; css=&#8221;.vc_custom_1591256474931{padding-top: 99px !important;padding-bottom: 15px !important;background-image: url(http:\/\/www.foragroup.eu\/wp-content\/uploads\/2019\/08\/achtergrond-patroon-web-2.png?id=2322) !important;background-position: center !important;background-repeat: no-repeat !important;background-size: cover !important;}&#8221; id=&#8221;julia&#8221;][vc_column width=&#8221;1\/3&#8243;][vc_single_image image=&#8221;2221&#8243; img_size=&#8221;full&#8221;][vc_column_text css=&#8221;.vc_custom_1595489917057{margin-bottom: 0px !important;}&#8221;]Julia heeft een frisse en eigentijdse uitstraling, dat opvalt in het schap. Met haar persoonlijke touch komt ze betrouwbaar over, what you see is what you get. Julia helpt in het huishouden en is altijd op zoek naar nieuwe slimme producten, die passen bij de behoeften van de consument of die de consument blij verrassen. Julia voegt hierdoor waarde toe in uw categorie.[\/vc_column_text][mk_padding_divider size=&#8221;54&#8243;][\/vc_column][vc_column width=&#8221;2\/3&#8243;][mk_padding_divider size=&#8221;51&#8243;][vc_single_image image=&#8221;3671&#8243; img_size=&#8221;full&#8221; alignment=&#8221;center&#8221;][\/vc_column][\/vc_row][vc_row css=&#8221;.vc_custom_1591256418387{padding-bottom: 99px !important;}&#8221;][vc_column width=&#8221;3\/6&#8243;][mk_fancy_title tag_name=&#8221;h3&#8243; color=&#8221;#1d1a34&#8243; size=&#8221;24&#8243; force_font_size=&#8221;true&#8221; size_tablet=&#8221;16&#8243; size_phone=&#8221;20&#8243; font_weight=&#8221;300&#8243; letter_spacing=&#8221;1&#8243; margin_bottom=&#8221;0&#8243; font_family=&#8221;none&#8221; align=&#8221;center&#8221;]\n<p style=\"text-align: right;\">Meer weten?<br \/>\nVolg Julia op social media:<\/p>\n[\/mk_fancy_title][\/vc_column][vc_column width=&#8221;1\/6&#8243;][mk_image src=&#8221;http:\/\/www.foragroup.eu\/wp-content\/uploads\/2019\/10\/julia-link.png&#8221; image_size=&#8221;full&#8221; align=&#8221;center&#8221;][mk_padding_divider size=&#8221;22&#8243;][mk_button dimension=&#8221;flat&#8221; corner_style=&#8221;full_rounded&#8221; size=&#8221;medium&#8221; url=&#8221;https:\/\/www.juliahousehold.com\/&#8221; target=&#8221;_blank&#8221; align=&#8221;center&#8221; fullwidth=&#8221;true&#8221; bg_color=&#8221;#1d1a34&#8243; btn_hover_bg=&#8221;#515151&#8243;]juliahousehold[\/mk_button][\/vc_column][vc_column width=&#8221;1\/6&#8243;][mk_image src=&#8221;http:\/\/www.foragroup.eu\/wp-content\/uploads\/2019\/10\/fb-icon2julia.png&#8221; image_size=&#8221;full&#8221; align=&#8221;center&#8221;][mk_padding_divider size=&#8221;22&#8243;][mk_button dimension=&#8221;flat&#8221; corner_style=&#8221;full_rounded&#8221; size=&#8221;medium&#8221; url=&#8221;https:\/\/www.facebook.com\/juliahouseholdfrance&#8221; target=&#8221;_blank&#8221; align=&#8221;center&#8221; fullwidth=&#8221;true&#8221; bg_color=&#8221;#1d1a34&#8243; btn_hover_bg=&#8221;#515151&#8243;]Facebook[\/mk_button][\/vc_column][vc_column width=&#8221;1\/6&#8243;][\/vc_column][\/vc_row][\/vc_section][vc_row fullwidth=&#8221;true&#8221; fullwidth_content=&#8221;false&#8221; css=&#8221;.vc_custom_1589445320906{padding-top: 99px !important;padding-bottom: 99px !important;background-image: url(http:\/\/www.foragroup.eu\/wp-content\/uploads\/2020\/05\/smile-bg.jpg?id=3439) !important;background-position: center !important;background-repeat: no-repeat !important;background-size: cover !important;}&#8221; id=&#8221;smile&#8221;][vc_column width=&#8221;2\/3&#8243;][vc_single_image image=&#8221;3675&#8243; img_size=&#8221;full&#8221;][\/vc_column][vc_column width=&#8221;1\/3&#8243; css=&#8221;.vc_custom_1589445649507{background-color: #1d5596 !important;}&#8221;][mk_padding_divider size=&#8221;66&#8243;][vc_single_image image=&#8221;3443&#8243; img_size=&#8221;full&#8221;][vc_column_text css=&#8221;.vc_custom_1595490211262{margin-bottom: 0px !important;}&#8221;]<span style=\"font-size: 10.5pt; line-height: 107%; font-family: 'Segoe UI',sans-serif;\"><span style=\"color: #ffffff;\">Om alle segmenten binnen de categorie in te kunnen vullen, hebben wij ook het budgetmerk Smile in ons portfolio. Een merk waarmee u met basis artikelen prijsgeori\u00ebnteerde consumenten optimaal bedient.<\/span> <\/span>[\/vc_column_text][\/vc_column][\/vc_row][vc_row css=&#8221;.vc_custom_1567077963703{padding-top: 66px !important;padding-bottom: 66px !important;}&#8221;][vc_column width=&#8221;1\/4&#8243;][\/vc_column][vc_column width=&#8221;1\/2&#8243;][vc_column_text css=&#8221;.vc_custom_1595490143204{margin-bottom: 0px !important;}&#8221;]\n<h3 style=\"text-align: center;\">Bent u ge\u00efnteresseerd in \u00e9\u00e9n van onze merken of wilt u advies over het private label assortiment? Neem vrijblijvend contact met ons op.<\/h3>\n[\/vc_column_text][mk_button dimension=&#8221;flat&#8221; corner_style=&#8221;rounded&#8221; size=&#8221;medium&#8221; url=&#8221;https:\/\/www.foragroup.eu\/nl\/contact\/&#8221; align=&#8221;center&#8221; btn_hover_bg=&#8221;#06b4cf&#8221;]Contact \u00bb[\/mk_button][\/vc_column][vc_column width=&#8221;1\/4&#8243;][\/vc_column][\/vc_row]\n","protected":false},"excerpt":{"rendered":"<p>[mk_page_section min_height=&#8221;650&#8243; js_vertical_centered=&#8221;true&#8221; padding_top=&#8221;66&#8243; padding_bottom=&#8221;0&#8243; top_shape_color=&#8221;#ffffff&#8221; bottom_shape_color=&#8221;#ffffff&#8221; section_id=&#8221;privatelabel&#8221; sidebar=&#8221;sidebar-1&#8243;][vc_column width=&#8221;1\/2&#8243;][mk_padding_divider][mk_image src=&#8221;http:\/\/www.foragroup.eu\/wp-content\/uploads\/2020\/06\/fora_private-label2.png&#8221; image_size=&#8221;full&#8221; crop=&#8221;true&#8221;][\/vc_column][vc_column width=&#8221;1\/2&#8243;][mk_padding_divider][mk_fancy_title tag_name=&#8221;h1&#8243; color=&#8221;#1f1634&#8243; size=&#8221;44&#8243; margin_bottom=&#8221;18&#8243; font_family=&#8221;none&#8221;]Private Label[\/mk_fancy_title][mk_title_box color=&#8221;#553178&#8243; size=&#8221;22&#8243; line_height=&#8221;44&#8243; font_family=&#8221;none&#8221;]Het is ons doel is om uw categorie\u00ebn te optimaliseren. Of u nu kiest voor Private Label of een van onze merken, wij streven ernaar om de winst van uw categorie te [&hellip;]<\/p>\n","protected":false},"author":4,"featured_media":0,"parent":0,"menu_order":3,"comment_status":"closed","ping_status":"closed","template":"","meta":{"inline_featured_image":false,"footnotes":""},"yoast_head":"<!-- This site is optimized with the Yoast SEO plugin v21.8 - https:\/\/yoast.com\/wordpress\/plugins\/seo\/ -->\n<title>Onze merken - Pack-It<\/title>\n<meta name=\"robots\" content=\"index, follow, max-snippet:-1, max-image-preview:large, max-video-preview:-1\" \/>\n<link rel=\"canonical\" href=\"https:\/\/www.foragroup.eu\/nl\/onze-merken\/\" \/>\n<meta property=\"og:locale\" content=\"nl_NL\" \/>\n<meta property=\"og:type\" content=\"article\" \/>\n<meta property=\"og:title\" content=\"Onze merken - Pack-It\" \/>\n<meta property=\"og:description\" content=\"[mk_page_section min_height=&#8221;650&#8243; js_vertical_centered=&#8221;true&#8221; padding_top=&#8221;66&#8243; padding_bottom=&#8221;0&#8243; top_shape_color=&#8221;#ffffff&#8221; bottom_shape_color=&#8221;#ffffff&#8221; section_id=&#8221;privatelabel&#8221; sidebar=&#8221;sidebar-1&#8243;][vc_column width=&#8221;1\/2&#8243;][mk_padding_divider][mk_image src=&#8221;http:\/\/www.foragroup.eu\/wp-content\/uploads\/2020\/06\/fora_private-label2.png&#8221; image_size=&#8221;full&#8221; crop=&#8221;true&#8221;][\/vc_column][vc_column width=&#8221;1\/2&#8243;][mk_padding_divider][mk_fancy_title tag_name=&#8221;h1&#8243; color=&#8221;#1f1634&#8243; size=&#8221;44&#8243; margin_bottom=&#8221;18&#8243; font_family=&#8221;none&#8221;]Private Label[\/mk_fancy_title][mk_title_box color=&#8221;#553178&#8243; size=&#8221;22&#8243; line_height=&#8221;44&#8243; font_family=&#8221;none&#8221;]Het is ons doel is om uw categorie\u00ebn te optimaliseren. Of u nu kiest voor Private Label of een van onze merken, wij streven ernaar om de winst van uw categorie te [&hellip;]\" \/>\n<meta property=\"og:url\" content=\"https:\/\/www.foragroup.eu\/nl\/onze-merken\/\" \/>\n<meta property=\"og:site_name\" content=\"Pack-It\" \/>\n<meta property=\"article:modified_time\" content=\"2022-07-29T15:20:17+00:00\" \/>\n<meta name=\"twitter:label1\" content=\"Geschatte leestijd\" \/>\n\t<meta name=\"twitter:data1\" content=\"3 minuten\" \/>\n<script type=\"application\/ld+json\" class=\"yoast-schema-graph\">{\"@context\":\"https:\/\/schema.org\",\"@graph\":[{\"@type\":\"WebPage\",\"@id\":\"https:\/\/www.foragroup.eu\/nl\/onze-merken\/\",\"url\":\"https:\/\/www.foragroup.eu\/nl\/onze-merken\/\",\"name\":\"Onze merken - Pack-It\",\"isPartOf\":{\"@id\":\"https:\/\/www.foragroup.eu\/nl\/#website\"},\"datePublished\":\"2019-08-29T08:25:32+00:00\",\"dateModified\":\"2022-07-29T15:20:17+00:00\",\"breadcrumb\":{\"@id\":\"https:\/\/www.foragroup.eu\/nl\/onze-merken\/#breadcrumb\"},\"inLanguage\":\"nl-NL\",\"potentialAction\":[{\"@type\":\"ReadAction\",\"target\":[\"https:\/\/www.foragroup.eu\/nl\/onze-merken\/\"]}]},{\"@type\":\"BreadcrumbList\",\"@id\":\"https:\/\/www.foragroup.eu\/nl\/onze-merken\/#breadcrumb\",\"itemListElement\":[{\"@type\":\"ListItem\",\"position\":1,\"name\":\"Home\",\"item\":\"https:\/\/www.foragroup.eu\/nl\/\"},{\"@type\":\"ListItem\",\"position\":2,\"name\":\"Onze merken\"}]},{\"@type\":\"WebSite\",\"@id\":\"https:\/\/www.foragroup.eu\/nl\/#website\",\"url\":\"https:\/\/www.foragroup.eu\/nl\/\",\"name\":\"Pack-It\",\"description\":\"Hoogwaardige verpakkingen en disposables\",\"potentialAction\":[{\"@type\":\"SearchAction\",\"target\":{\"@type\":\"EntryPoint\",\"urlTemplate\":\"https:\/\/www.foragroup.eu\/nl\/?s={search_term_string}\"},\"query-input\":\"required name=search_term_string\"}],\"inLanguage\":\"nl-NL\"}]}<\/script>\n<!-- \/ Yoast SEO plugin. -->","yoast_head_json":{"title":"Onze merken - Pack-It","robots":{"index":"index","follow":"follow","max-snippet":"max-snippet:-1","max-image-preview":"max-image-preview:large","max-video-preview":"max-video-preview:-1"},"canonical":"https:\/\/www.foragroup.eu\/nl\/onze-merken\/","og_locale":"nl_NL","og_type":"article","og_title":"Onze merken - Pack-It","og_description":"[mk_page_section min_height=&#8221;650&#8243; js_vertical_centered=&#8221;true&#8221; padding_top=&#8221;66&#8243; padding_bottom=&#8221;0&#8243; top_shape_color=&#8221;#ffffff&#8221; bottom_shape_color=&#8221;#ffffff&#8221; section_id=&#8221;privatelabel&#8221; sidebar=&#8221;sidebar-1&#8243;][vc_column width=&#8221;1\/2&#8243;][mk_padding_divider][mk_image src=&#8221;http:\/\/www.foragroup.eu\/wp-content\/uploads\/2020\/06\/fora_private-label2.png&#8221; image_size=&#8221;full&#8221; crop=&#8221;true&#8221;][\/vc_column][vc_column width=&#8221;1\/2&#8243;][mk_padding_divider][mk_fancy_title tag_name=&#8221;h1&#8243; color=&#8221;#1f1634&#8243; size=&#8221;44&#8243; margin_bottom=&#8221;18&#8243; font_family=&#8221;none&#8221;]Private Label[\/mk_fancy_title][mk_title_box color=&#8221;#553178&#8243; size=&#8221;22&#8243; line_height=&#8221;44&#8243; font_family=&#8221;none&#8221;]Het is ons doel is om uw categorie\u00ebn te optimaliseren. Of u nu kiest voor Private Label of een van onze merken, wij streven ernaar om de winst van uw categorie te [&hellip;]","og_url":"https:\/\/www.foragroup.eu\/nl\/onze-merken\/","og_site_name":"Pack-It","article_modified_time":"2022-07-29T15:20:17+00:00","twitter_misc":{"Geschatte leestijd":"3 minuten"},"schema":{"@context":"https:\/\/schema.org","@graph":[{"@type":"WebPage","@id":"https:\/\/www.foragroup.eu\/nl\/onze-merken\/","url":"https:\/\/www.foragroup.eu\/nl\/onze-merken\/","name":"Onze merken - Pack-It","isPartOf":{"@id":"https:\/\/www.foragroup.eu\/nl\/#website"},"datePublished":"2019-08-29T08:25:32+00:00","dateModified":"2022-07-29T15:20:17+00:00","breadcrumb":{"@id":"https:\/\/www.foragroup.eu\/nl\/onze-merken\/#breadcrumb"},"inLanguage":"nl-NL","potentialAction":[{"@type":"ReadAction","target":["https:\/\/www.foragroup.eu\/nl\/onze-merken\/"]}]},{"@type":"BreadcrumbList","@id":"https:\/\/www.foragroup.eu\/nl\/onze-merken\/#breadcrumb","itemListElement":[{"@type":"ListItem","position":1,"name":"Home","item":"https:\/\/www.foragroup.eu\/nl\/"},{"@type":"ListItem","position":2,"name":"Onze merken"}]},{"@type":"WebSite","@id":"https:\/\/www.foragroup.eu\/nl\/#website","url":"https:\/\/www.foragroup.eu\/nl\/","name":"Pack-It","description":"Hoogwaardige verpakkingen en disposables","potentialAction":[{"@type":"SearchAction","target":{"@type":"EntryPoint","urlTemplate":"https:\/\/www.foragroup.eu\/nl\/?s={search_term_string}"},"query-input":"required name=search_term_string"}],"inLanguage":"nl-NL"}]}},"_links":{"self":[{"href":"https:\/\/www.foragroup.eu\/nl\/wp-json\/wp\/v2\/pages\/3913"}],"collection":[{"href":"https:\/\/www.foragroup.eu\/nl\/wp-json\/wp\/v2\/pages"}],"about":[{"href":"https:\/\/www.foragroup.eu\/nl\/wp-json\/wp\/v2\/types\/page"}],"author":[{"embeddable":true,"href":"https:\/\/www.foragroup.eu\/nl\/wp-json\/wp\/v2\/users\/4"}],"replies":[{"embeddable":true,"href":"https:\/\/www.foragroup.eu\/nl\/wp-json\/wp\/v2\/comments?post=3913"}],"version-history":[{"count":5,"href":"https:\/\/www.foragroup.eu\/nl\/wp-json\/wp\/v2\/pages\/3913\/revisions"}],"predecessor-version":[{"id":5352,"href":"https:\/\/www.foragroup.eu\/nl\/wp-json\/wp\/v2\/pages\/3913\/revisions\/5352"}],"wp:attachment":[{"href":"https:\/\/www.foragroup.eu\/nl\/wp-json\/wp\/v2\/media?parent=3913"}],"curies":[{"name":"wp","href":"https:\/\/api.w.org\/{rel}","templated":true}]}}